{"id":9969,"date":"2026-04-11T15:59:42","date_gmt":"2026-04-11T15:59:42","guid":{"rendered":"https:\/\/www.haidvogl.at\/?page_id=9969"},"modified":"2026-04-11T15:59:42","modified_gmt":"2026-04-11T15:59:42","slug":"hs180-2","status":"publish","type":"page","link":"https:\/\/www.haidvogl.at\/index.php\/hs180-2\/","title":{"rendered":"HS180"},"content":{"rendered":"<p>[et_pb_section fb_built=&#8220;1&#8243; _builder_version=&#8220;4.27.3&#8243; _module_preset=&#8220;default&#8220; background_color=&#8220;#303030&#8243; custom_padding=&#8220;||16px|||&#8220; global_colors_info=&#8220;{}&#8220;][et_pb_row _builder_version=&#8220;4.27.3&#8243; _module_preset=&#8220;default&#8220; global_colors_info=&#8220;{}&#8220;][et_pb_column type=&#8220;4_4&#8243; _builder_version=&#8220;4.22.1&#8243; _module_preset=&#8220;default&#8220; global_colors_info=&#8220;{}&#8220;][et_pb_text _builder_version=&#8220;4.27.3&#8243; _module_preset=&#8220;7c7124e3-4c91-4b2a-95a7-240d73fb42d0&#8243; header_4_text_color=&#8220;gcid-afa30cf2-6f5d-4b9c-aa39-7dbe1ac3b7a3&#8243; text_orientation=&#8220;center&#8220; global_colors_info=&#8220;{%22gcid-afa30cf2-6f5d-4b9c-aa39-7dbe1ac3b7a3%22:%91%22header_4_text_color%22%93}&#8220;]<\/p>\n<h4>Produkte<\/h4>\n<p>[\/et_pb_text][et_pb_text _builder_version=&#8220;4.27.3&#8243; _module_preset=&#8220;83fe4b49-b4da-4557-bb01-47b2492f14c4&#8243; text_font_size=&#8220;8px&#8220; header_text_color=&#8220;#FFFFFF&#8220; text_orientation=&#8220;center&#8220; custom_margin=&#8220;||-4px|||&#8220; global_colors_info=&#8220;{}&#8220;]<\/p>\n<h1 style=\"text-align: center;\">HS180<\/h1>\n<p>[\/et_pb_text][\/et_pb_column][\/et_pb_row][\/et_pb_section][et_pb_section fb_built=&#8220;1&#8243; _builder_version=&#8220;4.27.3&#8243; _module_preset=&#8220;default&#8220; background_color=&#8220;#303030&#8243; custom_padding=&#8220;0px||6px|||&#8220; global_colors_info=&#8220;{}&#8220;][et_pb_row _builder_version=&#8220;4.27.3&#8243; _module_preset=&#8220;default&#8220; custom_padding=&#8220;13px||3px|||&#8220; global_colors_info=&#8220;{}&#8220;][et_pb_column type=&#8220;4_4&#8243; _builder_version=&#8220;4.27.3&#8243; _module_preset=&#8220;default&#8220; global_colors_info=&#8220;{}&#8220;][et_pb_text _builder_version=&#8220;4.27.4&#8243; _module_preset=&#8220;default&#8220; text_text_color=&#8220;#FFFFFF&#8220; custom_padding=&#8220;0px||0px|||&#8220; global_colors_info=&#8220;{}&#8220;]<\/p>\n<p style=\"text-align: center;\">Diese au\u00dfergew\u00f6hnlichen HiFi-Lautsprecher vereinen modernste Technologie mit einem klassischen Nussholz-Design.<br \/>Jedes Paar wird mit h\u00f6chster Pr\u00e4zision in unserem Haus gefertigt und bietet Ihnen die Flexibilit\u00e4t, Ihre Lieblingsmusik in un\u00fcbertroffener Klangqualit\u00e4t zu genie\u00dfen. Dank der sorgf\u00e4ltig ausgew\u00e4hlten H\u00f6lzern garantieren diese Lautsprecher ein Klangerlebnis, das sowohl die tiefen T\u00f6ne als auch die hohen Frequenzen perfekt zur Geltung bringt.<\/p>\n<p style=\"text-align: center;\">\n<p>[\/et_pb_text][\/et_pb_column][\/et_pb_row][et_pb_row _builder_version=&#8220;4.27.4&#8243; _module_preset=&#8220;default&#8220;][et_pb_column _builder_version=&#8220;4.27.4&#8243; _module_preset=&#8220;default&#8220; type=&#8220;4_4&#8243;][et_pb_image src=&#8220;https:\/\/www.haidvogl.at\/wp-content\/uploads\/2026\/04\/HS180.jpg&#8220; _builder_version=&#8220;4.27.4&#8243; _module_preset=&#8220;default&#8220; alt=&#8220;Haidvogl-Audio&#8220; title_text=&#8220;HS180 Lautsprecher&#8220; hover_enabled=&#8220;0&#8243; sticky_enabled=&#8220;0&#8243; border_radii=&#8220;on|15px|15px|15px|15px&#8220;][\/et_pb_image][et_pb_text _builder_version=&#8220;4.27.4&#8243; _module_preset=&#8220;default&#8220; hover_enabled=&#8220;0&#8243; sticky_enabled=&#8220;0&#8243; custom_padding=&#8220;0px||5px|||&#8220; text_text_color=&#8220;#FFFFFF&#8220;]<\/p>\n<p style=\"text-align: center;\">Diese Lautsprecher werden nur auf Kundenwunsch gefertigt, eine individuelle Holzauswahl ist daher m\u00f6glich.<\/p>\n<p>[\/et_pb_text][\/et_pb_column][\/et_pb_row][et_pb_row _builder_version=&#8220;4.27.3&#8243; _module_preset=&#8220;default&#8220; custom_margin=&#8220;-6px|auto||auto||&#8220; custom_padding=&#8220;2px|||||&#8220; global_colors_info=&#8220;{}&#8220;][et_pb_column type=&#8220;4_4&#8243; _builder_version=&#8220;4.27.3&#8243; _module_preset=&#8220;default&#8220; global_colors_info=&#8220;{}&#8220;][et_pb_image src=&#8220;https:\/\/www.haidvogl.at\/wp-content\/uploads\/2026\/04\/HS180paar.jpg&#8220; alt=&#8220;Haidvogl-Audio&#8220; title_text=&#8220;HS180 Lautsprecher Paar&#8220; align=&#8220;center&#8220; _builder_version=&#8220;4.27.4&#8243; _module_preset=&#8220;default&#8220; hover_enabled=&#8220;0&#8243; border_radii=&#8220;on|15px|15px|15px|15px&#8220; global_colors_info=&#8220;{}&#8220; sticky_enabled=&#8220;0&#8243;][\/et_pb_image][\/et_pb_column][\/et_pb_row][et_pb_row _builder_version=&#8220;4.27.3&#8243; _module_preset=&#8220;default&#8220; global_colors_info=&#8220;{}&#8220;][et_pb_column type=&#8220;4_4&#8243; _builder_version=&#8220;4.27.3&#8243; _module_preset=&#8220;default&#8220; global_colors_info=&#8220;{}&#8220;][et_pb_text _builder_version=&#8220;4.27.3&#8243; _module_preset=&#8220;default&#8220; text_text_color=&#8220;#FFFFFF&#8220; global_colors_info=&#8220;{}&#8220;]<\/p>\n<p style=\"text-align: center;\"><strong>Allgemein<\/strong><br \/>Modell: HS180<br \/>Typ: Lautsprecher<br \/>Design: Klassisch<\/p>\n<p style=\"text-align: center;\"><strong>Professionelle Anschl\u00fcsse<\/strong><br \/>Hochwertige vergoldete Anschl\u00fcsse sorgen f\u00fcr eine perfekte Verbindung zu Ihren Klangquellen.<br \/>Die Lautsprecherkabel k\u00f6nnen sowohl geklemmt als auch mit Bananensteckern angeschlossen werden.<\/p>\n<p>[\/et_pb_text][\/et_pb_column][\/et_pb_row][et_pb_row _builder_version=&#8220;4.27.3&#8243; _module_preset=&#8220;default&#8220; global_colors_info=&#8220;{}&#8220;][et_pb_column type=&#8220;4_4&#8243; _builder_version=&#8220;4.27.3&#8243; _module_preset=&#8220;default&#8220; global_colors_info=&#8220;{}&#8220;][et_pb_text _builder_version=&#8220;4.27.4&#8243; _module_preset=&#8220;default&#8220; text_text_color=&#8220;#FFFFFF&#8220; custom_padding=&#8220;||||false|false&#8220; global_colors_info=&#8220;{}&#8220;]<\/p>\n<p><strong>Technische Daten<\/strong><br \/>Impedanz: 8 Ohm<br \/>Belastbarkeit: Die Langzeitbelastbarkeit (RMS) betr\u00e4gt 200 Watt (Tieft\u00f6ner) und 180 Watt (Hocht\u00f6ner)<\/p>\n<p style=\"text-align: left;\">Die koaxial angeordnete, vorbeschichtete Gewebekalotte des Hocht\u00f6ners hat eine niedrige Resonanzfrequenz und integriert sich mit dem Konustreiber zu einer Punktschallquelle.<br \/>Die Membran des Tieft\u00f6ners wirkt als Hornaufladung f\u00fcr den Hocht\u00f6ner, und das Chassis der Kalotteneinheit stellt den Hals dieses Horns dar.<\/p>\n<p style=\"text-align: left;\">Abmessungen: 201mm \u00d7 380mm \u00d7 276mm (B\u00d7H\u00d7T)<br \/>Gewicht: 8,25 kg \/ Stk.<\/p>\n<p>[\/et_pb_text][\/et_pb_column][\/et_pb_row][\/et_pb_section][et_pb_section fb_built=&#8220;1&#8243; _builder_version=&#8220;4.27.3&#8243; _module_preset=&#8220;default&#8220; background_color=&#8220;#303030&#8243; custom_padding=&#8220;1px|||||&#8220; global_colors_info=&#8220;{}&#8220;][et_pb_row _builder_version=&#8220;4.27.3&#8243; _module_preset=&#8220;default&#8220; global_colors_info=&#8220;{}&#8220;][et_pb_column type=&#8220;4_4&#8243; _builder_version=&#8220;4.27.3&#8243; _module_preset=&#8220;default&#8220; global_colors_info=&#8220;{}&#8220;][et_pb_text _builder_version=&#8220;4.27.4&#8243; _module_preset=&#8220;default&#8220; text_text_color=&#8220;#FFFFFF&#8220; custom_padding=&#8220;3px||0px|||&#8220; link_option_url_new_window=&#8220;on&#8220; global_colors_info=&#8220;{}&#8220;]<\/p>\n<p style=\"text-align: center;\"><strong>Kaufpreis in Euro <\/strong>inkl.20%Mwst.: <strong>3.410,&#8211;<\/strong> \/ Paar<\/p>\n<p style=\"text-align: center;\">Vereinbaren Sie noch heute einen unverbindlichen Vorf\u00fchrtermin. Kontaktieren Sie uns bitte telefonisch oder per <a href=\"mailto:doris@haidvogl.at?subject=Kontakt bez\u00fcglich HS180\">e-mail<\/a> !<\/p>\n<p>[\/et_pb_text][\/et_pb_column][\/et_pb_row][\/et_pb_section]<\/p>\n","protected":false},"excerpt":{"rendered":"<p>ProdukteHS180Diese au\u00dfergew\u00f6hnlichen HiFi-Lautsprecher vereinen modernste Technologie mit einem klassischen Nussholz-Design.Jedes Paar wird mit h\u00f6chster Pr\u00e4zision in unserem Haus gefertigt und bietet Ihnen die Flexibilit\u00e4t, Ihre Lieblingsmusik in un\u00fcbertroffener Klangqualit\u00e4t zu genie\u00dfen. Dank der sorgf\u00e4ltig ausgew\u00e4hlten H\u00f6lzern garantieren diese Lautsprecher ein Klangerlebnis, das sowohl die tiefen T\u00f6ne als auch die hohen Frequenzen perfekt zur Geltung bringt. [&hellip;]<\/p>\n","protected":false},"author":1,"featured_media":0,"parent":0,"menu_order":0,"comment_status":"closed","ping_status":"closed","template":"","meta":{"_et_pb_use_builder":"on","_et_pb_old_content":"","_et_gb_content_width":"","footnotes":""},"class_list":["post-9969","page","type-page","status-publish","hentry"],"_links":{"self":[{"href":"https:\/\/www.haidvogl.at\/index.php\/wp-json\/wp\/v2\/pages\/9969","targetHints":{"allow":["GET"]}}],"collection":[{"href":"https:\/\/www.haidvogl.at\/index.php\/wp-json\/wp\/v2\/pages"}],"about":[{"href":"https:\/\/www.haidvogl.at\/index.php\/wp-json\/wp\/v2\/types\/page"}],"author":[{"embeddable":true,"href":"https:\/\/www.haidvogl.at\/index.php\/wp-json\/wp\/v2\/users\/1"}],"replies":[{"embeddable":true,"href":"https:\/\/www.haidvogl.at\/index.php\/wp-json\/wp\/v2\/comments?post=9969"}],"version-history":[{"count":3,"href":"https:\/\/www.haidvogl.at\/index.php\/wp-json\/wp\/v2\/pages\/9969\/revisions"}],"predecessor-version":[{"id":9975,"href":"https:\/\/www.haidvogl.at\/index.php\/wp-json\/wp\/v2\/pages\/9969\/revisions\/9975"}],"wp:attachment":[{"href":"https:\/\/www.haidvogl.at\/index.php\/wp-json\/wp\/v2\/media?parent=9969"}],"curies":[{"name":"wp","href":"https:\/\/api.w.org\/{rel}","templated":true}]}}