{"id":9657,"date":"2025-11-12T13:21:31","date_gmt":"2025-11-12T13:21:31","guid":{"rendered":"https:\/\/www.haidvogl.at\/?page_id=9657"},"modified":"2026-04-11T15:29:37","modified_gmt":"2026-04-11T15:29:37","slug":"3d-horn","status":"publish","type":"page","link":"https:\/\/www.haidvogl.at\/index.php\/3d-horn\/","title":{"rendered":"3D-Horn"},"content":{"rendered":"<p>[et_pb_section fb_built=&#8220;1&#8243; _builder_version=&#8220;4.27.3&#8243; _module_preset=&#8220;default&#8220; background_color=&#8220;#303030&#8243; custom_padding=&#8220;||16px|||&#8220; global_colors_info=&#8220;{}&#8220;][et_pb_row _builder_version=&#8220;4.27.3&#8243; _module_preset=&#8220;default&#8220; global_colors_info=&#8220;{}&#8220;][et_pb_column type=&#8220;4_4&#8243; _builder_version=&#8220;4.22.1&#8243; _module_preset=&#8220;default&#8220; global_colors_info=&#8220;{}&#8220;][et_pb_text _builder_version=&#8220;4.27.3&#8243; _module_preset=&#8220;7c7124e3-4c91-4b2a-95a7-240d73fb42d0&#8243; header_4_text_color=&#8220;gcid-afa30cf2-6f5d-4b9c-aa39-7dbe1ac3b7a3&#8243; text_orientation=&#8220;center&#8220; global_colors_info=&#8220;{%22gcid-afa30cf2-6f5d-4b9c-aa39-7dbe1ac3b7a3%22:%91%22header_4_text_color%22%93}&#8220;]<\/p>\n<h4>Produkte<\/h4>\n<p>[\/et_pb_text][et_pb_text _builder_version=&#8220;4.27.3&#8243; _module_preset=&#8220;83fe4b49-b4da-4557-bb01-47b2492f14c4&#8243; text_font_size=&#8220;8px&#8220; header_text_color=&#8220;#FFFFFF&#8220; text_orientation=&#8220;center&#8220; custom_margin=&#8220;||-4px|||&#8220; global_colors_info=&#8220;{}&#8220;]<\/p>\n<h1 style=\"text-align: center;\">3D-Horn<\/h1>\n<p>[\/et_pb_text][\/et_pb_column][\/et_pb_row][\/et_pb_section][et_pb_section fb_built=&#8220;1&#8243; _builder_version=&#8220;4.27.3&#8243; _module_preset=&#8220;default&#8220; background_color=&#8220;#303030&#8243; custom_padding=&#8220;0px||6px|||&#8220; global_colors_info=&#8220;{}&#8220;][et_pb_row _builder_version=&#8220;4.27.3&#8243; _module_preset=&#8220;default&#8220; custom_padding=&#8220;13px||0px|||&#8220; global_colors_info=&#8220;{}&#8220;][et_pb_column type=&#8220;4_4&#8243; _builder_version=&#8220;4.27.3&#8243; _module_preset=&#8220;default&#8220; global_colors_info=&#8220;{}&#8220;][et_pb_text _builder_version=&#8220;4.27.4&#8243; _module_preset=&#8220;default&#8220; text_text_color=&#8220;#EDF000&#8243; custom_padding=&#8220;0px||0px|||&#8220; global_colors_info=&#8220;{}&#8220;]<\/p>\n<p style=\"text-align: center;\"><strong>Jetzt neu bei uns !!!<\/strong><br \/><span style=\"color: #ffffff;\">Ein innovatives Lautsprecherpaar.<\/span><br \/><span style=\"color: #ffffff;\">Perfekt f\u00fcr Alt und Jung<\/span><\/p>\n<p style=\"text-align: center;\">\n<p>[\/et_pb_text][\/et_pb_column][\/et_pb_row][et_pb_row _builder_version=&#8220;4.27.3&#8243; _module_preset=&#8220;default&#8220; custom_padding=&#8220;0px|||||&#8220; global_colors_info=&#8220;{}&#8220;][et_pb_column type=&#8220;4_4&#8243; _builder_version=&#8220;4.27.3&#8243; _module_preset=&#8220;default&#8220; global_colors_info=&#8220;{}&#8220;][et_pb_image src=&#8220;https:\/\/www.haidvogl.at\/wp-content\/uploads\/2025\/11\/3D-Horn-paar.jpg&#8220; alt=&#8220;Haidvogl-Audio&#8220; title_text=&#8220;3D-Horn-paar&#8220; align=&#8220;center&#8220; _builder_version=&#8220;4.27.4&#8243; _module_preset=&#8220;default&#8220; border_radii=&#8220;on|15px|15px|15px|15px&#8220; global_colors_info=&#8220;{}&#8220;][\/et_pb_image][\/et_pb_column][\/et_pb_row][et_pb_row _builder_version=&#8220;4.27.3&#8243; _module_preset=&#8220;default&#8220; custom_padding=&#8220;||0px|||&#8220; global_colors_info=&#8220;{}&#8220;][et_pb_column type=&#8220;4_4&#8243; _builder_version=&#8220;4.27.3&#8243; _module_preset=&#8220;default&#8220; global_colors_info=&#8220;{}&#8220;][et_pb_text _builder_version=&#8220;4.27.4&#8243; _module_preset=&#8220;default&#8220; text_text_color=&#8220;#FFFFFF&#8220; global_colors_info=&#8220;{}&#8220;]<\/p>\n<p style=\"text-align: center;\"><strong>Allgemein<\/strong><br \/>Modell: 3D-Horn<br \/>Typ: Lautsprecher<br \/>Design: 3D-Druck<\/p>\n<p style=\"text-align: center;\"><strong>Besonderheiten<br \/><\/strong>Hergestellt in unserem Haus.<br \/>Hochwertige Breitbandtreiber.<br \/>Hochwertige Lautsprecheranschl\u00fcsse sorgen f\u00fcr eine perfekte Verbindung zu Ihren Klangquellen.<br \/>Die Lautsprecherkabel k\u00f6nnen sowohl geklemmt als auch mit Bananensteckern angeschlossen werden<br \/>Das System liefert absolute Klangreinheit und bietet Ihnen ein ultimatives Audioerlebnis.<\/p>\n<p style=\"text-align: center;\">[\/et_pb_text][\/et_pb_column][\/et_pb_row][et_pb_row _builder_version=&#8220;4.27.3&#8243; _module_preset=&#8220;default&#8220; global_colors_info=&#8220;{}&#8220;][et_pb_column type=&#8220;4_4&#8243; _builder_version=&#8220;4.27.3&#8243; _module_preset=&#8220;default&#8220; global_colors_info=&#8220;{}&#8220;][et_pb_image src=&#8220;https:\/\/www.haidvogl.at\/wp-content\/uploads\/2025\/11\/3D-Horn.jpg&#8220; alt=&#8220;Haidvogl-Audio&#8220; title_text=&#8220;3D-Horn&#8220; align=&#8220;center&#8220; _builder_version=&#8220;4.27.4&#8243; _module_preset=&#8220;default&#8220; custom_padding=&#8220;0px|||||&#8220; border_radii=&#8220;on|15px|15px|15px|15px&#8220; global_colors_info=&#8220;{}&#8220;][\/et_pb_image][\/et_pb_column][\/et_pb_row][et_pb_row _builder_version=&#8220;4.27.3&#8243; _module_preset=&#8220;default&#8220; custom_margin=&#8220;-23px|auto||auto||&#8220; custom_padding=&#8220;11px||0px|||&#8220; global_colors_info=&#8220;{}&#8220;][et_pb_column type=&#8220;4_4&#8243; _builder_version=&#8220;4.27.3&#8243; _module_preset=&#8220;default&#8220; global_colors_info=&#8220;{}&#8220;][et_pb_text _builder_version=&#8220;4.27.4&#8243; _module_preset=&#8220;default&#8220; text_text_color=&#8220;#FFFFFF&#8220; custom_margin=&#8220;||-3px|||&#8220; custom_padding=&#8220;||0px||false|false&#8220; global_colors_info=&#8220;{}&#8220;]<\/p>\n<p style=\"text-align: center;\"><strong>Technische Daten<\/strong><\/p>\n<p style=\"text-align: center;\">ca. 500mm hoch<br \/>ca. 360mm breit<br \/>ca. 350mm tief<\/p>\n<p style=\"text-align: center;\">Gewicht: 3,64 kg<\/p>\n<p style=\"text-align: center;\">Belastbarkeit: 60 Watt<br \/>Nennimpedanz: 8 Ohm<br \/>Frequenzbereich: 50Hz- 20.000Hz<\/p>\n<p style=\"text-align: center;\"><strong>Kaufpreis in Euro <\/strong>inkl.20%Mwst.: <b>998,&#8211;<\/b><\/p>\n<p style=\"text-align: center;\">\u00a0Lieferzeit ca. 2-3 Wochen da die H\u00f6rner erst nach Auftragseingang produziert werden.<br \/>Vorf\u00fchrmodelle sind immer vorhanden.<\/p>\n<p>[\/et_pb_text][\/et_pb_column][\/et_pb_row][\/et_pb_section][et_pb_section fb_built=&#8220;1&#8243; _builder_version=&#8220;4.27.3&#8243; _module_preset=&#8220;default&#8220; background_color=&#8220;#303030&#8243; custom_padding=&#8220;1px|||||&#8220; global_colors_info=&#8220;{}&#8220;][et_pb_row _builder_version=&#8220;4.27.3&#8243; _module_preset=&#8220;default&#8220; custom_padding=&#8220;6px|||||&#8220; global_colors_info=&#8220;{}&#8220;][et_pb_column type=&#8220;4_4&#8243; _builder_version=&#8220;4.27.3&#8243; _module_preset=&#8220;default&#8220; global_colors_info=&#8220;{}&#8220;][et_pb_text _builder_version=&#8220;4.27.4&#8243; _module_preset=&#8220;default&#8220; text_text_color=&#8220;#FFFFFF&#8220; custom_padding=&#8220;||0px|||&#8220; link_option_url_new_window=&#8220;on&#8220; hover_enabled=&#8220;0&#8243; global_colors_info=&#8220;{}&#8220; sticky_enabled=&#8220;0&#8243;]<\/p>\n<p style=\"text-align: center;\">Vereinbaren Sie noch heute einen unverbindlichen Vorf\u00fchrtermin. Kontaktieren Sie uns bitte telefonisch oder per <a href=\"mailto:doris@haidvogl.at?subject=Kontakt bez\u00fcglich 3D-Horn\">e-mail<\/a> !<\/p>\n<p>[\/et_pb_text][\/et_pb_column][\/et_pb_row][\/et_pb_section]<\/p>\n","protected":false},"excerpt":{"rendered":"<p>Produkte3D-HornJetzt neu bei uns !!!Ein innovatives Lautsprecherpaar.Perfekt f\u00fcr Alt und Jung AllgemeinModell: 3D-HornTyp: LautsprecherDesign: 3D-Druck BesonderheitenHergestellt in unserem Haus.Hochwertige Breitbandtreiber.Hochwertige Lautsprecheranschl\u00fcsse sorgen f\u00fcr eine perfekte Verbindung zu Ihren Klangquellen.Die Lautsprecherkabel k\u00f6nnen sowohl geklemmt als auch mit Bananensteckern angeschlossen werdenDas System liefert absolute Klangreinheit und bietet Ihnen ein ultimatives Audioerlebnis. Technische Daten ca. 500mm hochca. 360mm [&hellip;]<\/p>\n","protected":false},"author":1,"featured_media":0,"parent":0,"menu_order":0,"comment_status":"closed","ping_status":"closed","template":"","meta":{"_et_pb_use_builder":"on","_et_pb_old_content":"","_et_gb_content_width":"","footnotes":""},"class_list":["post-9657","page","type-page","status-publish","hentry"],"_links":{"self":[{"href":"https:\/\/www.haidvogl.at\/index.php\/wp-json\/wp\/v2\/pages\/9657","targetHints":{"allow":["GET"]}}],"collection":[{"href":"https:\/\/www.haidvogl.at\/index.php\/wp-json\/wp\/v2\/pages"}],"about":[{"href":"https:\/\/www.haidvogl.at\/index.php\/wp-json\/wp\/v2\/types\/page"}],"author":[{"embeddable":true,"href":"https:\/\/www.haidvogl.at\/index.php\/wp-json\/wp\/v2\/users\/1"}],"replies":[{"embeddable":true,"href":"https:\/\/www.haidvogl.at\/index.php\/wp-json\/wp\/v2\/comments?post=9657"}],"version-history":[{"count":13,"href":"https:\/\/www.haidvogl.at\/index.php\/wp-json\/wp\/v2\/pages\/9657\/revisions"}],"predecessor-version":[{"id":9967,"href":"https:\/\/www.haidvogl.at\/index.php\/wp-json\/wp\/v2\/pages\/9657\/revisions\/9967"}],"wp:attachment":[{"href":"https:\/\/www.haidvogl.at\/index.php\/wp-json\/wp\/v2\/media?parent=9657"}],"curies":[{"name":"wp","href":"https:\/\/api.w.org\/{rel}","templated":true}]}}