{"id":9616,"date":"2025-11-12T12:32:37","date_gmt":"2025-11-12T12:32:37","guid":{"rendered":"https:\/\/www.haidvogl.at\/?page_id=9616"},"modified":"2025-11-14T16:50:09","modified_gmt":"2025-11-14T16:50:09","slug":"revox-b77mkii","status":"publish","type":"page","link":"https:\/\/www.haidvogl.at\/index.php\/revox-b77mkii\/","title":{"rendered":"Revox B77MkII"},"content":{"rendered":"<p>[et_pb_section fb_built=&#8220;1&#8243; _builder_version=&#8220;4.27.3&#8243; _module_preset=&#8220;default&#8220; background_color=&#8220;#303030&#8243; min_height=&#8220;169.4px&#8220; custom_padding=&#8220;||5px|||&#8220; global_colors_info=&#8220;{}&#8220;][et_pb_row _builder_version=&#8220;4.27.3&#8243; _module_preset=&#8220;default&#8220; custom_padding=&#8220;||4px|||&#8220; global_colors_info=&#8220;{}&#8220;][et_pb_column type=&#8220;4_4&#8243; _builder_version=&#8220;4.22.1&#8243; _module_preset=&#8220;default&#8220; global_colors_info=&#8220;{}&#8220;][et_pb_text _builder_version=&#8220;4.27.4&#8243; _module_preset=&#8220;7c7124e3-4c91-4b2a-95a7-240d73fb42d0&#8243; header_4_text_color=&#8220;gcid-afa30cf2-6f5d-4b9c-aa39-7dbe1ac3b7a3&#8243; text_orientation=&#8220;center&#8220; global_colors_info=&#8220;{%22gcid-afa30cf2-6f5d-4b9c-aa39-7dbe1ac3b7a3%22:%91%22header_4_text_color%22%93}&#8220;]<\/p>\n<h4>Aufbereitetes Produkt<\/h4>\n<p>[\/et_pb_text][et_pb_text _builder_version=&#8220;4.27.4&#8243; _module_preset=&#8220;83fe4b49-b4da-4557-bb01-47b2492f14c4&#8243; text_font_size=&#8220;30px&#8220; header_text_color=&#8220;#FFFFFF&#8220; text_orientation=&#8220;center&#8220; custom_margin=&#8220;||-4px|||&#8220; global_colors_info=&#8220;{}&#8220;]<\/p>\n<h1 style=\"text-align: center;\">Revox B77 MkII<\/h1>\n<p>[\/et_pb_text][\/et_pb_column][\/et_pb_row][\/et_pb_section][et_pb_section fb_built=&#8220;1&#8243; _builder_version=&#8220;4.27.3&#8243; _module_preset=&#8220;default&#8220; background_color=&#8220;#303030&#8243; custom_padding=&#8220;0px||60px|||&#8220; global_colors_info=&#8220;{}&#8220;][et_pb_row _builder_version=&#8220;4.27.3&#8243; _module_preset=&#8220;default&#8220; custom_padding=&#8220;0px|||||&#8220; global_colors_info=&#8220;{}&#8220;][et_pb_column type=&#8220;4_4&#8243; _builder_version=&#8220;4.27.3&#8243; _module_preset=&#8220;default&#8220; global_colors_info=&#8220;{}&#8220;][et_pb_text _builder_version=&#8220;4.27.3&#8243; _module_preset=&#8220;default&#8220; text_text_color=&#8220;#FFFFFF&#8220; min_height=&#8220;162.6px&#8220; custom_margin=&#8220;-18px|||||&#8220; custom_padding=&#8220;20px|||||&#8220; global_colors_info=&#8220;{}&#8220;]<\/p>\n<p style=\"text-align: center;\">2 Spur (Normal Speed)<br \/>variable Speedeinstellung +\/- 10%<br \/>eingemessen nach &#8211; NAB<br \/>auf Bandtype: RTM LPR35<br \/>mit Messprotokoll f\u00fcr 9,5 und 19cm\/s<br \/>und rastender Pause Erweiterung<br \/>optisch und technisch wie neu<\/p>\n<p>[\/et_pb_text][\/et_pb_column][\/et_pb_row][et_pb_row _builder_version=&#8220;4.27.3&#8243; _module_preset=&#8220;default&#8220; custom_padding=&#8220;0px|||||&#8220; global_colors_info=&#8220;{}&#8220;][et_pb_column type=&#8220;4_4&#8243; _builder_version=&#8220;4.27.3&#8243; _module_preset=&#8220;default&#8220; global_colors_info=&#8220;{}&#8220;][et_pb_image src=&#8220;https:\/\/www.haidvogl.at\/wp-content\/uploads\/2024\/11\/vorne-1200&#215;675-1.jpg&#8220; alt=&#8220;Revox B77MkII HS&#8220; title_text=&#8220;Revox B77MkII HS&#8220; align=&#8220;center&#8220; _builder_version=&#8220;4.27.4&#8243; _module_preset=&#8220;default&#8220; width=&#8220;80%&#8220; border_radii=&#8220;on|15px|15px|15px|15px&#8220; global_colors_info=&#8220;{}&#8220;][\/et_pb_image][\/et_pb_column][\/et_pb_row][et_pb_row _builder_version=&#8220;4.27.3&#8243; _module_preset=&#8220;default&#8220; global_colors_info=&#8220;{}&#8220;][et_pb_column type=&#8220;4_4&#8243; _builder_version=&#8220;4.27.3&#8243; _module_preset=&#8220;default&#8220; global_colors_info=&#8220;{}&#8220;][et_pb_text _builder_version=&#8220;4.27.4&#8243; _module_preset=&#8220;default&#8220; text_text_color=&#8220;#FFFFFF&#8220; min_height=&#8220;219px&#8220; custom_padding=&#8220;||16px|||&#8220; global_colors_info=&#8220;{}&#8220;]<\/p>\n<p style=\"text-align: center;\"><strong>Besonderheiten \/ Zusatzausstattung<\/strong><br \/>Um rastende Pause-Funktion erweitert.<br \/>Im November 2025 gewartet und neu eingemessen.<br \/>Geh\u00e4usebeschichtung neu. (original NEXTEL)<\/p>\n<p style=\"text-align: center;\">Alle relevanten Bauteile wie Z\u00e4hlwerkriemen, kritische Kondensatoren und Trimmer erneuert.<\/p>\n<p style=\"text-align: center;\">Ger\u00e4t general\u00fcberholt und neu auf LPR35 eingemessen.<\/p>\n<p style=\"text-align: center;\">Sollten Sie eine andere Bandsorte als RTM-LPR35 bevorzugen,<br \/>messen wir Ihnen die Maschine gerne ohne Aufpreis darauf ein.<br \/>B\u00e4nder, Leerspulen und NAB-Adapter sind im Kaufpreis nicht enthalten.<\/p>\n<p style=\"text-align: center;\"><strong>Kaufpreis in Euro<span>\u00a0<\/span><\/strong>inkl.20%Mwst.:<span>\u00a0<\/span><strong>2.780,&#8211;<\/strong><\/p>\n<p style=\"text-align: center;\">F\u00fcr weitere Informationen und Beratung stehen wir Ihnen jedezeit zur Verf\u00fcgung.<\/p>\n<p style=\"text-align: center;\">Vereinbaren Sie noch heute einen unverbindlichen Vorf\u00fchrtermin.<\/p>\n<p>&nbsp;<\/p>\n<p>[\/et_pb_text][\/et_pb_column][\/et_pb_row][\/et_pb_section]<\/p>\n","protected":false},"excerpt":{"rendered":"<p>Aufbereitetes ProduktRevox B77 MkII2 Spur (Normal Speed)variable Speedeinstellung +\/- 10%eingemessen nach &#8211; NABauf Bandtype: RTM LPR35mit Messprotokoll f\u00fcr 9,5 und 19cm\/sund rastender Pause Erweiterungoptisch und technisch wie neuBesonderheiten \/ ZusatzausstattungUm rastende Pause-Funktion erweitert.Im November 2025 gewartet und neu eingemessen.Geh\u00e4usebeschichtung neu. (original NEXTEL) Alle relevanten Bauteile wie Z\u00e4hlwerkriemen, kritische Kondensatoren und Trimmer erneuert. Ger\u00e4t general\u00fcberholt und [&hellip;]<\/p>\n","protected":false},"author":1,"featured_media":0,"parent":0,"menu_order":0,"comment_status":"closed","ping_status":"closed","template":"","meta":{"_et_pb_use_builder":"on","_et_pb_old_content":"","_et_gb_content_width":"","footnotes":""},"class_list":["post-9616","page","type-page","status-publish","hentry"],"_links":{"self":[{"href":"https:\/\/www.haidvogl.at\/index.php\/wp-json\/wp\/v2\/pages\/9616","targetHints":{"allow":["GET"]}}],"collection":[{"href":"https:\/\/www.haidvogl.at\/index.php\/wp-json\/wp\/v2\/pages"}],"about":[{"href":"https:\/\/www.haidvogl.at\/index.php\/wp-json\/wp\/v2\/types\/page"}],"author":[{"embeddable":true,"href":"https:\/\/www.haidvogl.at\/index.php\/wp-json\/wp\/v2\/users\/1"}],"replies":[{"embeddable":true,"href":"https:\/\/www.haidvogl.at\/index.php\/wp-json\/wp\/v2\/comments?post=9616"}],"version-history":[{"count":7,"href":"https:\/\/www.haidvogl.at\/index.php\/wp-json\/wp\/v2\/pages\/9616\/revisions"}],"predecessor-version":[{"id":9859,"href":"https:\/\/www.haidvogl.at\/index.php\/wp-json\/wp\/v2\/pages\/9616\/revisions\/9859"}],"wp:attachment":[{"href":"https:\/\/www.haidvogl.at\/index.php\/wp-json\/wp\/v2\/media?parent=9616"}],"curies":[{"name":"wp","href":"https:\/\/api.w.org\/{rel}","templated":true}]}}