{"id":9561,"date":"2025-11-12T10:56:55","date_gmt":"2025-11-12T10:56:55","guid":{"rendered":"https:\/\/www.haidvogl.at\/?page_id=9561"},"modified":"2026-03-30T20:02:06","modified_gmt":"2026-03-30T20:02:06","slug":"ha500a-alu","status":"publish","type":"page","link":"https:\/\/www.haidvogl.at\/index.php\/ha500a-alu\/","title":{"rendered":"HA500A alu"},"content":{"rendered":"<p>[et_pb_section fb_built=&#8220;1&#8243; _builder_version=&#8220;4.27.3&#8243; _module_preset=&#8220;default&#8220; background_color=&#8220;#303030&#8243; custom_padding=&#8220;||16px|||&#8220; global_colors_info=&#8220;{}&#8220;][et_pb_row _builder_version=&#8220;4.27.3&#8243; _module_preset=&#8220;default&#8220; global_colors_info=&#8220;{}&#8220;][et_pb_column type=&#8220;4_4&#8243; _builder_version=&#8220;4.22.1&#8243; _module_preset=&#8220;default&#8220; global_colors_info=&#8220;{}&#8220;][et_pb_text _builder_version=&#8220;4.27.3&#8243; _module_preset=&#8220;7c7124e3-4c91-4b2a-95a7-240d73fb42d0&#8243; header_4_text_color=&#8220;gcid-afa30cf2-6f5d-4b9c-aa39-7dbe1ac3b7a3&#8243; text_orientation=&#8220;center&#8220; global_colors_info=&#8220;{%22gcid-afa30cf2-6f5d-4b9c-aa39-7dbe1ac3b7a3%22:%91%22header_4_text_color%22%93}&#8220;]<\/p>\n<h4>Produkte<\/h4>\n<p>[\/et_pb_text][et_pb_text _builder_version=&#8220;4.27.3&#8243; _module_preset=&#8220;83fe4b49-b4da-4557-bb01-47b2492f14c4&#8243; text_font_size=&#8220;8px&#8220; header_text_color=&#8220;#FFFFFF&#8220; text_orientation=&#8220;center&#8220; custom_margin=&#8220;||-4px|||&#8220; global_colors_info=&#8220;{}&#8220;]<\/p>\n<h1 style=\"text-align: center;\">HA500A alu<\/h1>\n<p>[\/et_pb_text][\/et_pb_column][\/et_pb_row][\/et_pb_section][et_pb_section fb_built=&#8220;1&#8243; _builder_version=&#8220;4.27.3&#8243; _module_preset=&#8220;default&#8220; background_color=&#8220;#303030&#8243; custom_padding=&#8220;0px||6px|||&#8220; global_colors_info=&#8220;{}&#8220;][et_pb_row _builder_version=&#8220;4.27.3&#8243; _module_preset=&#8220;default&#8220; custom_padding=&#8220;13px|||||&#8220; global_colors_info=&#8220;{}&#8220;][et_pb_column type=&#8220;4_4&#8243; _builder_version=&#8220;4.27.3&#8243; _module_preset=&#8220;default&#8220; global_colors_info=&#8220;{}&#8220;][et_pb_text _builder_version=&#8220;4.27.4&#8243; _module_preset=&#8220;default&#8220; text_text_color=&#8220;#FFFFFF&#8220; custom_padding=&#8220;0px|||||&#8220; global_colors_info=&#8220;{}&#8220;]<\/p>\n<p style=\"text-align: center;\">Ein Leitungsverst\u00e4rker der exklusiv Klasse.<br \/>Wer durchg\u00e4ngig auf Analogtechnik schw\u00f6rt ist bei hier richtig.<br \/>Herausragende Leistung und voller, satter Klang, der selbst feinste Details klar und pr\u00e4zise wiedergibt.<\/p>\n<p>[\/et_pb_text][\/et_pb_column][\/et_pb_row][et_pb_row _builder_version=&#8220;4.27.3&#8243; _module_preset=&#8220;default&#8220; global_colors_info=&#8220;{}&#8220;][et_pb_column type=&#8220;4_4&#8243; _builder_version=&#8220;4.27.3&#8243; _module_preset=&#8220;default&#8220; global_colors_info=&#8220;{}&#8220;][et_pb_image src=&#8220;https:\/\/www.haidvogl.at\/wp-content\/uploads\/2025\/11\/HA500A-alu-vorne.jpg&#8220; alt=&#8220;Haidvogl-Audio&#8220; title_text=&#8220;HA500A-alu-vorne&#8220; align=&#8220;center&#8220; _builder_version=&#8220;4.27.4&#8243; _module_preset=&#8220;default&#8220; border_radii=&#8220;on|15px|15px|15px|15px&#8220; global_colors_info=&#8220;{}&#8220;][\/et_pb_image][\/et_pb_column][\/et_pb_row][et_pb_row _builder_version=&#8220;4.27.3&#8243; _module_preset=&#8220;default&#8220; global_colors_info=&#8220;{}&#8220;][et_pb_column type=&#8220;4_4&#8243; _builder_version=&#8220;4.27.3&#8243; _module_preset=&#8220;default&#8220; global_colors_info=&#8220;{}&#8220;][et_pb_text _builder_version=&#8220;4.27.3&#8243; _module_preset=&#8220;default&#8220; text_text_color=&#8220;#FFFFFF&#8220; global_colors_info=&#8220;{}&#8220;]<\/p>\n<p style=\"text-align: center;\"><strong>Allgemein<\/strong><br \/>Modell: HA500A-alu &#8211; Power-AMP Serie<br \/>Typ: Audio-Endstufe<br \/>Design: Massives Aluminiumgeh\u00e4use mit K\u00fchlk\u00f6rpern.<br \/>Abmessungen: 450mm \u00d7 145mm \u00d7 340mm inkl. LS-Buchsen (B\u00d7H\u00d7T)<br \/>Gewicht: 14,46 kg<\/p>\n<p style=\"text-align: center;\"><strong>Besonderheiten<br \/><\/strong>Konstruiert und hergestellt in unserem Haus.<br \/>Zwei analoge Endstufenbaugruppen mit extrem niederohmigen Ausg\u00e4ngen.<br \/>Ma\u00dfgefertigte 80.000 \u00b5F Ladekondensatoren, welche die Leistungsreserven weiter erh\u00f6hen.<br \/>Gro\u00dfz\u00fcgig dimensionierter Ringkern-Trafo.<br \/>Hochwertige Lautsprecheranschl\u00fcsse.<br \/>Das System liefert absolute Klangreinheit und bietet Ihnen unvergleichliche Flexibilit\u00e4t f\u00fcr ein ultimatives Audioerlebnis.<\/p>\n<p style=\"text-align: center;\"><strong>Perfekt symmetrisch<\/strong><br \/>Mit einer pr\u00e4zisen Signalf\u00fchrung und perfekter Kanaltrennung der linken und rechten Seite bietet der HA500A-alu einen erweiterten St\u00f6rabstand und eine beeindruckende Klangb\u00fchne.<\/p>\n<p style=\"text-align: center;\"><strong>M\u00fchelose Kraft<\/strong><br \/>Dank des gro\u00dfz\u00fcgig dimensionierten Netzteil liefert der HA500A-alu m\u00fchelos Leistung und meistert problemlos anspruchsvolle Audiopassagen.<\/p>\n<p style=\"text-align: center;\"><strong>Professionelle Anschl\u00fcsse<\/strong><br \/>Hochwertige vergoldete Anschl\u00fcsse sorgen f\u00fcr eine perfekte Verbindung zu Ihren Klangquellen und den Lautsprechern.<br \/>Die Lautsprecherkabel k\u00f6nnen sowohl geklemmt als auch mit Bananensteckern angeschlossen werden.<\/p>\n<p>[\/et_pb_text][\/et_pb_column][\/et_pb_row][et_pb_row _builder_version=&#8220;4.27.3&#8243; _module_preset=&#8220;default&#8220; global_colors_info=&#8220;{}&#8220;][et_pb_column type=&#8220;4_4&#8243; _builder_version=&#8220;4.27.3&#8243; _module_preset=&#8220;default&#8220; global_colors_info=&#8220;{}&#8220;][et_pb_image src=&#8220;https:\/\/www.haidvogl.at\/wp-content\/uploads\/2025\/11\/HA500A-alu-hinten.jpg&#8220; alt=&#8220;Haidvogl-Audio&#8220; title_text=&#8220;HA500A-alu-hinten&#8220; align=&#8220;center&#8220; _builder_version=&#8220;4.27.4&#8243; _module_preset=&#8220;default&#8220; border_radii=&#8220;on|15px|15px|15px|15px&#8220; global_colors_info=&#8220;{}&#8220;][\/et_pb_image][\/et_pb_column][\/et_pb_row][et_pb_row _builder_version=&#8220;4.27.3&#8243; _module_preset=&#8220;default&#8220; global_colors_info=&#8220;{}&#8220;][et_pb_column type=&#8220;4_4&#8243; _builder_version=&#8220;4.27.3&#8243; _module_preset=&#8220;default&#8220; global_colors_info=&#8220;{}&#8220;][et_pb_text _builder_version=&#8220;4.27.3&#8243; _module_preset=&#8220;default&#8220; text_text_color=&#8220;#FFFFFF&#8220; custom_padding=&#8220;||||false|false&#8220; global_colors_info=&#8220;{}&#8220;]<\/p>\n<p><strong>Technische Daten<br \/><\/strong>Netzspannung: 230 VAC<br \/>Leistungsaufnahme min. Watt: 40<br \/>Leistungsaufnahme max. Watt: 1500<br \/>Eingang: Cinch \/ RCA 0,755Vss<br \/>Eingangsimpedanz: 10 kOhm<br \/>Ausgang: Polklemmen f\u00fcr Y-kabelschuhe und Bananenstecker<br \/>Dauerleistung &#8211; Sinus (beide Kan\u00e4le ausgesteuert, von 20\u201320.000 Hz)<br \/>8 Ohm: 2 \u00d7 250 W<br \/>4 Ohm: 2 \u00d7 400 W<br \/>Gesamtklirrfaktor: 0,003 % bei Nennleistung, 0,003 % bei 1 Watt Ausgang<br \/>Intermodulationsverzerrungen: 0,003 % bei Nennleistung<br \/>Frequenzgang: 10\u201350.000 Hz ( +0, \u22121,5 dB)<br \/>Ger\u00e4uschspannungsabstand: 110 dB (Eingang kurzgeschlossen)<\/p>\n<p>[\/et_pb_text][\/et_pb_column][\/et_pb_row][\/et_pb_section][et_pb_section fb_built=&#8220;1&#8243; _builder_version=&#8220;4.27.3&#8243; _module_preset=&#8220;default&#8220; background_color=&#8220;#303030&#8243; custom_padding=&#8220;1px|||||&#8220; global_colors_info=&#8220;{}&#8220;][et_pb_row _builder_version=&#8220;4.27.3&#8243; _module_preset=&#8220;default&#8220; global_colors_info=&#8220;{}&#8220;][et_pb_column type=&#8220;4_4&#8243; _builder_version=&#8220;4.27.3&#8243; _module_preset=&#8220;default&#8220; global_colors_info=&#8220;{}&#8220;][et_pb_text _builder_version=&#8220;4.27.4&#8243; _module_preset=&#8220;default&#8220; text_text_color=&#8220;#FFFFFF&#8220; custom_padding=&#8220;||0px|||&#8220; link_option_url_new_window=&#8220;on&#8220; hover_enabled=&#8220;0&#8243; global_colors_info=&#8220;{}&#8220; sticky_enabled=&#8220;0&#8243;]<\/p>\n<p style=\"text-align: center;\"><strong>Kaufpreis in Euro <\/strong>inkl.20%Mwst.: <strong>4.977,70<\/strong><\/p>\n<p style=\"text-align: center;\">F\u00fcr weitere Informationen und Beratung stehen wir Ihnen jedezeit zur Verf\u00fcgung.<\/p>\n<p style=\"text-align: center;\">Vereinbaren Sie noch heute einen unverbindlichen Vorf\u00fchrtermin.<\/p>\n<p>[\/et_pb_text][\/et_pb_column][\/et_pb_row][\/et_pb_section]<\/p>\n","protected":false},"excerpt":{"rendered":"<p>ProdukteHA500A aluEin Leitungsverst\u00e4rker der exklusiv Klasse.Wer durchg\u00e4ngig auf Analogtechnik schw\u00f6rt ist bei hier richtig.Herausragende Leistung und voller, satter Klang, der selbst feinste Details klar und pr\u00e4zise wiedergibt.AllgemeinModell: HA500A-alu &#8211; Power-AMP SerieTyp: Audio-EndstufeDesign: Massives Aluminiumgeh\u00e4use mit K\u00fchlk\u00f6rpern.Abmessungen: 450mm \u00d7 145mm \u00d7 340mm inkl. LS-Buchsen (B\u00d7H\u00d7T)Gewicht: 14,46 kg BesonderheitenKonstruiert und hergestellt in unserem Haus.Zwei analoge Endstufenbaugruppen mit [&hellip;]<\/p>\n","protected":false},"author":1,"featured_media":0,"parent":0,"menu_order":0,"comment_status":"closed","ping_status":"closed","template":"","meta":{"_et_pb_use_builder":"on","_et_pb_old_content":"","_et_gb_content_width":"","footnotes":""},"class_list":["post-9561","page","type-page","status-publish","hentry"],"_links":{"self":[{"href":"https:\/\/www.haidvogl.at\/index.php\/wp-json\/wp\/v2\/pages\/9561","targetHints":{"allow":["GET"]}}],"collection":[{"href":"https:\/\/www.haidvogl.at\/index.php\/wp-json\/wp\/v2\/pages"}],"about":[{"href":"https:\/\/www.haidvogl.at\/index.php\/wp-json\/wp\/v2\/types\/page"}],"author":[{"embeddable":true,"href":"https:\/\/www.haidvogl.at\/index.php\/wp-json\/wp\/v2\/users\/1"}],"replies":[{"embeddable":true,"href":"https:\/\/www.haidvogl.at\/index.php\/wp-json\/wp\/v2\/comments?post=9561"}],"version-history":[{"count":7,"href":"https:\/\/www.haidvogl.at\/index.php\/wp-json\/wp\/v2\/pages\/9561\/revisions"}],"predecessor-version":[{"id":9890,"href":"https:\/\/www.haidvogl.at\/index.php\/wp-json\/wp\/v2\/pages\/9561\/revisions\/9890"}],"wp:attachment":[{"href":"https:\/\/www.haidvogl.at\/index.php\/wp-json\/wp\/v2\/media?parent=9561"}],"curies":[{"name":"wp","href":"https:\/\/api.w.org\/{rel}","templated":true}]}}