{"id":9454,"date":"2025-02-05T19:03:19","date_gmt":"2025-02-05T19:03:19","guid":{"rendered":"https:\/\/www.haidvogl.at\/?page_id=9454"},"modified":"2026-04-11T16:08:54","modified_gmt":"2026-04-11T16:08:54","slug":"ha500d","status":"publish","type":"page","link":"https:\/\/www.haidvogl.at\/index.php\/ha500d\/","title":{"rendered":"HA560"},"content":{"rendered":"<p>[et_pb_section fb_built=&#8220;1&#8243; _builder_version=&#8220;4.27.3&#8243; _module_preset=&#8220;default&#8220; background_color=&#8220;#303030&#8243; custom_padding=&#8220;||5px|||&#8220; global_colors_info=&#8220;{}&#8220;][et_pb_row _builder_version=&#8220;4.27.3&#8243; _module_preset=&#8220;default&#8220; global_colors_info=&#8220;{}&#8220;][et_pb_column type=&#8220;4_4&#8243; _builder_version=&#8220;4.22.1&#8243; _module_preset=&#8220;default&#8220; global_colors_info=&#8220;{}&#8220;][et_pb_text _builder_version=&#8220;4.27.3&#8243; _module_preset=&#8220;7c7124e3-4c91-4b2a-95a7-240d73fb42d0&#8243; header_4_text_color=&#8220;gcid-afa30cf2-6f5d-4b9c-aa39-7dbe1ac3b7a3&#8243; text_orientation=&#8220;center&#8220; global_colors_info=&#8220;{%22gcid-afa30cf2-6f5d-4b9c-aa39-7dbe1ac3b7a3%22:%91%22header_4_text_color%22%93}&#8220;]<\/p>\n<h4>Produkte<\/h4>\n<p>[\/et_pb_text][et_pb_text _builder_version=&#8220;4.27.4&#8243; _module_preset=&#8220;83fe4b49-b4da-4557-bb01-47b2492f14c4&#8243; text_font_size=&#8220;8px&#8220; header_text_color=&#8220;#FFFFFF&#8220; text_orientation=&#8220;center&#8220; custom_margin=&#8220;||0px|||&#8220; global_colors_info=&#8220;{}&#8220;]<\/p>\n<h1 style=\"text-align: center;\">HA560<\/h1>\n<p>[\/et_pb_text][et_pb_text _builder_version=&#8220;4.27.4&#8243; _module_preset=&#8220;default&#8220; text_text_color=&#8220;#FFFFFF&#8220; global_colors_info=&#8220;{}&#8220;]<\/p>\n<p style=\"text-align: center;\">Endverst\u00e4rker<\/p>\n<p>[\/et_pb_text][\/et_pb_column][\/et_pb_row][\/et_pb_section][et_pb_section fb_built=&#8220;1&#8243; _builder_version=&#8220;4.27.3&#8243; _module_preset=&#8220;default&#8220; background_color=&#8220;#303030&#8243; custom_margin=&#8220;||||false|false&#8220; custom_padding=&#8220;0px||0px|||&#8220; global_colors_info=&#8220;{}&#8220;][et_pb_row _builder_version=&#8220;4.27.3&#8243; _module_preset=&#8220;default&#8220; global_colors_info=&#8220;{}&#8220;][et_pb_column type=&#8220;4_4&#8243; _builder_version=&#8220;4.27.3&#8243; _module_preset=&#8220;default&#8220; global_colors_info=&#8220;{}&#8220;][et_pb_text _builder_version=&#8220;4.27.4&#8243; _module_preset=&#8220;default&#8220; text_text_color=&#8220;#FFFFFF&#8220; custom_padding=&#8220;0px|||||&#8220; global_colors_info=&#8220;{}&#8220;]<\/p>\n<p style=\"text-align: center;\">Der HA560 Leistungsverst\u00e4rker ist ein moderner Schaltverst\u00e4rker auf h\u00f6chstem technischen Niveau.<br \/>Diese Endstufe \u00fcberzeugt nicht nur durch seine herausragende technische Raffinesse, sondern auch durch seine F\u00e4higkeit, selbst in anspruchsvollsten H\u00f6rumgebungen ein unvergleichliches Klangerlebnis zu liefern.<br \/>Mit einer pr\u00e4zisen Klangwiedergabe und kraftvollen Leistungsreserven hebt er sich klar von herk\u00f6mmlichen Verst\u00e4rkern ab und erf\u00fcllt die h\u00f6chsten Anspr\u00fcche audiophiler Genie\u00dfer.<br \/>Seine innovative Schaltungstechnik aus Europa sorgt f\u00fcr eine bemerkenswerte Effizienz und Langlebigkeit, w\u00e4hrend die hochwertige Bauweise jedem Detail gerecht wird. Entdecken Sie, wie der HA560 Ihre musikalischen Erlebnisse transformieren kann, und g\u00f6nnen Sie sich einen Klang, der Sie in eine neue Dimension der Audiowiedergabe entf\u00fchrt.<\/p>\n<p>[\/et_pb_text][\/et_pb_column][\/et_pb_row][et_pb_row _builder_version=&#8220;4.27.4&#8243; _module_preset=&#8220;default&#8220; global_colors_info=&#8220;{}&#8220;][et_pb_column type=&#8220;4_4&#8243; _builder_version=&#8220;4.27.4&#8243; _module_preset=&#8220;default&#8220; global_colors_info=&#8220;{}&#8220;][et_pb_image src=&#8220;https:\/\/www.haidvogl.at\/wp-content\/uploads\/2026\/04\/HA560-front.jpg&#8220; alt=&#8220;Haidvogl-Audio&#8220; title_text=&#8220;HA560-front&#8220; align=&#8220;center&#8220; _builder_version=&#8220;4.27.4&#8243; _module_preset=&#8220;default&#8220; border_radii=&#8220;on|15px|15px|15px|15px&#8220; global_colors_info=&#8220;{}&#8220;][\/et_pb_image][\/et_pb_column][\/et_pb_row][et_pb_row _builder_version=&#8220;4.27.3&#8243; _module_preset=&#8220;default&#8220; global_colors_info=&#8220;{}&#8220;][et_pb_column type=&#8220;4_4&#8243; _builder_version=&#8220;4.27.3&#8243; _module_preset=&#8220;default&#8220; global_colors_info=&#8220;{}&#8220;][et_pb_text _builder_version=&#8220;4.27.4&#8243; _module_preset=&#8220;default&#8220; text_text_color=&#8220;#FFFFFF&#8220; custom_padding=&#8220;||0px||false|false&#8220; global_colors_info=&#8220;{}&#8220;]<\/p>\n<p><strong>Technische Daten<br \/><\/strong>Netzspannung: 230 VAC<br \/>Netzbuchse: Industriestandard mit integriertem Netzfilter.<br \/>Leistungsaufnahme min. Watt: 40<br \/>Leistungsaufnahme max. Watt: 1500<br \/>Eing\u00e4nge: XLR-Symmetrisch +4dB \/ RCA-Asymmetrisch 1,4 V rms<br \/>Verst\u00e4rkung: 39 dB (auf Wunsch anpassbar)<br \/>Eingangsimpedanz: 100 k\u2126<br \/>Eingangsbuchse RCA: Neutrik (Gold beschichtet)<br \/>Eingangsbuchse XLR: Neutrik (Silber beschichtet)<br \/>Ausgang: Polklemmen f\u00fcr Y-Kabelschuhe und Bananenstecker (vergoldet)<br \/>Dauerleistung &#8211; Sinus (beide Kan\u00e4le ausgesteuert, von 20\u201320.000 Hz)<br \/>8 Ohm: 2 \u00d7 253 W rms<br \/>4 Ohm: 2 \u00d7 400 W rms<br \/>Verzerrungen bei P\/2 Leistung: 0,0006 % 20Hz &#8211; 20kHz<br \/>Frequenzgang: 20\u201370.000 Hz ( +0, \u22123,0 dB)<br \/>Eigenrauschen: 20 \u00b5V<br \/>Ausgangsimpedanz: 250 \u00b5\u2126 = Ultra hoher D\u00e4mpfungsfaktor<br \/>Abmessungen: B\/H\/T 450mm x 105mm x 350mm inkl. Buchsen<br \/>Gewicht: 8,52 Kg<\/p>\n<p>[\/et_pb_text][\/et_pb_column][\/et_pb_row][et_pb_row _builder_version=&#8220;4.27.4&#8243; _module_preset=&#8220;default&#8220; global_colors_info=&#8220;{}&#8220;][et_pb_column type=&#8220;4_4&#8243; _builder_version=&#8220;4.27.4&#8243; _module_preset=&#8220;default&#8220; global_colors_info=&#8220;{}&#8220;][et_pb_image src=&#8220;https:\/\/www.haidvogl.at\/wp-content\/uploads\/2026\/04\/HA560-back.jpg&#8220; alt=&#8220;Haidvogl-Audio&#8220; title_text=&#8220;HA560-back&#8220; _builder_version=&#8220;4.27.4&#8243; _module_preset=&#8220;default&#8220; border_radii=&#8220;on|15px|15px|15px|15px&#8220; global_colors_info=&#8220;{}&#8220;][\/et_pb_image][\/et_pb_column][\/et_pb_row][et_pb_row _builder_version=&#8220;4.27.4&#8243; _module_preset=&#8220;default&#8220; global_colors_info=&#8220;{}&#8220;][et_pb_column type=&#8220;4_4&#8243; _builder_version=&#8220;4.27.4&#8243; _module_preset=&#8220;default&#8220; global_colors_info=&#8220;{}&#8220;][et_pb_text _builder_version=&#8220;4.27.4&#8243; _module_preset=&#8220;default&#8220; text_text_color=&#8220;#FFFFFF&#8220; custom_padding=&#8220;||7px|||&#8220; hover_enabled=&#8220;0&#8243; global_colors_info=&#8220;{}&#8220; sticky_enabled=&#8220;0&#8243;]<\/p>\n<p style=\"text-align: center;\">Diese Endstufe ist auf Wunsch und geringen Aufpreis auch als Dual-Mono Ausf\u00fchrung erh\u00e4ltlich.<strong><\/strong><\/p>\n<p style=\"text-align: center;\"><strong>Kaufpreis in Euro <\/strong>inkl.20%Mwst.: <strong>5.578,&#8211;<\/strong><\/p>\n<p style=\"text-align: center;\">F\u00fcr weitere Informationen und Beratung stehen wir Ihnen jederzeit zur Verf\u00fcgung.<\/p>\n<p style=\"text-align: center;\">Vereinbaren Sie noch heute einen unverbindlichen Vorf\u00fchrtermin. Kontaktieren Sie uns bitte telefonisch oder per <a href=\"mailto:doris@haidvogl.at?subject=Kontakt bez\u00fcglich HA560\">e-mail<\/a> !<\/p>\n<p>[\/et_pb_text][\/et_pb_column][\/et_pb_row][\/et_pb_section]<\/p>\n","protected":false},"excerpt":{"rendered":"<p>ProdukteHA560Endverst\u00e4rkerDer HA560 Leistungsverst\u00e4rker ist ein moderner Schaltverst\u00e4rker auf h\u00f6chstem technischen Niveau.Diese Endstufe \u00fcberzeugt nicht nur durch seine herausragende technische Raffinesse, sondern auch durch seine F\u00e4higkeit, selbst in anspruchsvollsten H\u00f6rumgebungen ein unvergleichliches Klangerlebnis zu liefern.Mit einer pr\u00e4zisen Klangwiedergabe und kraftvollen Leistungsreserven hebt er sich klar von herk\u00f6mmlichen Verst\u00e4rkern ab und erf\u00fcllt die h\u00f6chsten Anspr\u00fcche audiophiler Genie\u00dfer.Seine [&hellip;]<\/p>\n","protected":false},"author":1,"featured_media":0,"parent":0,"menu_order":0,"comment_status":"closed","ping_status":"closed","template":"","meta":{"_et_pb_use_builder":"on","_et_pb_old_content":"","_et_gb_content_width":"","footnotes":""},"class_list":["post-9454","page","type-page","status-publish","hentry"],"_links":{"self":[{"href":"https:\/\/www.haidvogl.at\/index.php\/wp-json\/wp\/v2\/pages\/9454","targetHints":{"allow":["GET"]}}],"collection":[{"href":"https:\/\/www.haidvogl.at\/index.php\/wp-json\/wp\/v2\/pages"}],"about":[{"href":"https:\/\/www.haidvogl.at\/index.php\/wp-json\/wp\/v2\/types\/page"}],"author":[{"embeddable":true,"href":"https:\/\/www.haidvogl.at\/index.php\/wp-json\/wp\/v2\/users\/1"}],"replies":[{"embeddable":true,"href":"https:\/\/www.haidvogl.at\/index.php\/wp-json\/wp\/v2\/comments?post=9454"}],"version-history":[{"count":29,"href":"https:\/\/www.haidvogl.at\/index.php\/wp-json\/wp\/v2\/pages\/9454\/revisions"}],"predecessor-version":[{"id":9980,"href":"https:\/\/www.haidvogl.at\/index.php\/wp-json\/wp\/v2\/pages\/9454\/revisions\/9980"}],"wp:attachment":[{"href":"https:\/\/www.haidvogl.at\/index.php\/wp-json\/wp\/v2\/media?parent=9454"}],"curies":[{"name":"wp","href":"https:\/\/api.w.org\/{rel}","templated":true}]}}