{"id":9446,"date":"2025-02-05T18:35:20","date_gmt":"2025-02-05T18:35:20","guid":{"rendered":"https:\/\/www.haidvogl.at\/?page_id=9446"},"modified":"2026-01-14T11:39:14","modified_gmt":"2026-01-14T11:39:14","slug":"ha180d","status":"publish","type":"page","link":"https:\/\/www.haidvogl.at\/index.php\/ha180d\/","title":{"rendered":"HA180"},"content":{"rendered":"\n[et_pb_section fb_built=&#8220;1&#8243; _builder_version=&#8220;4.27.3&#8243; _module_preset=&#8220;default&#8220; background_color=&#8220;#303030&#8243; custom_padding=&#8220;||6px|||&#8220; global_colors_info=&#8220;{}&#8220;][et_pb_row _builder_version=&#8220;4.27.3&#8243; _module_preset=&#8220;default&#8220; global_colors_info=&#8220;{}&#8220;][et_pb_column type=&#8220;4_4&#8243; _builder_version=&#8220;4.22.1&#8243; _module_preset=&#8220;default&#8220; global_colors_info=&#8220;{}&#8220;][et_pb_text _builder_version=&#8220;4.27.3&#8243; _module_preset=&#8220;7c7124e3-4c91-4b2a-95a7-240d73fb42d0&#8243; header_4_text_color=&#8220;gcid-afa30cf2-6f5d-4b9c-aa39-7dbe1ac3b7a3&#8243; text_orientation=&#8220;center&#8220; global_colors_info=&#8220;{%22gcid-afa30cf2-6f5d-4b9c-aa39-7dbe1ac3b7a3%22:%91%22header_4_text_color%22%93}&#8220;]<h4>Produkte<\/h4>[\/et_pb_text][et_pb_text _builder_version=&#8220;4.27.3&#8243; _module_preset=&#8220;83fe4b49-b4da-4557-bb01-47b2492f14c4&#8243; text_font_size=&#8220;8px&#8220; header_text_color=&#8220;#FFFFFF&#8220; text_orientation=&#8220;center&#8220; custom_margin=&#8220;||0px|||&#8220; global_colors_info=&#8220;{}&#8220;]<h1 style=\"text-align: center;\">HA180<\/h1>[\/et_pb_text][et_pb_text _builder_version=&#8220;4.27.4&#8243; _module_preset=&#8220;default&#8220; text_text_color=&#8220;#FFFFFF&#8220; hover_enabled=&#8220;0&#8243; global_colors_info=&#8220;{}&#8220; sticky_enabled=&#8220;0&#8243;]<p style=\"text-align: center;\">Endstufe<\/p>[\/et_pb_text][\/et_pb_column][\/et_pb_row][\/et_pb_section][et_pb_section fb_built=&#8220;1&#8243; _builder_version=&#8220;4.27.3&#8243; _module_preset=&#8220;default&#8220; background_color=&#8220;#303030&#8243; custom_margin=&#8220;||||false|false&#8220; custom_padding=&#8220;0px||0px|||&#8220; global_colors_info=&#8220;{}&#8220;][et_pb_row _builder_version=&#8220;4.27.3&#8243; _module_preset=&#8220;default&#8220; global_colors_info=&#8220;{}&#8220;][et_pb_column type=&#8220;4_4&#8243; _builder_version=&#8220;4.27.3&#8243; _module_preset=&#8220;default&#8220; global_colors_info=&#8220;{}&#8220;][et_pb_text _builder_version=&#8220;4.27.4&#8243; _module_preset=&#8220;default&#8220; text_text_color=&#8220;#FFFFFF&#8220; global_colors_info=&#8220;{}&#8220;]<p style=\"text-align: center;\">Der HA180 Dual-Mono-Leitungsverst\u00e4rker ist ein moderner Power Amp. mit symmetrischen Eing\u00e4ngen.<br \/>Er ist die ideale Wahl f\u00fcr audiophile Enthusiasten die ihre Anlage vollsyemmtrisch aufgebaut haben,<br \/>aber auch f\u00fcr den professionellen Einsatz in der Tonstudio Umgebung,<br \/>\u00fcberall wo h\u00f6chste Anspr\u00fcche an Klangqualit\u00e4t und Leistung gestellt werden.<br \/>Herausragende Leistung und voller, satter Klang, der selbst feinste Details klar und pr\u00e4zise wiedergibt ohne das Signal zu ver\u00e4ndern oder zu f\u00e4rben.<\/p>[\/et_pb_text][\/et_pb_column][\/et_pb_row][et_pb_row _builder_version=&#8220;4.27.4&#8243; _module_preset=&#8220;default&#8220; global_colors_info=&#8220;{}&#8220;][et_pb_column type=&#8220;4_4&#8243; _builder_version=&#8220;4.27.4&#8243; _module_preset=&#8220;default&#8220; global_colors_info=&#8220;{}&#8220;][et_pb_image src=&#8220;https:\/\/www.haidvogl.at\/wp-content\/uploads\/2025\/11\/HA180D-vorne.jpg&#8220; alt=&#8220;Haidvogl-Audio&#8220; title_text=&#8220;HA180D-vorne&#8220; align=&#8220;center&#8220; _builder_version=&#8220;4.27.4&#8243; _module_preset=&#8220;default&#8220; border_radii=&#8220;on|15px|15px|15px|15px&#8220; global_colors_info=&#8220;{}&#8220;][\/et_pb_image][\/et_pb_column][\/et_pb_row][et_pb_row _builder_version=&#8220;4.27.4&#8243; _module_preset=&#8220;default&#8220; global_colors_info=&#8220;{}&#8220;][et_pb_column type=&#8220;4_4&#8243; _builder_version=&#8220;4.27.3&#8243; _module_preset=&#8220;default&#8220; global_colors_info=&#8220;{}&#8220;][et_pb_text _builder_version=&#8220;4.27.4&#8243; _module_preset=&#8220;default&#8220; text_text_color=&#8220;#FFFFFF&#8220; custom_padding=&#8220;||||false|false&#8220; global_colors_info=&#8220;{}&#8220;]<p><strong>Technische Daten<br \/><\/strong>Netzspannung: 230 VAC<br \/>Leistungsaufnahme min. Watt: 37<br \/>Leistungsaufnahme max. Watt: 530<br \/>Eingang: XLR 1,4 Vrms<br \/>Eingangsimpedanz: 100 kOhm<br \/>Ausgang: Polklemmen f\u00fcr Y-Kabelschuhe und Bananenstecker<br \/>Dauerleistung &#8211; Sinus (beide Kan\u00e4le ausgesteuert, von 20\u201320.000 Hz)<br \/>8 Ohm: 2 \u00d7 100 W<br \/>4 Ohm: 2 \u00d7 160 W<br \/>Ausgangs Impedanz: 20 m\u2126 = ultra hoher D\u00e4mpfungsfaktor<br \/>Verzerrungen THD+N: 0,008 % bei 1 Watt Ausgang<br \/>Frequenzgang: 10\u201350.000 Hz ( +0,0 \u22123,0 dB)<br \/>Frequenzgang: 20-20.000 Hz ( +0,31 &#8211; 0,41 dB)<br \/>Eigenrauschen: 30 \u00b5V (Eingang kurzgeschlossen)<br \/>Abmessungen: B\/H\/T450mm x 110mm x 350mm inkl. Buchsen<br \/>Gewicht: 5820 g<\/p>[\/et_pb_text][\/et_pb_column][\/et_pb_row][et_pb_row _builder_version=&#8220;4.27.4&#8243; _module_preset=&#8220;default&#8220; global_colors_info=&#8220;{}&#8220;][et_pb_column type=&#8220;4_4&#8243; _builder_version=&#8220;4.27.4&#8243; _module_preset=&#8220;default&#8220; global_colors_info=&#8220;{}&#8220;][et_pb_image src=&#8220;https:\/\/www.haidvogl.at\/wp-content\/uploads\/2025\/11\/HA180D-hinten.jpg&#8220; alt=&#8220;Haidvogl-Audio&#8220; title_text=&#8220;HA180D-hinten&#8220; align=&#8220;center&#8220; _builder_version=&#8220;4.27.4&#8243; _module_preset=&#8220;default&#8220; border_radii=&#8220;on|15px|15px|15px|15px&#8220; global_colors_info=&#8220;{}&#8220;][\/et_pb_image][\/et_pb_column][\/et_pb_row][et_pb_row _builder_version=&#8220;4.27.4&#8243; _module_preset=&#8220;default&#8220; global_colors_info=&#8220;{}&#8220;][et_pb_column type=&#8220;4_4&#8243; _builder_version=&#8220;4.27.4&#8243; _module_preset=&#8220;default&#8220; global_colors_info=&#8220;{}&#8220;][et_pb_text _builder_version=&#8220;4.27.4&#8243; _module_preset=&#8220;default&#8220; text_text_color=&#8220;#FFFFFF&#8220; hover_enabled=&#8220;0&#8243; global_colors_info=&#8220;{}&#8220; sticky_enabled=&#8220;0&#8243;]<p style=\"text-align: center;\"><strong>Kaufpreis in Euro<span>\u00a0<\/span><\/strong>inkl.20%Mwst.:<span>\u00a0<\/span><strong>2.523,&#8211;<\/strong><\/p>\n<p style=\"text-align: center;\"><span style=\"color: #edf000;\"><strong>Derzeit ausverkauft<\/strong><\/span>, ein Vorf\u00fchrger\u00e4t ist in unserem hauseigenen Tonstudio verf\u00fcgbar.<br \/>Lieferbar ab M\u00e4rz 26\u00a0<strong><\/strong><\/p>\n<p style=\"text-align: center;\">F\u00fcr weitere Informationen und Beratung stehen wir Ihnen jedezeit zur Verf\u00fcgung.<\/p>\n<p style=\"text-align: center;\">Vereinbaren Sie noch heute einen unverbindlichen Vorf\u00fchrtermin.<\/p>[\/et_pb_text][\/et_pb_column][\/et_pb_row][\/et_pb_section]\n","protected":false},"excerpt":{"rendered":"<p>ProdukteHA180EndstufeDer HA180 Dual-Mono-Leitungsverst\u00e4rker ist ein moderner Power Amp. mit symmetrischen Eing\u00e4ngen.Er ist die ideale Wahl f\u00fcr audiophile Enthusiasten die ihre Anlage vollsyemmtrisch aufgebaut haben,aber auch f\u00fcr den professionellen Einsatz in der Tonstudio Umgebung,\u00fcberall wo h\u00f6chste Anspr\u00fcche an Klangqualit\u00e4t und Leistung gestellt werden.Herausragende Leistung und voller, satter Klang, der selbst feinste Details klar und pr\u00e4zise wiedergibt [&hellip;]<\/p>\n","protected":false},"author":1,"featured_media":0,"parent":0,"menu_order":0,"comment_status":"closed","ping_status":"closed","template":"","meta":{"_et_pb_use_builder":"on","_et_pb_old_content":"","_et_gb_content_width":"","footnotes":""},"class_list":["post-9446","page","type-page","status-publish","hentry"],"_links":{"self":[{"href":"https:\/\/www.haidvogl.at\/index.php\/wp-json\/wp\/v2\/pages\/9446","targetHints":{"allow":["GET"]}}],"collection":[{"href":"https:\/\/www.haidvogl.at\/index.php\/wp-json\/wp\/v2\/pages"}],"about":[{"href":"https:\/\/www.haidvogl.at\/index.php\/wp-json\/wp\/v2\/types\/page"}],"author":[{"embeddable":true,"href":"https:\/\/www.haidvogl.at\/index.php\/wp-json\/wp\/v2\/users\/1"}],"replies":[{"embeddable":true,"href":"https:\/\/www.haidvogl.at\/index.php\/wp-json\/wp\/v2\/comments?post=9446"}],"version-history":[{"count":22,"href":"https:\/\/www.haidvogl.at\/index.php\/wp-json\/wp\/v2\/pages\/9446\/revisions"}],"predecessor-version":[{"id":9877,"href":"https:\/\/www.haidvogl.at\/index.php\/wp-json\/wp\/v2\/pages\/9446\/revisions\/9877"}],"wp:attachment":[{"href":"https:\/\/www.haidvogl.at\/index.php\/wp-json\/wp\/v2\/media?parent=9446"}],"curies":[{"name":"wp","href":"https:\/\/api.w.org\/{rel}","templated":true}]}}