{"id":9349,"date":"2025-01-20T09:47:45","date_gmt":"2025-01-20T09:47:45","guid":{"rendered":"https:\/\/www.haidvogl.at\/?page_id=9349"},"modified":"2026-04-11T18:42:40","modified_gmt":"2026-04-11T18:42:40","slug":"kopierservice","status":"publish","type":"page","link":"https:\/\/www.haidvogl.at\/index.php\/kopierservice\/","title":{"rendered":"KOPIERSERVICE-Audio"},"content":{"rendered":"\n[et_pb_section fb_built=&#8220;1&#8243; _builder_version=&#8220;4.27.3&#8243; _module_preset=&#8220;default&#8220; background_color=&#8220;#303030&#8243; custom_padding=&#8220;||12px|||&#8220; global_colors_info=&#8220;{}&#8220;][et_pb_row _builder_version=&#8220;4.22.1&#8243; _module_preset=&#8220;default&#8220; custom_padding=&#8220;||12px|||&#8220; global_colors_info=&#8220;{}&#8220;][et_pb_column type=&#8220;4_4&#8243; _builder_version=&#8220;4.22.1&#8243; _module_preset=&#8220;default&#8220; global_colors_info=&#8220;{}&#8220;][et_pb_text _builder_version=&#8220;4.24.2&#8243; _module_preset=&#8220;7c7124e3-4c91-4b2a-95a7-240d73fb42d0&#8243; header_4_text_color=&#8220;gcid-afa30cf2-6f5d-4b9c-aa39-7dbe1ac3b7a3&#8243; text_orientation=&#8220;center&#8220; global_colors_info=&#8220;{%22gcid-afa30cf2-6f5d-4b9c-aa39-7dbe1ac3b7a3%22:%91%22header_4_text_color%22%93}&#8220;]<h4>Services<\/h4>[\/et_pb_text][et_pb_text _builder_version=&#8220;4.27.4&#8243; _module_preset=&#8220;83fe4b49-b4da-4557-bb01-47b2492f14c4&#8243; header_text_color=&#8220;#FFFFFF&#8220; text_orientation=&#8220;center&#8220; global_colors_info=&#8220;{}&#8220;]<h1 style=\"text-align: center;\">Kopierservice-Audio<\/h1>[\/et_pb_text][\/et_pb_column][\/et_pb_row][\/et_pb_section][et_pb_section fb_built=&#8220;1&#8243; _builder_version=&#8220;4.27.3&#8243; _module_preset=&#8220;default&#8220; background_color=&#8220;#303030&#8243; custom_padding=&#8220;20px||7px|||&#8220; global_colors_info=&#8220;{}&#8220;][et_pb_row _builder_version=&#8220;4.27.3&#8243; _module_preset=&#8220;default&#8220; custom_padding=&#8220;14px|||||&#8220; global_colors_info=&#8220;{}&#8220;][et_pb_column type=&#8220;4_4&#8243; _builder_version=&#8220;4.27.3&#8243; _module_preset=&#8220;default&#8220; global_colors_info=&#8220;{}&#8220;][et_pb_text _builder_version=&#8220;4.27.4&#8243; _module_preset=&#8220;default&#8220; text_text_color=&#8220;#FFFFFF&#8220; global_colors_info=&#8220;{}&#8220;]<p style=\"text-align: center;\">Bei Haidvogl-Audio bringen wir Ihre Musik in die digitale Zukunft oder zur\u00fcck in die Analogwelt, indem wir hochwertige Kopierdienste anbieten, die nicht nur den Klang bewahren, sondern auch die Emotionen und die Geschichte hinter jedem Track festhalten.<\/p>\n<p style=\"text-align: center;\">Unser erfahrenes Team nutzt modernste Technologie aber auch professionelle Analoge-Studiotechnik, um sicherzustellen, dass Ihre wertvollen Musikst\u00fccke in bester Qualit\u00e4t reproduziert werden. Egal, ob es sich um alte Sch\u00e4tze oder aktuelle Kl\u00e4nge handelt, vertrauen Sie uns, um Ihre musikalischen Erinnerungen f\u00fcr kommende Generationen zu sichern.<\/p>\n<p style=\"text-align: center;\">Und egal von welchem Medium auf welches Medium Sie Ihre Kl\u00e4nge transferieren m\u00f6chten, sprechen Sie uns an wir helfen Ihnen gerne!<\/p>[\/et_pb_text][\/et_pb_column][\/et_pb_row][et_pb_row _builder_version=&#8220;4.27.4&#8243; _module_preset=&#8220;default&#8220; global_colors_info=&#8220;{}&#8220;][et_pb_column type=&#8220;4_4&#8243; _builder_version=&#8220;4.27.4&#8243; _module_preset=&#8220;default&#8220; global_colors_info=&#8220;{}&#8220;][et_pb_image src=&#8220;https:\/\/www.haidvogl.at\/wp-content\/uploads\/2025\/01\/0-502fe13d-44e9-4aa6-8d88-5a08511191ce-816&#215;512.jpg&#8220; align=&#8220;center&#8220; _builder_version=&#8220;4.27.4&#8243; _module_preset=&#8220;default&#8220; border_radii=&#8220;on|15px|15px|15px|15px&#8220; global_colors_info=&#8220;{}&#8220;][\/et_pb_image][\/et_pb_column][\/et_pb_row][\/et_pb_section][et_pb_section fb_built=&#8220;1&#8243; _builder_version=&#8220;4.27.4&#8243; _module_preset=&#8220;default&#8220; background_color=&#8220;#303030&#8243; custom_padding=&#8220;7px||0px|||&#8220; global_colors_info=&#8220;{}&#8220;][et_pb_row _builder_version=&#8220;4.27.4&#8243; _module_preset=&#8220;default&#8220; global_colors_info=&#8220;{}&#8220;][et_pb_column type=&#8220;4_4&#8243; _builder_version=&#8220;4.27.4&#8243; _module_preset=&#8220;default&#8220; global_colors_info=&#8220;{}&#8220;][et_pb_text _builder_version=&#8220;4.27.4&#8243; _module_preset=&#8220;default&#8220; text_text_color=&#8220;#FFFFFF&#8220; global_colors_info=&#8220;{}&#8220;]<p style=\"text-align: center;\">Unser \u00dcberspielservice<br \/>bietet Ihnen die M\u00f6glichkeit<br \/>Ihre Musiksammlung oder eigene Kompositionen<br \/>in jedes beliebige Format zu bringen.<\/p>\n<p style=\"text-align: center;\">M\u00f6gliche Formate f\u00fcr die Wiedergabe sind:<br \/>Studio-Masterband (Mit den Geschwindigkeiten 4,75 \/ 9,5 \/ 19 \/ 38 oder 76cm\/s) CCIR oder NAB<br \/>Hi-Fi-Band (Mit den Geschwindigkeiten 4,75 \/ 9,5 \/ 19 \/ 38) CCIR oder NAB, Halb- oder Viertelspur<br \/>DAT-Kassette (Samplingfrequenzen: 44,1kHz | 48kHz | 88,2kHz | 96kHz)<br \/>Kompakt-Kassette (Typ-I | Typ-II | Typ-IV)<br \/>Compact Disk<br \/>Schallplatte 33 oder 45rpm<br \/>Dateiformate wie .mp3 oder .wav, usw&#8230;<\/p>\n<p style=\"text-align: center;\">M\u00f6gliche Formate f\u00fcr die Aufnahme sind:<br \/>Studio-Masterband (Mit den Geschwindigkeiten 4,75 \/ 9,5 \/ 19 \/ 38 oder 76cm\/s) CCIR oder NAB<br \/>Hi-Fi-Band (Mit den Geschwindigkeiten 4,75 \/ 9,5 \/ 19 \/ 38) CCIR oder NAB, Halb- oder Viertelspur<br \/>DAT-Kassette (Samplingfrequenzen: 44,1kHz | 48kHz | 88,2kHz | 96kHz)<br \/>Kompakt-Kassette (Typ-I | Typ-II | Typ-IV) soweit Bandsorten verf\u00fcgbar sind.<br \/>Compact Disk<br \/>Dateiformate wie .mp3 oder .wav, usw&#8230;<\/p>\n<p style=\"text-align: center;\">Spezialservice: Einzelst\u00fccke und Kleinserien auf Schallplatte (Vinyl) geschnitten.<\/p>\n<p style=\"text-align: center;\">Auch eine Nachbearbeitung Ihrer Aufnahmen in unserem hauseigenen Video- und Tonstudio ist m\u00f6glich.<br \/>z.B.: Rauschminderung, Entknacksen, Entfernung von St\u00f6rger\u00e4uschen, Pegelanpassung usw&#8230;<\/p>[\/et_pb_text][\/et_pb_column][\/et_pb_row][et_pb_row _builder_version=&#8220;4.27.4&#8243; _module_preset=&#8220;default&#8220; global_colors_info=&#8220;{}&#8220;][et_pb_column type=&#8220;4_4&#8243; _builder_version=&#8220;4.27.4&#8243; _module_preset=&#8220;default&#8220; global_colors_info=&#8220;{}&#8220;][et_pb_divider color=&#8220;#0C71C3&#8243; divider_position=&#8220;center&#8220; divider_weight=&#8220;5px&#8220; _builder_version=&#8220;4.27.4&#8243; _module_preset=&#8220;default&#8220; width=&#8220;88%&#8220; module_alignment=&#8220;center&#8220; global_colors_info=&#8220;{}&#8220;][\/et_pb_divider][\/et_pb_column][\/et_pb_row][et_pb_row _builder_version=&#8220;4.27.4&#8243; _module_preset=&#8220;default&#8220; custom_padding=&#8220;0px|||||&#8220; global_colors_info=&#8220;{}&#8220;][et_pb_column type=&#8220;4_4&#8243; _builder_version=&#8220;4.27.4&#8243; _module_preset=&#8220;default&#8220; global_colors_info=&#8220;{}&#8220;][et_pb_text _builder_version=&#8220;4.27.4&#8243; _module_preset=&#8220;default&#8220; text_text_color=&#8220;#FFFFFF&#8220; text_font_size=&#8220;18px&#8220; global_colors_info=&#8220;{}&#8220;]<p style=\"text-align: center;\">Aktuelle Preise<\/p>[\/et_pb_text][\/et_pb_column][\/et_pb_row][\/et_pb_section][et_pb_section fb_built=&#8220;1&#8243; _builder_version=&#8220;4.27.3&#8243; _module_preset=&#8220;default&#8220; background_color=&#8220;#303030&#8243; custom_margin=&#8220;0px||||false|false&#8220; custom_padding=&#8220;0px||60px||false|false&#8220; locked=&#8220;off&#8220; global_colors_info=&#8220;{}&#8220;][et_pb_row _builder_version=&#8220;4.27.3&#8243; _module_preset=&#8220;default&#8220; custom_padding=&#8220;8px|||||&#8220; global_colors_info=&#8220;{}&#8220;][et_pb_column type=&#8220;4_4&#8243; _builder_version=&#8220;4.27.3&#8243; _module_preset=&#8220;default&#8220; global_colors_info=&#8220;{}&#8220;][et_pb_text _builder_version=&#8220;4.27.4&#8243; _module_preset=&#8220;default&#8220; text_text_color=&#8220;#FFFFFF&#8220; custom_margin=&#8220;-3px|||||&#8220; global_colors_info=&#8220;{}&#8220;]<table border=\"3\" style=\"width: 100%; border-collapse: collapse;\">\n<tbody>\n<tr>\n<td style=\"width: 33.3333%;\">Audio Kassette (MC) oder Tonband<\/td>\n<td style=\"width: 33.3333%;\">auf AudioCD<\/td>\n<td style=\"width: 33.3333%;\">\u20ac o,45 \/ Min.<\/td>\n<\/tr>\n<tr>\n<td style=\"width: 33.3333%;\">Schallplatte (33 od. 45 rpm.)<\/td>\n<td style=\"width: 33.3333%;\">auf AudioCD<\/td>\n<td style=\"width: 33.3333%;\">\u20ac o,45 \/ Min.<\/td>\n<\/tr>\n<tr>\n<td style=\"width: 33.3333%;\">DAT<\/td>\n<td style=\"width: 33.3333%;\">auf AudioCD<\/td>\n<td style=\"width: 33.3333%;\">\u20ac o,45 \/ Min.<\/td>\n<\/tr>\n<\/tbody>\n<\/table>\n<table border=\"1\" style=\"border-collapse: collapse; width: 100%;\">\n<tbody>\n<tr>\n<td style=\"width: 33.3333%;\">Audio Kassette (MC) oder Tonband<\/td>\n<td style=\"width: 33.3333%;\">auf USB-Stick (mp3 od. wav)<\/td>\n<td style=\"width: 33.3333%;\">\u20ac 0,62 \/ Min.<\/td>\n<\/tr>\n<tr>\n<td style=\"width: 33.3333%;\">Schallplatte (33 od. 45 rpm.)<\/td>\n<td style=\"width: 33.3333%;\">auf USB-Stick (mp3 od. wav)<\/td>\n<td style=\"width: 33.3333%;\">\u20ac 0,62 \/ Min.<\/td>\n<\/tr>\n<tr>\n<td style=\"width: 33.3333%;\">DAT<\/td>\n<td style=\"width: 33.3333%;\">auf USB-Stick (mp3 od. wav)<\/td>\n<td style=\"width: 33.3333%;\">\u20ac 0,62 \/ Min.<\/td>\n<\/tr>\n<tr>\n<td style=\"width: 33.3333%;\">AudioCD auf USB-Stick (mp3 od. wav)<\/td>\n<td style=\"width: 33.3333%;\">auf USB-Stick (mp3 od. wav)<\/td>\n<td style=\"width: 33.3333%;\">\u20ac 0,62 \/ Min.<\/td>\n<\/tr>\n<\/tbody>\n<\/table>\n<p style=\"text-align: center;\"><strong>zuz\u00fcglich<\/strong><\/p>\n<p style=\"text-align: center;\">Grundpreis pro AudioCD (max.80min)\u00a0 \u20ac4,90<br \/>USB-Stick\u00a0 &#8211; nach Aufwand<br \/>Fremd USB-Sticks werden in unserem System nicht verarbeitet.<\/p>\n<p style=\"text-align: center;\">Mindestauftragswert \u20ac 50,&#8211;<br \/>Versandkosten werden nach Aufwand in Rechnung gestellt.<\/p>\n<p style=\"text-align: center;\">F\u00fcr Sonderl\u00f6sungen sprechen Sie uns bitte an.<br \/><a href=\"mailto:doris@haidvogl.at?subject=Kontakt bez\u00fcglich Kopierservice-Audio\">e-mail<\/a><\/p>\n<p style=\"text-align: center;\">Alle Preise verstehen sich inkl. 20% Mwst.<\/p>\n<p style=\"text-align: center;\"><strong>Lieferzeit:<\/strong><br \/>Eingehende Auftr\u00e4ge werden in der Eingangsreihenfolge schnellstm\u00f6glich abgearbeitet und zur\u00fcckgesandt.<\/p>\n<p style=\"text-align: center;\"><strong>Verlust oder Besch\u00e4digung:<\/strong><br \/>Bei Verlust oder Besch\u00e4digung des beigestellten Materials haften wir nur in H\u00f6he des Materialwertes, nicht aber f\u00fcr Inhalte oder Liebhaberwert.<\/p>\n<p style=\"text-align: center;\"><strong>Urheberrecht:<\/strong><br \/>Der Auftraggeber haftet f\u00fcr etwaige Urheber- und Leistungsschutzrechte bzw. Nutzungsbewilligungen des beigestellten Materials.<br \/>Urheberrechtlich gesch\u00fctztes Material ohne entsprechende Genehmigung senden wir unbearbeitet und kostenpflichtig zur\u00fcck.<\/p>[\/et_pb_text][\/et_pb_column][\/et_pb_row][\/et_pb_section]\n","protected":false},"excerpt":{"rendered":"<p>ServicesKopierservice-AudioBei Haidvogl-Audio bringen wir Ihre Musik in die digitale Zukunft oder zur\u00fcck in die Analogwelt, indem wir hochwertige Kopierdienste anbieten, die nicht nur den Klang bewahren, sondern auch die Emotionen und die Geschichte hinter jedem Track festhalten. Unser erfahrenes Team nutzt modernste Technologie aber auch professionelle Analoge-Studiotechnik, um sicherzustellen, dass Ihre wertvollen Musikst\u00fccke in bester [&hellip;]<\/p>\n","protected":false},"author":1,"featured_media":0,"parent":0,"menu_order":0,"comment_status":"closed","ping_status":"closed","template":"","meta":{"_et_pb_use_builder":"on","_et_pb_old_content":"","_et_gb_content_width":"","footnotes":""},"class_list":["post-9349","page","type-page","status-publish","hentry"],"_links":{"self":[{"href":"https:\/\/www.haidvogl.at\/index.php\/wp-json\/wp\/v2\/pages\/9349","targetHints":{"allow":["GET"]}}],"collection":[{"href":"https:\/\/www.haidvogl.at\/index.php\/wp-json\/wp\/v2\/pages"}],"about":[{"href":"https:\/\/www.haidvogl.at\/index.php\/wp-json\/wp\/v2\/types\/page"}],"author":[{"embeddable":true,"href":"https:\/\/www.haidvogl.at\/index.php\/wp-json\/wp\/v2\/users\/1"}],"replies":[{"embeddable":true,"href":"https:\/\/www.haidvogl.at\/index.php\/wp-json\/wp\/v2\/comments?post=9349"}],"version-history":[{"count":25,"href":"https:\/\/www.haidvogl.at\/index.php\/wp-json\/wp\/v2\/pages\/9349\/revisions"}],"predecessor-version":[{"id":10023,"href":"https:\/\/www.haidvogl.at\/index.php\/wp-json\/wp\/v2\/pages\/9349\/revisions\/10023"}],"wp:attachment":[{"href":"https:\/\/www.haidvogl.at\/index.php\/wp-json\/wp\/v2\/media?parent=9349"}],"curies":[{"name":"wp","href":"https:\/\/api.w.org\/{rel}","templated":true}]}}