{"id":9292,"date":"2025-01-19T18:49:25","date_gmt":"2025-01-19T18:49:25","guid":{"rendered":"https:\/\/www.haidvogl.at\/?page_id=9292"},"modified":"2025-11-14T14:42:16","modified_gmt":"2025-11-14T14:42:16","slug":"signalkabel","status":"publish","type":"page","link":"https:\/\/www.haidvogl.at\/index.php\/signalkabel\/","title":{"rendered":"SIGNALKABEL"},"content":{"rendered":"<p>[et_pb_section fb_built=&#8220;1&#8243; _builder_version=&#8220;4.27.3&#8243; _module_preset=&#8220;default&#8220; background_color=&#8220;#303030&#8243; custom_padding=&#8220;||10px|||&#8220; global_colors_info=&#8220;{}&#8220;][et_pb_row _builder_version=&#8220;4.22.1&#8243; _module_preset=&#8220;default&#8220; custom_padding=&#8220;||11px|||&#8220; global_colors_info=&#8220;{}&#8220;][et_pb_column type=&#8220;4_4&#8243; _builder_version=&#8220;4.22.1&#8243; _module_preset=&#8220;default&#8220; global_colors_info=&#8220;{}&#8220;][et_pb_text _builder_version=&#8220;4.27.4&#8243; _module_preset=&#8220;7c7124e3-4c91-4b2a-95a7-240d73fb42d0&#8243; header_4_text_color=&#8220;gcid-afa30cf2-6f5d-4b9c-aa39-7dbe1ac3b7a3&#8243; text_orientation=&#8220;center&#8220; hover_enabled=&#8220;0&#8243; global_colors_info=&#8220;{%22gcid-afa30cf2-6f5d-4b9c-aa39-7dbe1ac3b7a3%22:%91%22header_4_text_color%22%93}&#8220; sticky_enabled=&#8220;0&#8243;]<\/p>\n<h4>Zubeh\u00f6r<\/h4>\n<p>[\/et_pb_text][et_pb_text _builder_version=&#8220;4.27.3&#8243; _module_preset=&#8220;83fe4b49-b4da-4557-bb01-47b2492f14c4&#8243; header_text_color=&#8220;#FFFFFF&#8220; text_orientation=&#8220;center&#8220; global_colors_info=&#8220;{}&#8220;]<\/p>\n<h1>Signalkabel<\/h1>\n<p>[\/et_pb_text][\/et_pb_column][\/et_pb_row][\/et_pb_section][et_pb_section fb_built=&#8220;1&#8243; _builder_version=&#8220;4.27.3&#8243; _module_preset=&#8220;default&#8220; background_color=&#8220;#303030&#8243; custom_padding=&#8220;12px||17px|||&#8220; global_colors_info=&#8220;{}&#8220;][et_pb_row _builder_version=&#8220;4.27.3&#8243; _module_preset=&#8220;default&#8220; global_colors_info=&#8220;{}&#8220;][et_pb_column type=&#8220;4_4&#8243; _builder_version=&#8220;4.27.3&#8243; _module_preset=&#8220;default&#8220; global_colors_info=&#8220;{}&#8220;][et_pb_text _builder_version=&#8220;4.27.4&#8243; _module_preset=&#8220;default&#8220; text_text_color=&#8220;#FFFFFF&#8220; global_colors_info=&#8220;{}&#8220;]<\/p>\n<p style=\"text-align: center;\">Damit Ihre hochwertigen HiFi-Komponenten optimal verbunden werden und es zu keinen Anpassungsfehlern kommt,<br \/>sind ma\u00dfgefertigte Signalkabel ein muss und zugleich unsere St\u00e4rke.<br \/>Nicht immer sind die teuersten Kabel die, die am besten passen.<\/p>\n<p style=\"text-align: center;\">Sprechen Sie uns an, wir beraten Sie gerne unverbindlich!<\/p>\n<p style=\"text-align: center;\">\n<p style=\"text-align: center;\">Erleben Sie die Klangvielfalt auf einem neuen Niveau mit unseren hochwertigen Audio Signalkabeln, die speziell f\u00fcr Sie gefertigt werden, um Ihre audiophilen Anspr\u00fcche zu erf\u00fcllen. Jedes Kabel wir sorgf\u00e4ltig hergestellt, um die Signal\u00fcbertragung zwischen Ihnen Ger\u00e4ten zu optimieren um die Originalit\u00e4t Ihrer Musik zu bewahren, sodass Sie die Feinheiten und Nuancen Ihrer Lieblingsst\u00fccke in voller Pracht genie\u00dfen k\u00f6nnen. Vertrauen Sie auf die Expertise von Haidvogl-Audio, um den perfekten Klang in Ihr Zuhause zu bringen und Ihre Audioanlage auf eine andere Stufe zu heben.<\/p>\n<p>[\/et_pb_text][\/et_pb_column][\/et_pb_row][\/et_pb_section][et_pb_section fb_built=&#8220;1&#8243; _builder_version=&#8220;4.27.4&#8243; _module_preset=&#8220;default&#8220; background_color=&#8220;#303030&#8243; custom_padding=&#8220;13px|||||&#8220; global_colors_info=&#8220;{}&#8220;][et_pb_row _builder_version=&#8220;4.27.4&#8243; _module_preset=&#8220;default&#8220; global_colors_info=&#8220;{}&#8220;][et_pb_column type=&#8220;4_4&#8243; _builder_version=&#8220;4.27.4&#8243; _module_preset=&#8220;default&#8220; global_colors_info=&#8220;{}&#8220;][et_pb_image src=&#8220;https:\/\/www.haidvogl.at\/wp-content\/uploads\/2025\/01\/0-c9b9270f-24d7-4176-9123-af517232b3ef-816&#215;512.jpg&#8220; alt=&#8220;Haidvogl-Audio&#8220; title_text=&#8220;Audio-Signalkabel&#8220; align=&#8220;center&#8220; _builder_version=&#8220;4.27.4&#8243; _module_preset=&#8220;default&#8220; border_radii=&#8220;on|15px|15px|15px|15px&#8220; global_colors_info=&#8220;{}&#8220;][\/et_pb_image][\/et_pb_column][\/et_pb_row][et_pb_row _builder_version=&#8220;4.27.4&#8243; _module_preset=&#8220;default&#8220; global_colors_info=&#8220;{}&#8220;][et_pb_column type=&#8220;4_4&#8243; _builder_version=&#8220;4.27.4&#8243; _module_preset=&#8220;default&#8220; global_colors_info=&#8220;{}&#8220;][et_pb_text _builder_version=&#8220;4.27.4&#8243; _module_preset=&#8220;default&#8220; text_text_color=&#8220;#FFFFFF&#8220; global_colors_info=&#8220;{}&#8220;]<\/p>\n<p style=\"text-align: center;\">Entdecken Sie die ma\u00dfgeschneiderte Klangwelt von Haidvogl Engineering, wo jedes Audiosignalkabel zum pers\u00f6nlichen Unikat wird.<br \/>Unsere Leidenschaft f\u00fcr herausragende Audioqualit\u00e4t zeigt sich in der pr\u00e4zisen Anpassung an Ihre individuellen Bed\u00fcrfnisse.<br \/>Wir h\u00f6ren Ihnen aufmerksam zu und helfen Ihnen bei der Auswahl der optimalen Komponenten, sodass Ihre Musik genau so erklingt, wie Sie es sich ertr\u00e4umen. Lassen Sie sich von unserer Expertise inspirieren und erleben Sie, wie Ihre Audioanlage in neuem Glanz erstrahlt, w\u00e4hrend wir Ihre klanglichen Visionen Wirklichkeit werden lassen.<\/p>\n<p style=\"text-align: center;\">F\u00fcr weitere Informationen kontaktieren Sie uns bitte telefonisch oder per <a href=\"mailto:doris@haidvogl.at?subject=Kontakt bez\u00fcglich Signalkabel\" title=\"Technik\">e-mail<\/a><\/p>\n<p>[\/et_pb_text][\/et_pb_column][\/et_pb_row][\/et_pb_section]<\/p>\n","protected":false},"excerpt":{"rendered":"<p>Zubeh\u00f6rSignalkabelDamit Ihre hochwertigen HiFi-Komponenten optimal verbunden werden und es zu keinen Anpassungsfehlern kommt,sind ma\u00dfgefertigte Signalkabel ein muss und zugleich unsere St\u00e4rke.Nicht immer sind die teuersten Kabel die, die am besten passen. Sprechen Sie uns an, wir beraten Sie gerne unverbindlich! Erleben Sie die Klangvielfalt auf einem neuen Niveau mit unseren hochwertigen Audio Signalkabeln, die speziell [&hellip;]<\/p>\n","protected":false},"author":1,"featured_media":0,"parent":0,"menu_order":0,"comment_status":"closed","ping_status":"closed","template":"","meta":{"_et_pb_use_builder":"on","_et_pb_old_content":"","_et_gb_content_width":"","footnotes":""},"class_list":["post-9292","page","type-page","status-publish","hentry"],"_links":{"self":[{"href":"https:\/\/www.haidvogl.at\/index.php\/wp-json\/wp\/v2\/pages\/9292","targetHints":{"allow":["GET"]}}],"collection":[{"href":"https:\/\/www.haidvogl.at\/index.php\/wp-json\/wp\/v2\/pages"}],"about":[{"href":"https:\/\/www.haidvogl.at\/index.php\/wp-json\/wp\/v2\/types\/page"}],"author":[{"embeddable":true,"href":"https:\/\/www.haidvogl.at\/index.php\/wp-json\/wp\/v2\/users\/1"}],"replies":[{"embeddable":true,"href":"https:\/\/www.haidvogl.at\/index.php\/wp-json\/wp\/v2\/comments?post=9292"}],"version-history":[{"count":13,"href":"https:\/\/www.haidvogl.at\/index.php\/wp-json\/wp\/v2\/pages\/9292\/revisions"}],"predecessor-version":[{"id":9849,"href":"https:\/\/www.haidvogl.at\/index.php\/wp-json\/wp\/v2\/pages\/9292\/revisions\/9849"}],"wp:attachment":[{"href":"https:\/\/www.haidvogl.at\/index.php\/wp-json\/wp\/v2\/media?parent=9292"}],"curies":[{"name":"wp","href":"https:\/\/api.w.org\/{rel}","templated":true}]}}