{"id":9250,"date":"2025-01-19T17:35:06","date_gmt":"2025-01-19T17:35:06","guid":{"rendered":"https:\/\/www.haidvogl.at\/?page_id=9250"},"modified":"2025-11-14T14:36:22","modified_gmt":"2025-11-14T14:36:22","slug":"9250-2","status":"publish","type":"page","link":"https:\/\/www.haidvogl.at\/index.php\/9250-2\/","title":{"rendered":"LS-Kabel-Classic"},"content":{"rendered":"<p>[et_pb_section fb_built=&#8220;1&#8243; _builder_version=&#8220;4.27.3&#8243; _module_preset=&#8220;default&#8220; background_color=&#8220;#303030&#8243; custom_padding=&#8220;||6px|||&#8220; global_colors_info=&#8220;{}&#8220;][et_pb_row _builder_version=&#8220;4.27.3&#8243; _module_preset=&#8220;default&#8220; custom_padding=&#8220;||10px|||&#8220; global_colors_info=&#8220;{}&#8220;][et_pb_column type=&#8220;4_4&#8243; _builder_version=&#8220;4.22.1&#8243; _module_preset=&#8220;default&#8220; global_colors_info=&#8220;{}&#8220;][et_pb_text _builder_version=&#8220;4.27.3&#8243; _module_preset=&#8220;7c7124e3-4c91-4b2a-95a7-240d73fb42d0&#8243; header_4_text_color=&#8220;gcid-afa30cf2-6f5d-4b9c-aa39-7dbe1ac3b7a3&#8243; text_orientation=&#8220;center&#8220; hover_enabled=&#8220;0&#8243; global_colors_info=&#8220;{%22gcid-afa30cf2-6f5d-4b9c-aa39-7dbe1ac3b7a3%22:%91%22header_4_text_color%22%93}&#8220; sticky_enabled=&#8220;0&#8243;]<\/p>\n<h4>Zubeh\u00f6r<\/h4>\n<p>[\/et_pb_text][et_pb_text _builder_version=&#8220;4.27.4&#8243; _module_preset=&#8220;83fe4b49-b4da-4557-bb01-47b2492f14c4&#8243; text_font_size=&#8220;8px&#8220; header_text_color=&#8220;#FFFFFF&#8220; text_orientation=&#8220;center&#8220; custom_margin=&#8220;||0px|||&#8220; global_colors_info=&#8220;{}&#8220;]<\/p>\n<h1 style=\"text-align: center;\">Lautsprecher-Kabel<\/h1>\n<p>[\/et_pb_text][\/et_pb_column][\/et_pb_row][\/et_pb_section][et_pb_section fb_built=&#8220;1&#8243; _builder_version=&#8220;4.27.3&#8243; _module_preset=&#8220;default&#8220; background_color=&#8220;#303030&#8243; custom_padding=&#8220;0px||6px|||&#8220; global_colors_info=&#8220;{}&#8220;][et_pb_row _builder_version=&#8220;4.27.3&#8243; _module_preset=&#8220;default&#8220; custom_padding=&#8220;||12px|||&#8220; global_colors_info=&#8220;{}&#8220;][et_pb_column type=&#8220;4_4&#8243; _builder_version=&#8220;4.27.3&#8243; _module_preset=&#8220;default&#8220; global_colors_info=&#8220;{}&#8220;][et_pb_text _builder_version=&#8220;4.27.4&#8243; _module_preset=&#8220;default&#8220; text_text_color=&#8220;#FFFFFF&#8220; text_font_size=&#8220;30px&#8220; global_colors_info=&#8220;{}&#8220;]<\/p>\n<p style=\"text-align: center;\"><strong>Classic Line<\/strong><\/p>\n<p>[\/et_pb_text][\/et_pb_column][\/et_pb_row][et_pb_row _builder_version=&#8220;4.27.4&#8243; _module_preset=&#8220;default&#8220; global_colors_info=&#8220;{}&#8220;][et_pb_column type=&#8220;4_4&#8243; _builder_version=&#8220;4.27.3&#8243; _module_preset=&#8220;default&#8220; global_colors_info=&#8220;{}&#8220;][et_pb_text _builder_version=&#8220;4.27.4&#8243; _module_preset=&#8220;default&#8220; text_text_color=&#8220;#FFFFFF&#8220; custom_padding=&#8220;||0px|||&#8220; global_colors_info=&#8220;{}&#8220;]<\/p>\n<p style=\"text-align: center;\">Unsere Lautsprecherkabel der Classic Line stehen nicht nur f\u00fcr herausragende Klangleistung, sondern auch f\u00fcr h\u00f6chste Verarbeitungsqualit\u00e4t und Langlebigkeit.<br \/>Jedes Kabel wird mit Sorgfalt in Handarbeit gefertigt und vereint erstklassige Materialien mit modernster Technik, um ein unverf\u00e4lschtes H\u00f6rerlebnis zu gew\u00e4hrleisten. Mit einem Durchmesser von 2 x 2,5 mm\u00b2 aus purem Kupfer und einem zus\u00e4tzlichen Gewebeschutz sind sie nicht nur robust, sondern auch optimal gegen Besch\u00e4digung gesch\u00fctzt. Erleben Sie den Unterschied und lassen Sie sich von der Klarheit und Dynamik Ihrer Musik begeistern \u2013 ganz gleich, ob in der heimischen Umgebung oder im professionellen Studio.<\/p>\n<p>[\/et_pb_text][\/et_pb_column][\/et_pb_row][et_pb_row _builder_version=&#8220;4.27.3&#8243; _module_preset=&#8220;default&#8220; global_colors_info=&#8220;{}&#8220;][et_pb_column type=&#8220;4_4&#8243; _builder_version=&#8220;4.27.3&#8243; _module_preset=&#8220;default&#8220; global_colors_info=&#8220;{}&#8220;][et_pb_image src=&#8220;https:\/\/www.haidvogl.at\/wp-content\/uploads\/2025\/01\/LS-Classic.jpg&#8220; alt=&#8220;Haidvogl-Audio&#8220; title_text=&#8220;LS-Kabel-Classic-Line&#8220; align=&#8220;center&#8220; _builder_version=&#8220;4.27.4&#8243; _module_preset=&#8220;default&#8220; border_radii=&#8220;on|15px|15px|15px|15px&#8220; global_colors_info=&#8220;{}&#8220;][\/et_pb_image][\/et_pb_column][\/et_pb_row][et_pb_row _builder_version=&#8220;4.27.3&#8243; _module_preset=&#8220;default&#8220; global_colors_info=&#8220;{}&#8220;][et_pb_column type=&#8220;4_4&#8243; _builder_version=&#8220;4.27.3&#8243; _module_preset=&#8220;default&#8220; global_colors_info=&#8220;{}&#8220;][et_pb_text _builder_version=&#8220;4.27.4&#8243; _module_preset=&#8220;default&#8220; text_text_color=&#8220;#FFFFFF&#8220; custom_padding=&#8220;||0px|||&#8220; global_colors_info=&#8220;{}&#8220;]<\/p>\n<p style=\"text-align: center;\"><strong>Allgemein<\/strong><br \/>Modell: Lautsprecherkabel<br \/>Typ: Classic Line<br \/>Technik: 2 x 2,5mm\u00b2 reines Kupfer.<br \/>Zus\u00e4tzlicher Gewebeschutz.<br \/>Stecker mit vergoldete Kontaktfl\u00e4chen.<\/p>\n<p style=\"text-align: center;\"><strong>Standard L\u00e4ngen<br \/><\/strong>1m &#8212; 297,&#8211;<br \/>2m &#8212; 335,&#8211;<br \/>3m &#8212; 373,&#8211;<br \/>4m &#8212; 411,&#8211;<br \/>5m &#8212; 449,&#8211;<br \/>6m &#8212; 487,&#8211;<br \/>8m &#8212; 559,&#8211;<\/p>\n<p style=\"text-align: center;\">Alle Kabell\u00e4ngen inklusive Sonderl\u00e4ngen werden nach Bestelleingang f\u00fcr Sie individuell angefertigt.<br \/>Bei offenen Fragen sprechen Sie uns an.<\/p>\n<p>[\/et_pb_text][\/et_pb_column][\/et_pb_row][et_pb_row _builder_version=&#8220;4.27.3&#8243; _module_preset=&#8220;default&#8220; custom_padding=&#8220;2px|||||&#8220; global_colors_info=&#8220;{}&#8220;][et_pb_column type=&#8220;4_4&#8243; _builder_version=&#8220;4.27.3&#8243; _module_preset=&#8220;default&#8220; global_colors_info=&#8220;{}&#8220;][et_pb_text _builder_version=&#8220;4.27.4&#8243; _module_preset=&#8220;default&#8220; text_text_color=&#8220;#FFFFFF&#8220; custom_padding=&#8220;||8px|||&#8220; global_colors_info=&#8220;{}&#8220;]<\/p>\n<p style=\"text-align: center;\"><strong>Preise in Euro pro Paar <\/strong>inkl.20%Mwst.<\/p>\n<p style=\"text-align: center;\">F\u00fcr weitere Informationen und Beratung stehen wir Ihnen jedezeit zur Verf\u00fcgung.<\/p>\n<p style=\"text-align: center;\">Vereinbaren Sie noch heute einen unverbindlichen Vorf\u00fchrtermin.<\/p>\n<p>[\/et_pb_text][\/et_pb_column][\/et_pb_row][\/et_pb_section]<\/p>\n","protected":false},"excerpt":{"rendered":"<p>Zubeh\u00f6rLautsprecher-KabelClassic LineUnsere Lautsprecherkabel der Classic Line stehen nicht nur f\u00fcr herausragende Klangleistung, sondern auch f\u00fcr h\u00f6chste Verarbeitungsqualit\u00e4t und Langlebigkeit.Jedes Kabel wird mit Sorgfalt in Handarbeit gefertigt und vereint erstklassige Materialien mit modernster Technik, um ein unverf\u00e4lschtes H\u00f6rerlebnis zu gew\u00e4hrleisten. Mit einem Durchmesser von 2 x 2,5 mm\u00b2 aus purem Kupfer und einem zus\u00e4tzlichen Gewebeschutz sind [&hellip;]<\/p>\n","protected":false},"author":1,"featured_media":0,"parent":0,"menu_order":0,"comment_status":"closed","ping_status":"closed","template":"","meta":{"_et_pb_use_builder":"on","_et_pb_old_content":"","_et_gb_content_width":"","footnotes":""},"class_list":["post-9250","page","type-page","status-publish","hentry"],"_links":{"self":[{"href":"https:\/\/www.haidvogl.at\/index.php\/wp-json\/wp\/v2\/pages\/9250","targetHints":{"allow":["GET"]}}],"collection":[{"href":"https:\/\/www.haidvogl.at\/index.php\/wp-json\/wp\/v2\/pages"}],"about":[{"href":"https:\/\/www.haidvogl.at\/index.php\/wp-json\/wp\/v2\/types\/page"}],"author":[{"embeddable":true,"href":"https:\/\/www.haidvogl.at\/index.php\/wp-json\/wp\/v2\/users\/1"}],"replies":[{"embeddable":true,"href":"https:\/\/www.haidvogl.at\/index.php\/wp-json\/wp\/v2\/comments?post=9250"}],"version-history":[{"count":16,"href":"https:\/\/www.haidvogl.at\/index.php\/wp-json\/wp\/v2\/pages\/9250\/revisions"}],"predecessor-version":[{"id":9842,"href":"https:\/\/www.haidvogl.at\/index.php\/wp-json\/wp\/v2\/pages\/9250\/revisions\/9842"}],"wp:attachment":[{"href":"https:\/\/www.haidvogl.at\/index.php\/wp-json\/wp\/v2\/media?parent=9250"}],"curies":[{"name":"wp","href":"https:\/\/api.w.org\/{rel}","templated":true}]}}