{"id":9236,"date":"2025-01-19T14:15:30","date_gmt":"2025-01-19T14:15:30","guid":{"rendered":"https:\/\/www.haidvogl.at\/?page_id=9236"},"modified":"2025-11-14T14:40:37","modified_gmt":"2025-11-14T14:40:37","slug":"9236-2","status":"publish","type":"page","link":"https:\/\/www.haidvogl.at\/index.php\/9236-2\/","title":{"rendered":"NETZKABEL-Classic"},"content":{"rendered":"<p>[et_pb_section fb_built=&#8220;1&#8243; _builder_version=&#8220;4.27.3&#8243; _module_preset=&#8220;default&#8220; background_color=&#8220;#303030&#8243; custom_padding=&#8220;||6px|||&#8220; global_colors_info=&#8220;{}&#8220;][et_pb_row _builder_version=&#8220;4.27.3&#8243; _module_preset=&#8220;default&#8220; custom_padding=&#8220;||10px|||&#8220; global_colors_info=&#8220;{}&#8220;][et_pb_column type=&#8220;4_4&#8243; _builder_version=&#8220;4.22.1&#8243; _module_preset=&#8220;default&#8220; global_colors_info=&#8220;{}&#8220;][et_pb_text _builder_version=&#8220;4.27.4&#8243; _module_preset=&#8220;7c7124e3-4c91-4b2a-95a7-240d73fb42d0&#8243; header_4_text_color=&#8220;gcid-afa30cf2-6f5d-4b9c-aa39-7dbe1ac3b7a3&#8243; text_orientation=&#8220;center&#8220; hover_enabled=&#8220;0&#8243; global_colors_info=&#8220;{%22gcid-afa30cf2-6f5d-4b9c-aa39-7dbe1ac3b7a3%22:%91%22header_4_text_color%22%93}&#8220; sticky_enabled=&#8220;0&#8243;]<\/p>\n<h4>Zubeh\u00f6r<\/h4>\n<p>[\/et_pb_text][et_pb_text _builder_version=&#8220;4.27.4&#8243; _module_preset=&#8220;83fe4b49-b4da-4557-bb01-47b2492f14c4&#8243; text_font_size=&#8220;8px&#8220; header_text_color=&#8220;#FFFFFF&#8220; text_orientation=&#8220;center&#8220; custom_margin=&#8220;||0px|||&#8220; global_colors_info=&#8220;{}&#8220;]<\/p>\n<h1 style=\"text-align: center;\">Netzkabel<\/h1>\n<p>[\/et_pb_text][\/et_pb_column][\/et_pb_row][\/et_pb_section][et_pb_section fb_built=&#8220;1&#8243; _builder_version=&#8220;4.27.3&#8243; _module_preset=&#8220;default&#8220; background_color=&#8220;#303030&#8243; custom_padding=&#8220;0px||6px|||&#8220; global_colors_info=&#8220;{}&#8220;][et_pb_row _builder_version=&#8220;4.27.3&#8243; _module_preset=&#8220;default&#8220; custom_padding=&#8220;||12px|||&#8220; global_colors_info=&#8220;{}&#8220;][et_pb_column type=&#8220;4_4&#8243; _builder_version=&#8220;4.27.3&#8243; _module_preset=&#8220;default&#8220; global_colors_info=&#8220;{}&#8220;][et_pb_text _builder_version=&#8220;4.27.4&#8243; _module_preset=&#8220;default&#8220; text_text_color=&#8220;#FFFFFF&#8220; text_font_size=&#8220;30px&#8220; global_colors_info=&#8220;{}&#8220;]<\/p>\n<p style=\"text-align: center;\"><strong>Classic Line<\/strong><\/p>\n<p>[\/et_pb_text][\/et_pb_column][\/et_pb_row][et_pb_row _builder_version=&#8220;4.27.4&#8243; _module_preset=&#8220;default&#8220; global_colors_info=&#8220;{}&#8220;][et_pb_column type=&#8220;4_4&#8243; _builder_version=&#8220;4.27.3&#8243; _module_preset=&#8220;default&#8220; global_colors_info=&#8220;{}&#8220;][et_pb_text _builder_version=&#8220;4.27.4&#8243; _module_preset=&#8220;default&#8220; text_text_color=&#8220;#FFFFFF&#8220; custom_padding=&#8220;||0px|||&#8220; global_colors_info=&#8220;{}&#8220;]<\/p>\n<p style=\"text-align: center;\">Unsere Netzkabel setzen neue Ma\u00dfst\u00e4be in der Klangleistung und bieten eine unvergleichliche L\u00f6sung f\u00fcr audiophile Anspr\u00fcche.<br \/>Mit fortschrittlicher Technologie und einer durchdachten Konstruktion sorgen unser Netzkabel daf\u00fcr, dass Ihr Audio-Setup m\u00f6glicht frei von St\u00f6rungen und Rauschen bleibt.<br \/>Die Abschirmung von St\u00f6rsignalen gew\u00e4hrleistet eine kristallklare Klangwiedergabe, die selbst bei h\u00f6chsten Lautst\u00e4rken nie an Pr\u00e4zision verliert.<br \/>Dank hochwertiger Materialien und einer robusten Bauweise f\u00fcgten sich unsere Netzkabel nicht nur nahtlos in Ihr bestehendes System ein, sondern verleihen ihm zudem eine elegante Note. Entdecken Sie die Freiheit, Ihre Musik in der bestm\u00f6glichen Qualit\u00e4t zu genie\u00dfen, und lassen Sie sich von der au\u00dfergew\u00f6hnlichen Performance verf\u00fchren, die nur ein Netzkabel von uns bieten kann.<\/p>\n<p>[\/et_pb_text][\/et_pb_column][\/et_pb_row][et_pb_row _builder_version=&#8220;4.27.3&#8243; _module_preset=&#8220;default&#8220; global_colors_info=&#8220;{}&#8220;][et_pb_column type=&#8220;4_4&#8243; _builder_version=&#8220;4.27.3&#8243; _module_preset=&#8220;default&#8220; global_colors_info=&#8220;{}&#8220;][et_pb_image src=&#8220;https:\/\/www.haidvogl.at\/wp-content\/uploads\/2025\/01\/Netz-Classic.jpg&#8220; alt=&#8220;Haidvogl-Audio&#8220; title_text=&#8220;Netzkabel-Classic-Line&#8220; align=&#8220;center&#8220; _builder_version=&#8220;4.27.4&#8243; _module_preset=&#8220;default&#8220; border_radii=&#8220;on|15px|15px|15px|15px&#8220; global_colors_info=&#8220;{}&#8220;][\/et_pb_image][\/et_pb_column][\/et_pb_row][et_pb_row _builder_version=&#8220;4.27.3&#8243; _module_preset=&#8220;default&#8220; global_colors_info=&#8220;{}&#8220;][et_pb_column type=&#8220;4_4&#8243; _builder_version=&#8220;4.27.3&#8243; _module_preset=&#8220;default&#8220; global_colors_info=&#8220;{}&#8220;][et_pb_text _builder_version=&#8220;4.27.4&#8243; _module_preset=&#8220;default&#8220; text_text_color=&#8220;#FFFFFF&#8220; custom_padding=&#8220;||1px|||&#8220; global_colors_info=&#8220;{}&#8220;]<\/p>\n<p style=\"text-align: center;\"><strong style=\"font-size: 14px;\">Allgemein<\/strong><\/p>\n<p style=\"text-align: center;\">Modell: Netzkabel<br \/>Typ: Classic Line<br \/>Technik: 3 x 2,5mm\u00b2 reines Kupfer<br \/>vollst\u00e4ndig geschirmt gegen \u00e4u\u00dfere Einfl\u00fcsse.<br \/>Zus\u00e4tzlicher Gewebeschutz.<br \/>Stecker mit vergoldete Kontaktfl\u00e4chen.<\/p>\n<p style=\"text-align: center;\"><strong>Standard L\u00e4ngen<br \/><\/strong>1m &#8212; 327,&#8211;<br \/>1,5m &#8212; 353,&#8211;<br \/>2m &#8212; 379,&#8211;<br \/>3m &#8212; 398,&#8211;<\/p>\n<p style=\"text-align: center;\">Alle Kabell\u00e4ngen inklusive Sonderl\u00e4ngen werden nach Bestelleingang f\u00fcr Sie individuell angefertigt.<br \/>Bei offenen Fragen sprechen Sie uns an.<\/p>\n<p>[\/et_pb_text][\/et_pb_column][\/et_pb_row][et_pb_row _builder_version=&#8220;4.27.3&#8243; _module_preset=&#8220;default&#8220; global_colors_info=&#8220;{}&#8220;][et_pb_column type=&#8220;4_4&#8243; _builder_version=&#8220;4.27.3&#8243; _module_preset=&#8220;default&#8220; global_colors_info=&#8220;{}&#8220;][et_pb_text _builder_version=&#8220;4.27.4&#8243; _module_preset=&#8220;default&#8220; text_text_color=&#8220;#FFFFFF&#8220; custom_padding=&#8220;||7px|||&#8220; global_colors_info=&#8220;{}&#8220;]<\/p>\n<p style=\"text-align: center;\"><strong>Preise in Euro <\/strong>inkl.20%Mwst.<\/p>\n<p style=\"text-align: center;\">F\u00fcr weitere Informationen und Beratung stehen wir Ihnen jedezeit zur Verf\u00fcgung.<\/p>\n<p style=\"text-align: center;\">Vereinbaren Sie noch heute einen unverbindlichen Vorf\u00fchrtermin.<\/p>\n<p>[\/et_pb_text][\/et_pb_column][\/et_pb_row][\/et_pb_section]<\/p>\n","protected":false},"excerpt":{"rendered":"<p>Zubeh\u00f6rNetzkabelClassic LineUnsere Netzkabel setzen neue Ma\u00dfst\u00e4be in der Klangleistung und bieten eine unvergleichliche L\u00f6sung f\u00fcr audiophile Anspr\u00fcche.Mit fortschrittlicher Technologie und einer durchdachten Konstruktion sorgen unser Netzkabel daf\u00fcr, dass Ihr Audio-Setup m\u00f6glicht frei von St\u00f6rungen und Rauschen bleibt.Die Abschirmung von St\u00f6rsignalen gew\u00e4hrleistet eine kristallklare Klangwiedergabe, die selbst bei h\u00f6chsten Lautst\u00e4rken nie an Pr\u00e4zision verliert.Dank hochwertiger Materialien [&hellip;]<\/p>\n","protected":false},"author":1,"featured_media":0,"parent":0,"menu_order":0,"comment_status":"closed","ping_status":"closed","template":"","meta":{"_et_pb_use_builder":"on","_et_pb_old_content":"","_et_gb_content_width":"","footnotes":""},"class_list":["post-9236","page","type-page","status-publish","hentry"],"_links":{"self":[{"href":"https:\/\/www.haidvogl.at\/index.php\/wp-json\/wp\/v2\/pages\/9236","targetHints":{"allow":["GET"]}}],"collection":[{"href":"https:\/\/www.haidvogl.at\/index.php\/wp-json\/wp\/v2\/pages"}],"about":[{"href":"https:\/\/www.haidvogl.at\/index.php\/wp-json\/wp\/v2\/types\/page"}],"author":[{"embeddable":true,"href":"https:\/\/www.haidvogl.at\/index.php\/wp-json\/wp\/v2\/users\/1"}],"replies":[{"embeddable":true,"href":"https:\/\/www.haidvogl.at\/index.php\/wp-json\/wp\/v2\/comments?post=9236"}],"version-history":[{"count":19,"href":"https:\/\/www.haidvogl.at\/index.php\/wp-json\/wp\/v2\/pages\/9236\/revisions"}],"predecessor-version":[{"id":9847,"href":"https:\/\/www.haidvogl.at\/index.php\/wp-json\/wp\/v2\/pages\/9236\/revisions\/9847"}],"wp:attachment":[{"href":"https:\/\/www.haidvogl.at\/index.php\/wp-json\/wp\/v2\/media?parent=9236"}],"curies":[{"name":"wp","href":"https:\/\/api.w.org\/{rel}","templated":true}]}}