{"id":9021,"date":"2024-11-29T13:44:04","date_gmt":"2024-11-29T13:44:04","guid":{"rendered":"https:\/\/www.haidvogl.at\/?page_id=9021"},"modified":"2025-11-14T14:39:55","modified_gmt":"2025-11-14T14:39:55","slug":"netzfilter","status":"publish","type":"page","link":"https:\/\/www.haidvogl.at\/index.php\/netzfilter\/","title":{"rendered":"NETZFILTER"},"content":{"rendered":"<p>[et_pb_section fb_built=&#8220;1&#8243; _builder_version=&#8220;4.27.3&#8243; _module_preset=&#8220;default&#8220; background_color=&#8220;#303030&#8243; custom_padding=&#8220;||6px|||&#8220; global_colors_info=&#8220;{}&#8220;][et_pb_row _builder_version=&#8220;4.27.3&#8243; _module_preset=&#8220;default&#8220; custom_padding=&#8220;||10px|||&#8220; global_colors_info=&#8220;{}&#8220;][et_pb_column type=&#8220;4_4&#8243; _builder_version=&#8220;4.22.1&#8243; _module_preset=&#8220;default&#8220; global_colors_info=&#8220;{}&#8220;][et_pb_text _builder_version=&#8220;4.27.4&#8243; _module_preset=&#8220;7c7124e3-4c91-4b2a-95a7-240d73fb42d0&#8243; header_4_text_color=&#8220;gcid-afa30cf2-6f5d-4b9c-aa39-7dbe1ac3b7a3&#8243; text_orientation=&#8220;center&#8220; hover_enabled=&#8220;0&#8243; global_colors_info=&#8220;{%22gcid-afa30cf2-6f5d-4b9c-aa39-7dbe1ac3b7a3%22:%91%22header_4_text_color%22%93}&#8220; sticky_enabled=&#8220;0&#8243;]<\/p>\n<h4>Zubeh\u00f6r<\/h4>\n<p>[\/et_pb_text][et_pb_text _builder_version=&#8220;4.27.3&#8243; _module_preset=&#8220;83fe4b49-b4da-4557-bb01-47b2492f14c4&#8243; text_font_size=&#8220;8px&#8220; header_text_color=&#8220;#FFFFFF&#8220; text_orientation=&#8220;center&#8220; custom_margin=&#8220;||0px|||&#8220; custom_padding=&#8220;||0px|||&#8220; global_colors_info=&#8220;{}&#8220;]<\/p>\n<h1 style=\"text-align: center;\">Netzfilter<\/h1>\n<p>[\/et_pb_text][\/et_pb_column][\/et_pb_row][\/et_pb_section][et_pb_section fb_built=&#8220;1&#8243; _builder_version=&#8220;4.27.3&#8243; _module_preset=&#8220;default&#8220; background_color=&#8220;#303030&#8243; custom_padding=&#8220;0px||6px|||&#8220; global_colors_info=&#8220;{}&#8220;][et_pb_row _builder_version=&#8220;4.27.3&#8243; _module_preset=&#8220;default&#8220; custom_padding=&#8220;||12px|||&#8220; global_colors_info=&#8220;{}&#8220;][et_pb_column type=&#8220;4_4&#8243; _builder_version=&#8220;4.27.3&#8243; _module_preset=&#8220;default&#8220; global_colors_info=&#8220;{}&#8220;][et_pb_text _builder_version=&#8220;4.27.3&#8243; _module_preset=&#8220;default&#8220; text_text_color=&#8220;#FFFFFF&#8220; text_font_size=&#8220;30px&#8220; custom_margin=&#8220;-34px|||||&#8220; custom_padding=&#8220;||9px|||&#8220; global_colors_info=&#8220;{}&#8220;]<\/p>\n<p style=\"text-align: center;\"><strong>NFU-1<\/strong><\/p>\n<p>[\/et_pb_text][\/et_pb_column][\/et_pb_row][et_pb_row _builder_version=&#8220;4.27.3&#8243; _module_preset=&#8220;default&#8220; custom_margin=&#8220;-22px|auto||auto||&#8220; global_colors_info=&#8220;{}&#8220;][et_pb_column type=&#8220;4_4&#8243; _builder_version=&#8220;4.27.3&#8243; _module_preset=&#8220;default&#8220; global_colors_info=&#8220;{}&#8220;][et_pb_text _builder_version=&#8220;4.27.4&#8243; _module_preset=&#8220;default&#8220; text_text_color=&#8220;#FFFFFF&#8220; global_colors_info=&#8220;{}&#8220;]<\/p>\n<p style=\"text-align: center;\">Unser NFU-1 Audio Netzfilter setzt neue Ma\u00dfst\u00e4be in der Klangleistung und bietet eine unvergleichliche L\u00f6sung f\u00fcr audiophile Anspr\u00fcche.<br \/>Mit fortschrittlicher Technologie und einer durchdachten Konstruktion sorgt unser Netzfilter daf\u00fcr, dass Ihr Audio-Setup frei von St\u00f6rungen und Rauschen bleibt.<br \/>Die gezielte Entkopplung von St\u00f6rsignalen gew\u00e4hrleistet eine kristallklare Klangwiedergabe, die selbst bei h\u00f6chsten Lautst\u00e4rken nie an Pr\u00e4zision verliert.<br \/>Dank hochwertiger Materialien und einer robusten Bauweise f\u00fcgt sich der Netzfilter nicht nur nahtlos in Ihr bestehendes System ein, sondern verleiht ihm zudem eine elegante Note. Entdecken Sie die Freiheit, Ihre Musik in der bestm\u00f6glichen Qualit\u00e4t zu genie\u00dfen, und lassen Sie sich von der au\u00dfergew\u00f6hnlichen Performance verf\u00fchren, die nur ein Netzfilter von uns bieten kann.<\/p>\n<p>[\/et_pb_text][\/et_pb_column][\/et_pb_row][et_pb_row _builder_version=&#8220;4.27.3&#8243; _module_preset=&#8220;default&#8220; custom_padding=&#8220;1px|||||&#8220; global_colors_info=&#8220;{}&#8220;][et_pb_column type=&#8220;4_4&#8243; _builder_version=&#8220;4.27.3&#8243; _module_preset=&#8220;default&#8220; global_colors_info=&#8220;{}&#8220;][et_pb_image src=&#8220;https:\/\/www.haidvogl.at\/wp-content\/uploads\/2024\/11\/NFU-1_1200x675-1.jpg&#8220; alt=&#8220;Netzfilter Haidvogl-Audio&#8220; title_text=&#8220;NFU-1&#8243; align=&#8220;center&#8220; _builder_version=&#8220;4.27.3&#8243; _module_preset=&#8220;default&#8220; border_radii=&#8220;on|15px|15px|15px|15px&#8220; global_colors_info=&#8220;{}&#8220;][\/et_pb_image][\/et_pb_column][\/et_pb_row][et_pb_row _builder_version=&#8220;4.27.3&#8243; _module_preset=&#8220;default&#8220; global_colors_info=&#8220;{}&#8220;][et_pb_column type=&#8220;4_4&#8243; _builder_version=&#8220;4.27.3&#8243; _module_preset=&#8220;default&#8220; global_colors_info=&#8220;{}&#8220;][et_pb_text _builder_version=&#8220;4.27.3&#8243; _module_preset=&#8220;default&#8220; text_text_color=&#8220;#FFFFFF&#8220; custom_padding=&#8220;||0px|||&#8220; global_colors_info=&#8220;{}&#8220;]<\/p>\n<p style=\"text-align: center;\"><strong>Allgemein<\/strong><br \/>Modell: NFU-1<br \/>Typ: Audio Netzfilter<br \/>Design: Vollmetall Geh\u00e4use mit Holzintarsie in der Front.<\/p>\n<p style=\"text-align: center;\"><strong>Besonderheiten<br \/><\/strong>Konstruiert und hergestellt in unserem Haus.<br \/><strong><em>Zweikanalig<\/em><\/strong><br \/>Zwei vollst\u00e4ndig voneinander getrennte Filtereinheiten mit getrennten Steckdosen an der R\u00fcckseite zum entkoppelten Anschluss von digitalen und analogen Ger\u00e4ten, damit sind gegenseitige Beeinflussungen der Ger\u00e4te auf ein Minumum reduziert.<br \/><strong><em>Zweistufig<\/em><\/strong><br \/>Jeder der Filtereinheiten besteht aus zwei Filterstufen um St\u00f6rungen aus dem Stromnetz effizient zu unterdr\u00fccken.<\/p>\n<p style=\"text-align: center;\"><strong>Kompromisslose Konstruktion<\/strong><br \/>Das Geh\u00e4use und die Filtereinheiten sind vollst\u00e4ndig metallgekapselt um \u00e4u\u00dfere Einfl\u00fcsse fern zu halten.<\/p>\n<p>[\/et_pb_text][\/et_pb_column][\/et_pb_row][et_pb_row _builder_version=&#8220;4.27.3&#8243; _module_preset=&#8220;default&#8220; global_colors_info=&#8220;{}&#8220;][et_pb_column type=&#8220;4_4&#8243; _builder_version=&#8220;4.27.3&#8243; _module_preset=&#8220;default&#8220; global_colors_info=&#8220;{}&#8220;][et_pb_text _builder_version=&#8220;4.27.3&#8243; _module_preset=&#8220;default&#8220; text_text_color=&#8220;#FFFFFF&#8220; custom_padding=&#8220;||0px||false|false&#8220; global_colors_info=&#8220;{}&#8220;]<\/p>\n<p><strong>Technische Daten<br \/><\/strong>Netzspannung: 230 VAC<br \/>Leistung (gesamt beide Kan\u00e4le): 3450W<br \/>Strom pro Kanal max: 10A &#8211; 2300W<br \/>Eingang: Kaltger\u00e4tebuchse<br \/>Ausgang: 2 x Schukosteckdose<br \/>Eingangssicherung: 15A Thermosicherung (r\u00fccksetzbar)<br \/>Ausgangssicherungen: je 10AT (von aussen wechselbar)<br \/>Abmessungen: 194mm \u00d7 84mm \u00d7 292mm (B\u00d7H\u00d7T)<br \/>Gewicht: 2,54 kg<\/p>\n<p>[\/et_pb_text][\/et_pb_column][\/et_pb_row][et_pb_row _builder_version=&#8220;4.27.3&#8243; _module_preset=&#8220;default&#8220; global_colors_info=&#8220;{}&#8220;][et_pb_column type=&#8220;4_4&#8243; _builder_version=&#8220;4.27.3&#8243; _module_preset=&#8220;default&#8220; global_colors_info=&#8220;{}&#8220;][et_pb_text _builder_version=&#8220;4.27.4&#8243; _module_preset=&#8220;default&#8220; text_text_color=&#8220;#FFFFFF&#8220; global_colors_info=&#8220;{}&#8220;]<\/p>\n<p style=\"text-align: center;\"><strong>Kaufpreis in Euro <\/strong>inkl.20%Mwst.: 896,&#8211;<\/p>\n<p style=\"text-align: center;\">F\u00fcr weitere Informationen und Beratung stehen wir Ihnen jedezeit zur Verf\u00fcgung.<\/p>\n<p style=\"text-align: center;\">Vereinbaren Sie noch heute einen unverbindlichen Vorf\u00fchrtermin.<\/p>\n<p>[\/et_pb_text][\/et_pb_column][\/et_pb_row][\/et_pb_section]<\/p>\n","protected":false},"excerpt":{"rendered":"<p>Zubeh\u00f6rNetzfilterNFU-1Unser NFU-1 Audio Netzfilter setzt neue Ma\u00dfst\u00e4be in der Klangleistung und bietet eine unvergleichliche L\u00f6sung f\u00fcr audiophile Anspr\u00fcche.Mit fortschrittlicher Technologie und einer durchdachten Konstruktion sorgt unser Netzfilter daf\u00fcr, dass Ihr Audio-Setup frei von St\u00f6rungen und Rauschen bleibt.Die gezielte Entkopplung von St\u00f6rsignalen gew\u00e4hrleistet eine kristallklare Klangwiedergabe, die selbst bei h\u00f6chsten Lautst\u00e4rken nie an Pr\u00e4zision verliert.Dank hochwertiger [&hellip;]<\/p>\n","protected":false},"author":1,"featured_media":0,"parent":0,"menu_order":0,"comment_status":"closed","ping_status":"closed","template":"","meta":{"_et_pb_use_builder":"on","_et_pb_old_content":"","_et_gb_content_width":"","footnotes":""},"class_list":["post-9021","page","type-page","status-publish","hentry"],"_links":{"self":[{"href":"https:\/\/www.haidvogl.at\/index.php\/wp-json\/wp\/v2\/pages\/9021","targetHints":{"allow":["GET"]}}],"collection":[{"href":"https:\/\/www.haidvogl.at\/index.php\/wp-json\/wp\/v2\/pages"}],"about":[{"href":"https:\/\/www.haidvogl.at\/index.php\/wp-json\/wp\/v2\/types\/page"}],"author":[{"embeddable":true,"href":"https:\/\/www.haidvogl.at\/index.php\/wp-json\/wp\/v2\/users\/1"}],"replies":[{"embeddable":true,"href":"https:\/\/www.haidvogl.at\/index.php\/wp-json\/wp\/v2\/comments?post=9021"}],"version-history":[{"count":19,"href":"https:\/\/www.haidvogl.at\/index.php\/wp-json\/wp\/v2\/pages\/9021\/revisions"}],"predecessor-version":[{"id":9846,"href":"https:\/\/www.haidvogl.at\/index.php\/wp-json\/wp\/v2\/pages\/9021\/revisions\/9846"}],"wp:attachment":[{"href":"https:\/\/www.haidvogl.at\/index.php\/wp-json\/wp\/v2\/media?parent=9021"}],"curies":[{"name":"wp","href":"https:\/\/api.w.org\/{rel}","templated":true}]}}