{"id":8758,"date":"2024-11-25T18:05:57","date_gmt":"2024-11-25T18:05:57","guid":{"rendered":"https:\/\/www.haidvogl.at\/?page_id=8758"},"modified":"2025-11-12T20:43:54","modified_gmt":"2025-11-12T20:43:54","slug":"aufbereitet","status":"publish","type":"page","link":"https:\/\/www.haidvogl.at\/index.php\/aufbereitet\/","title":{"rendered":"AUFBEREITET"},"content":{"rendered":"<p>[et_pb_section fb_built=&#8220;1&#8243; _builder_version=&#8220;4.27.3&#8243; _module_preset=&#8220;default&#8220; background_color=&#8220;#303030&#8243; min_height=&#8220;251.4px&#8220; custom_padding=&#8220;||5px|||&#8220; global_colors_info=&#8220;{}&#8220;][et_pb_row _builder_version=&#8220;4.27.3&#8243; _module_preset=&#8220;default&#8220; global_colors_info=&#8220;{}&#8220;][et_pb_column type=&#8220;4_4&#8243; _builder_version=&#8220;4.22.1&#8243; _module_preset=&#8220;default&#8220; global_colors_info=&#8220;{}&#8220;][et_pb_text _builder_version=&#8220;4.27.3&#8243; _module_preset=&#8220;7c7124e3-4c91-4b2a-95a7-240d73fb42d0&#8243; header_4_text_color=&#8220;gcid-afa30cf2-6f5d-4b9c-aa39-7dbe1ac3b7a3&#8243; text_orientation=&#8220;center&#8220; global_colors_info=&#8220;{%22gcid-afa30cf2-6f5d-4b9c-aa39-7dbe1ac3b7a3%22:%91%22header_4_text_color%22%93}&#8220;]<\/p>\n<h4>Produkte<\/h4>\n<p>[\/et_pb_text][et_pb_text _builder_version=&#8220;4.27.3&#8243; _module_preset=&#8220;83fe4b49-b4da-4557-bb01-47b2492f14c4&#8243; text_font_size=&#8220;8px&#8220; header_text_color=&#8220;#FFFFFF&#8220; text_orientation=&#8220;center&#8220; custom_margin=&#8220;||0px|||&#8220; global_colors_info=&#8220;{}&#8220;]<\/p>\n<h1 style=\"text-align: center;\">Aufbereitete Produkte<\/h1>\n<p>[\/et_pb_text][\/et_pb_column][\/et_pb_row][et_pb_row _builder_version=&#8220;4.27.4&#8243; _module_preset=&#8220;default&#8220; custom_padding=&#8220;1px||5px|||&#8220; global_colors_info=&#8220;{}&#8220;][et_pb_column type=&#8220;4_4&#8243; _builder_version=&#8220;4.27.4&#8243; _module_preset=&#8220;default&#8220; global_colors_info=&#8220;{}&#8220;][et_pb_image src=&#8220;https:\/\/www.haidvogl.at\/wp-content\/uploads\/2025\/11\/B710.jpg&#8220; alt=&#8220;Haidvogl-Audio&#8220; title_text=&#8220;Revox B710&#8243; _builder_version=&#8220;4.27.4&#8243; _module_preset=&#8220;default&#8220; hover_enabled=&#8220;0&#8243; global_colors_info=&#8220;{}&#8220; border_radii=&#8220;on|15px|15px|15px|15px&#8220; sticky_enabled=&#8220;0&#8243;][\/et_pb_image][\/et_pb_column][\/et_pb_row][\/et_pb_section][et_pb_section fb_built=&#8220;1&#8243; _builder_version=&#8220;4.27.3&#8243; _module_preset=&#8220;default&#8220; background_color=&#8220;#303030&#8243; custom_padding=&#8220;0px||6px|||&#8220; global_colors_info=&#8220;{}&#8220;][et_pb_row _builder_version=&#8220;4.27.3&#8243; _module_preset=&#8220;default&#8220; custom_padding=&#8220;9px||201px|||&#8220; global_colors_info=&#8220;{}&#8220;][et_pb_column type=&#8220;4_4&#8243; _builder_version=&#8220;4.27.3&#8243; _module_preset=&#8220;default&#8220; global_colors_info=&#8220;{}&#8220;][et_pb_text _builder_version=&#8220;4.27.4&#8243; _module_preset=&#8220;default&#8220; text_text_color=&#8220;#FFFFFF&#8220; custom_padding=&#8220;10px|||||&#8220; global_colors_info=&#8220;{}&#8220;]<\/p>\n<p style=\"text-align: center;\">Spezialisiert sind wir auf Vintage High-End Ger\u00e4te.<br \/>Haupts\u00e4chlich kaufen wir REVOX Ger\u00e4te wenn sie sich in noch optisch akzeptablem Zustand befinden an.<br \/>In Sonderf\u00e4llen jedoch auch andere High-End Marken.<\/p>\n<p style=\"text-align: center;\">Diese Ger\u00e4te werden bei uns sowohl technisch als auch optisch general\u00fcberholt.<\/p>\n<p style=\"text-align: center;\">Danach stehen Ihnen diese erstklassigen Exemplare zum Kauf zur Verf\u00fcgung.<\/p>\n<p style=\"text-align: center;\">F\u00fcr technische Ausk\u00fcnfte vor dem Kauf kontaktieren Sie uns gerne per Telefon oder <a href=\"mailto:doris@haidvogl.at?subject=Kontakt%20bez\u00fcglich aufbereitete Ger\u00e4te\">e-mail<\/a>.<\/p>\n<p style=\"text-align: center;\">Gerne k\u00f6nnen Sie die Ger\u00e4te auch nach Terminvereinbarung testen und probeh\u00f6ren.<\/p>\n<p style=\"text-align: center;\"><strong>Auf alle von uns aufbereiteten Ger\u00e4te geben wir zwei Jahre Gew\u00e4hrleistung.<\/strong><\/p>\n<p>[\/et_pb_text][\/et_pb_column][\/et_pb_row][\/et_pb_section]<\/p>\n","protected":false},"excerpt":{"rendered":"<p>ProdukteAufbereitete ProdukteSpezialisiert sind wir auf Vintage High-End Ger\u00e4te.Haupts\u00e4chlich kaufen wir REVOX Ger\u00e4te wenn sie sich in noch optisch akzeptablem Zustand befinden an.In Sonderf\u00e4llen jedoch auch andere High-End Marken. Diese Ger\u00e4te werden bei uns sowohl technisch als auch optisch general\u00fcberholt. Danach stehen Ihnen diese erstklassigen Exemplare zum Kauf zur Verf\u00fcgung. F\u00fcr technische Ausk\u00fcnfte vor dem Kauf [&hellip;]<\/p>\n","protected":false},"author":1,"featured_media":0,"parent":0,"menu_order":0,"comment_status":"closed","ping_status":"closed","template":"","meta":{"_et_pb_use_builder":"on","_et_pb_old_content":"","_et_gb_content_width":"","footnotes":""},"class_list":["post-8758","page","type-page","status-publish","hentry"],"_links":{"self":[{"href":"https:\/\/www.haidvogl.at\/index.php\/wp-json\/wp\/v2\/pages\/8758","targetHints":{"allow":["GET"]}}],"collection":[{"href":"https:\/\/www.haidvogl.at\/index.php\/wp-json\/wp\/v2\/pages"}],"about":[{"href":"https:\/\/www.haidvogl.at\/index.php\/wp-json\/wp\/v2\/types\/page"}],"author":[{"embeddable":true,"href":"https:\/\/www.haidvogl.at\/index.php\/wp-json\/wp\/v2\/users\/1"}],"replies":[{"embeddable":true,"href":"https:\/\/www.haidvogl.at\/index.php\/wp-json\/wp\/v2\/comments?post=8758"}],"version-history":[{"count":49,"href":"https:\/\/www.haidvogl.at\/index.php\/wp-json\/wp\/v2\/pages\/8758\/revisions"}],"predecessor-version":[{"id":9739,"href":"https:\/\/www.haidvogl.at\/index.php\/wp-json\/wp\/v2\/pages\/8758\/revisions\/9739"}],"wp:attachment":[{"href":"https:\/\/www.haidvogl.at\/index.php\/wp-json\/wp\/v2\/media?parent=8758"}],"curies":[{"name":"wp","href":"https:\/\/api.w.org\/{rel}","templated":true}]}}