{"id":8697,"date":"2024-11-25T16:01:47","date_gmt":"2024-11-25T16:01:47","guid":{"rendered":"https:\/\/www.haidvogl.at\/?page_id=8697"},"modified":"2024-11-25T16:04:49","modified_gmt":"2024-11-25T16:04:49","slug":"datenschutz","status":"publish","type":"page","link":"https:\/\/www.haidvogl.at\/index.php\/datenschutz\/","title":{"rendered":"DATENSCHUTZ"},"content":{"rendered":"<p>[et_pb_section fb_built=&#8220;1&#8243; _builder_version=&#8220;4.27.3&#8243; _module_preset=&#8220;default&#8220; background_color=&#8220;#303030&#8243; global_colors_info=&#8220;{}&#8220; theme_builder_area=&#8220;post_content&#8220; custom_padding=&#8220;||3px|||&#8220;][et_pb_row _builder_version=&#8220;4.22.1&#8243; _module_preset=&#8220;default&#8220; global_colors_info=&#8220;{}&#8220; theme_builder_area=&#8220;post_content&#8220;][et_pb_column type=&#8220;4_4&#8243; _builder_version=&#8220;4.22.1&#8243; _module_preset=&#8220;default&#8220; global_colors_info=&#8220;{}&#8220; theme_builder_area=&#8220;post_content&#8220;][et_pb_text _builder_version=&#8220;4.27.3&#8243; _module_preset=&#8220;83fe4b49-b4da-4557-bb01-47b2492f14c4&#8243; header_text_color=&#8220;#FFFFFF&#8220; text_orientation=&#8220;center&#8220; global_colors_info=&#8220;{}&#8220; theme_builder_area=&#8220;post_content&#8220; custom_margin=&#8220;||1px|||&#8220;]<\/p>\n<h1>Datenschutz<\/h1>\n<p>[\/et_pb_text][\/et_pb_column][\/et_pb_row][\/et_pb_section][et_pb_section fb_built=&#8220;1&#8243; _builder_version=&#8220;4.27.3&#8243; _module_preset=&#8220;default&#8220; background_color=&#8220;#303030&#8243; global_colors_info=&#8220;{}&#8220; theme_builder_area=&#8220;post_content&#8220; custom_padding=&#8220;0px|||||&#8220;][et_pb_row _builder_version=&#8220;4.27.3&#8243; _module_preset=&#8220;default&#8220; global_colors_info=&#8220;{}&#8220; theme_builder_area=&#8220;post_content&#8220; custom_padding=&#8220;||60px|||&#8220;][et_pb_column type=&#8220;4_4&#8243; _builder_version=&#8220;4.27.3&#8243; _module_preset=&#8220;default&#8220; global_colors_info=&#8220;{}&#8220; theme_builder_area=&#8220;post_content&#8220;][et_pb_text _builder_version=&#8220;4.27.3&#8243; _module_preset=&#8220;default&#8220; text_text_color=&#8220;#FFFFFF&#8220; hover_enabled=&#8220;0&#8243; global_colors_info=&#8220;{}&#8220; theme_builder_area=&#8220;post_content&#8220; sticky_enabled=&#8220;0&#8243;]<\/p>\n<p><strong><\/strong><strong>Informationspflicht<br \/><\/strong>Aufgrund der Datenschutzbestimmungen sind wir verpflichtet, Sie \u00fcber die Verarbeitung Ihrer personenbezogenen Daten zu informieren. Diese Datenschutzerkl\u00e4rung enth\u00e4lt die wichtigsten Aspekte der Datenverarbeitung im Rahmen unserer Gesch\u00e4ftsbeziehung sowie die Verarbeitung personenbezogener Daten beim Besuch dieser Website.<\/p>\n<p>Wir weisen darauf hin, dass die Daten\u00fcbertragung im Internet (z.B. bei der Kommunikation per E-Mail) Sicherheitsl\u00fccken aufweisen kann. Ein l\u00fcckenloser Schutz der Daten vor dem Zugriff durch Dritte ist nicht m\u00f6glich.<\/p>\n<p><strong>Sammeln von Informationen und Cookies<br \/><\/strong>W\u00e4hrend Sie unsere webseite besuchen, zeichnen wir auf:<\/p>\n<p>Angesehene Produkte: Hier zeigen wir die Produkte, die Sie vor Kurzem angesehen haben<br \/>Standort, IP-Adresse und Browser-Typ: Wir verwenden dies f\u00fcr Zwecke wie die Sch\u00e4tzung von Steuern und Versandkosten<br \/>Versandadresse, e-mail Adresse, Telefonnummer und Zahlungsdetails : Wir werden Sie auffordern, diese anzugeben, bevor Sie eine Bestellung aufgeben, um Ihre Bestellung und den Zahlungsvorgang abwickeln zu k\u00f6nnen.<br \/>Wir nutzen auch Cookies, um den Inhalt Ihres Warenkorbs zu verfolgen, w\u00e4hrend Sie unsere webseite besuchen, um Ihnen Informationen \u00fcber Ihr Konto und Ihre Bestellung zukommen zu lassen und um Ihnen Marketing-Nachrichten senden zu k\u00f6nnen, wenn Sie das w\u00fcnschen. Wenn Sie uns Ihre Daten freiwillig zur Verf\u00fcgung stellen, kann das eine Einwilligung sein, Ihren Namen, E-Mail-Adresse und Website in Cookies zu speichern. Diese Cookies werden ein Jahr lang gespeichert.<\/p>\n<p>Falls Sie ein Konto bei uns haben und Sie sich auf dieser Website anmelden, werden wir ein tempor\u00e4res Cookie setzen, um festzustellen, ob Ihr Browser Cookies akzeptiert. Dieses Cookie enth\u00e4lt keine personenbezogenen Daten und wird verworfen, wenn Sie Ihren Browser schlie\u00dfen.<\/p>\n<p>Wenn Sie sich anmelden, werden wir einige Cookies einrichten, um Ihre Anmeldeinformationen und Anzeigeoptionen zu speichern. Anmelde-Cookies verfallen nach zwei Tagen und Cookies f\u00fcr die Anzeigeoptionen nach einem Jahr. Falls Sie bei der Anmeldung \u201eAngemeldet bleiben\u201c ausw\u00e4hlen, wird Ihre Anmeldung zwei Wochen lang aufrechterhalten. Mit der Abmeldung aus Ihrem Konto werden die Anmelde-Cookies gel\u00f6scht.<\/p>\n<p><strong>Verarbeitung personenbezogener Daten<br \/><\/strong>\u200b\u200b<em><u>Rechtsgrundlage Einwilligung:<\/u><\/em><\/p>\n<p>Sie haben uns durch die Kontaktaufnahme (E-Mail, Kontakt \u00fcber Formular auf der Website, Telefon, etc.) Daten \u00fcber sich freiwillig zur Verf\u00fcgung gestellt und wir verarbeiten diese Daten auf Basis Ihrer freiwilligen Einwilligung zur Bearbeitung Ihrer Anliegen. Sie k\u00f6nnen diese Einwilligung jederzeit widerrufen. Ein Widerruf hat zur Folge, dass wir Ihre Daten ab diesem Zeitpunkt zu oben genannten Zwecken nicht mehr verarbeiten.<\/p>\n<p>\u200b<em><u>Rechtsgrundlage\u00a0Vertragserf\u00fcllung:<\/u><\/em><\/p>\n<p>Die bereit gestellten Daten sind zur Vertragserf\u00fcllung bzw. zur Durchf\u00fchrung vorvertraglicher Ma\u00dfnahmen erforderlich. Ohne diese Daten k\u00f6nnen wir den Vertrag mit Ihnen nicht abschlie\u00dfen (Mindestbestandteile des Kaufvertrags).<\/p>\n<p>\u200b<em><u>Rechtsgrundlage gesetzliche Verpflichtung:<\/u><\/em><\/p>\n<p>Wir m\u00fcssen Daten, die wir von Ihnen erhalten haben, aufgrund einer gesetzlichen Verpflichtung verarbeiten (gesetzl. Aufbewahrungsfristen).<\/p>\n<p>\u200b<em><u>Rechtsgrundlage\u00a0Berechtigtes Interesse:<\/u><\/em><\/p>\n<p>Wir verarbeiten Ihre personenbezogenen Daten aufgrund berechtigten Interessen zur Direktwerbung bzw. zur Verbesserung unseres Webauftritts.<\/p>\n<p>\u200b<em><u>Speicherdauer\/L\u00f6schungsfrist:<\/u><\/em><\/p>\n<p>Wir speichern Ihre Daten entsprechend der gesetzlichen Verpflichtungen und nicht l\u00e4nger als notwendig, siehe:<u> https:\/\/www.wko.at\/service\/wirtschaftsrecht-gewerberecht\/eu-dsgvo-speicher-und-aufbewahrungsfristen.html?<\/u>.<\/p>\n<p><em><u>Auftragsverarbeiter:<\/u><\/em><\/p>\n<p>F\u00fcr die Datenverarbeitung ziehen wir Auftragsverarbeiter heran: Bestellwesen, Buchhaltung, Lieferanten \/ Spedition.<\/p>\n<p>\u200b<strong>Rechtsbehelfsbelehrung<br \/><\/strong>Da wir die Daten in unseren berechtigten Interessen verarbeiten, haben Sie grunds\u00e4tzlich ein Widerspruchsrecht, wenn bei Ihnen Gr\u00fcnde vorliegen, die sich aus Ihrer besonderen Situation ergeben, die gegen diese Verarbeitung sprechen. Da wir die Daten (auch) f\u00fcr Direktwerbung verarbeiten, k\u00f6nnen Sie gegen diese Verarbeitung f\u00fcr Zwecke der Direktwerbung jederzeit Widerspruch erheben. Ihnen stehen grunds\u00e4tzlich die Rechte auf Auskunft, Berichtigung, L\u00f6schung, Einschr\u00e4nkung, Daten\u00fcbertragbarkeit und Widerspruch zu. Daf\u00fcr wenden Sie sich an uns.<\/p>\n<p><strong>Sie erreichen uns unter folgenden Kontaktdaten<br \/><\/strong>\u200bHaidvogl Engineering e.U.<br \/>Birkenweg 9, 4211 Alberndorf in der Riedmark<br \/>E-Mail: <a href=\"mailto:technik@haidvogl.at?subject=Kontakt von der Datenschutz Seite\">technik@haidvogl.at<\/a><\/p>\n<p>[\/et_pb_text][\/et_pb_column][\/et_pb_row][\/et_pb_section]<\/p>\n","protected":false},"excerpt":{"rendered":"<p>DatenschutzInformationspflichtAufgrund der Datenschutzbestimmungen sind wir verpflichtet, Sie \u00fcber die Verarbeitung Ihrer personenbezogenen Daten zu informieren. Diese Datenschutzerkl\u00e4rung enth\u00e4lt die wichtigsten Aspekte der Datenverarbeitung im Rahmen unserer Gesch\u00e4ftsbeziehung sowie die Verarbeitung personenbezogener Daten beim Besuch dieser Website. Wir weisen darauf hin, dass die Daten\u00fcbertragung im Internet (z.B. bei der Kommunikation per E-Mail) Sicherheitsl\u00fccken aufweisen kann. Ein [&hellip;]<\/p>\n","protected":false},"author":1,"featured_media":0,"parent":0,"menu_order":0,"comment_status":"closed","ping_status":"closed","template":"","meta":{"_et_pb_use_builder":"on","_et_pb_old_content":"","_et_gb_content_width":"","footnotes":""},"class_list":["post-8697","page","type-page","status-publish","hentry"],"_links":{"self":[{"href":"https:\/\/www.haidvogl.at\/index.php\/wp-json\/wp\/v2\/pages\/8697","targetHints":{"allow":["GET"]}}],"collection":[{"href":"https:\/\/www.haidvogl.at\/index.php\/wp-json\/wp\/v2\/pages"}],"about":[{"href":"https:\/\/www.haidvogl.at\/index.php\/wp-json\/wp\/v2\/types\/page"}],"author":[{"embeddable":true,"href":"https:\/\/www.haidvogl.at\/index.php\/wp-json\/wp\/v2\/users\/1"}],"replies":[{"embeddable":true,"href":"https:\/\/www.haidvogl.at\/index.php\/wp-json\/wp\/v2\/comments?post=8697"}],"version-history":[{"count":4,"href":"https:\/\/www.haidvogl.at\/index.php\/wp-json\/wp\/v2\/pages\/8697\/revisions"}],"predecessor-version":[{"id":8703,"href":"https:\/\/www.haidvogl.at\/index.php\/wp-json\/wp\/v2\/pages\/8697\/revisions\/8703"}],"wp:attachment":[{"href":"https:\/\/www.haidvogl.at\/index.php\/wp-json\/wp\/v2\/media?parent=8697"}],"curies":[{"name":"wp","href":"https:\/\/api.w.org\/{rel}","templated":true}]}}