{"id":8657,"date":"2024-11-25T13:36:41","date_gmt":"2024-11-25T13:36:41","guid":{"rendered":"https:\/\/www.haidvogl.at\/?page_id=8657"},"modified":"2025-11-13T18:23:11","modified_gmt":"2025-11-13T18:23:11","slug":"endstufen","status":"publish","type":"page","link":"https:\/\/www.haidvogl.at\/index.php\/endstufen\/","title":{"rendered":"ENDSTUFEN"},"content":{"rendered":"<p>[et_pb_section fb_built=&#8220;1&#8243; _builder_version=&#8220;4.27.3&#8243; _module_preset=&#8220;default&#8220; background_color=&#8220;#303030&#8243; custom_padding=&#8220;||36px|||&#8220; global_colors_info=&#8220;{}&#8220;][et_pb_row _builder_version=&#8220;4.22.1&#8243; _module_preset=&#8220;default&#8220; custom_padding=&#8220;||6px|||&#8220; global_colors_info=&#8220;{}&#8220;][et_pb_column type=&#8220;4_4&#8243; _builder_version=&#8220;4.22.1&#8243; _module_preset=&#8220;default&#8220; global_colors_info=&#8220;{}&#8220;][et_pb_text _builder_version=&#8220;4.27.3&#8243; _module_preset=&#8220;7c7124e3-4c91-4b2a-95a7-240d73fb42d0&#8243; header_4_text_color=&#8220;gcid-afa30cf2-6f5d-4b9c-aa39-7dbe1ac3b7a3&#8243; text_orientation=&#8220;center&#8220; global_colors_info=&#8220;{%22gcid-afa30cf2-6f5d-4b9c-aa39-7dbe1ac3b7a3%22:%91%22header_4_text_color%22%93}&#8220;]<\/p>\n<h4>Produkte<\/h4>\n<p>[\/et_pb_text][et_pb_text _builder_version=&#8220;4.27.3&#8243; _module_preset=&#8220;83fe4b49-b4da-4557-bb01-47b2492f14c4&#8243; header_text_color=&#8220;#FFFFFF&#8220; text_orientation=&#8220;center&#8220; global_colors_info=&#8220;{}&#8220;]<\/p>\n<h1>Endstufen<\/h1>\n<p>[\/et_pb_text][\/et_pb_column][\/et_pb_row][\/et_pb_section][et_pb_section fb_built=&#8220;1&#8243; _builder_version=&#8220;4.27.3&#8243; _module_preset=&#8220;default&#8220; background_color=&#8220;#303030&#8243; custom_padding=&#8220;0px|||||&#8220; global_colors_info=&#8220;{}&#8220;][et_pb_row _builder_version=&#8220;4.27.3&#8243; _module_preset=&#8220;default&#8220; global_colors_info=&#8220;{}&#8220;][et_pb_column type=&#8220;4_4&#8243; _builder_version=&#8220;4.27.3&#8243; _module_preset=&#8220;default&#8220; global_colors_info=&#8220;{}&#8220;][et_pb_image src=&#8220;https:\/\/www.haidvogl.at\/wp-content\/uploads\/2024\/11\/HA5008VU_innen_1200x675.jpg&#8220; alt=&#8220;Haidvogl Audio Endstufe&#8220; title_text=&#8220;HA5008VU_innen_1200x675&#8243; align=&#8220;center&#8220; _builder_version=&#8220;4.27.3&#8243; _module_preset=&#8220;default&#8220; border_radii=&#8220;on|15px|15px|15px|15px&#8220; global_colors_info=&#8220;{}&#8220;][\/et_pb_image][\/et_pb_column][\/et_pb_row][et_pb_row _builder_version=&#8220;4.27.3&#8243; _module_preset=&#8220;default&#8220; custom_padding=&#8220;||||false|false&#8220; global_colors_info=&#8220;{}&#8220;][et_pb_column type=&#8220;4_4&#8243; _builder_version=&#8220;4.27.3&#8243; _module_preset=&#8220;default&#8220; global_colors_info=&#8220;{}&#8220;][et_pb_text _builder_version=&#8220;4.27.3&#8243; _module_preset=&#8220;default&#8220; text_text_color=&#8220;#FFFFFF&#8220; global_colors_info=&#8220;{}&#8220;]<\/p>\n<p>Was alle unsere Endstufen gemeinsam haben:<\/p>\n<ul>\n<li>Sie f\u00fcgen dem Audiosignal keine h\u00f6rbaren Verf\u00e4rbungen oder Verzerrungen hinzu, das gilt f\u00fcr den gesamten Leistungsbereich.<\/li>\n<li>Design by Haidvogl Engineering e.U.<\/li>\n<li>Sie werden bei uns im ober\u00f6sterreichischen M\u00fchlviertel entwickelt und in Handarbeit gebaut.<\/li>\n<li>Alle Holzteile sind aus M\u00fchlviertler Massivholz.<\/li>\n<li>Jeder Verst\u00e4rker ist ein Unikat, das nur Sie besitzen.<\/li>\n<li>Sie sind extrem servicefreundlich aufgebaut.<\/li>\n<\/ul>\n<p>Jeder Verst\u00e4rker wird nach Auftragseingang hergestellt, daher ist mit einer Lieferzeit von ca. 3-4 Wochen zu rechnen.<\/p>\n<p>&nbsp;<\/p>\n<p style=\"text-align: center;\">Entdecken Sie die Welt des hochkar\u00e4tigen Klangs mit unseren exklusiven Endstufen, die nicht nur durch ihre technische Perfektion bestechen, sondern auch durch das unvergleichliche H\u00f6rerlebnis, das sie bieten.<\/p>\n<p style=\"text-align: center;\">Jedes Ger\u00e4t ist ein Meisterwerk, das mit gr\u00f6\u00dfter Sorgfalt und Leidenschaft in \u00d6sterreich gefertigt wird und die Vision von audiophiler Exzellenz verk\u00f6rpert.<br \/>Unsere Philosophie beruht auf der strengen Auswahl der besten Materialien und Komponenten, die in pr\u00e4zisen Fertigungsprozessen zusammengebracht werden.<\/p>\n<p style=\"text-align: center;\">Klangt\u00fcftler und Musikliebhaber haben ma\u00dfgeblich an der Entstehung jeder Neuentwicklung mitgewirkt, um sicherzustellen, dass jedes Detail harmonisch aufeinander abgestimmt ist.<\/p>\n<p style=\"text-align: center;\">Lassen Sie sich von der Kraft des Klangs verf\u00fchren und erleben Sie, was es bedeutet, Musik in einer neuen Dimension zu h\u00f6ren.<\/p>\n<p>[\/et_pb_text][\/et_pb_column][\/et_pb_row][\/et_pb_section]<\/p>\n","protected":false},"excerpt":{"rendered":"<p>ProdukteEndstufenWas alle unsere Endstufen gemeinsam haben: Sie f\u00fcgen dem Audiosignal keine h\u00f6rbaren Verf\u00e4rbungen oder Verzerrungen hinzu, das gilt f\u00fcr den gesamten Leistungsbereich. Design by Haidvogl Engineering e.U. Sie werden bei uns im ober\u00f6sterreichischen M\u00fchlviertel entwickelt und in Handarbeit gebaut. Alle Holzteile sind aus M\u00fchlviertler Massivholz. Jeder Verst\u00e4rker ist ein Unikat, das nur Sie besitzen. Sie [&hellip;]<\/p>\n","protected":false},"author":1,"featured_media":0,"parent":0,"menu_order":0,"comment_status":"closed","ping_status":"closed","template":"","meta":{"_et_pb_use_builder":"on","_et_pb_old_content":"","_et_gb_content_width":"","footnotes":""},"class_list":["post-8657","page","type-page","status-publish","hentry"],"_links":{"self":[{"href":"https:\/\/www.haidvogl.at\/index.php\/wp-json\/wp\/v2\/pages\/8657","targetHints":{"allow":["GET"]}}],"collection":[{"href":"https:\/\/www.haidvogl.at\/index.php\/wp-json\/wp\/v2\/pages"}],"about":[{"href":"https:\/\/www.haidvogl.at\/index.php\/wp-json\/wp\/v2\/types\/page"}],"author":[{"embeddable":true,"href":"https:\/\/www.haidvogl.at\/index.php\/wp-json\/wp\/v2\/users\/1"}],"replies":[{"embeddable":true,"href":"https:\/\/www.haidvogl.at\/index.php\/wp-json\/wp\/v2\/comments?post=8657"}],"version-history":[{"count":13,"href":"https:\/\/www.haidvogl.at\/index.php\/wp-json\/wp\/v2\/pages\/8657\/revisions"}],"predecessor-version":[{"id":9761,"href":"https:\/\/www.haidvogl.at\/index.php\/wp-json\/wp\/v2\/pages\/8657\/revisions\/9761"}],"wp:attachment":[{"href":"https:\/\/www.haidvogl.at\/index.php\/wp-json\/wp\/v2\/media?parent=8657"}],"curies":[{"name":"wp","href":"https:\/\/api.w.org\/{rel}","templated":true}]}}