{"id":8649,"date":"2024-11-25T13:22:52","date_gmt":"2024-11-25T13:22:52","guid":{"rendered":"https:\/\/www.haidvogl.at\/?page_id=8649"},"modified":"2025-11-13T18:37:36","modified_gmt":"2025-11-13T18:37:36","slug":"ha1508","status":"publish","type":"page","link":"https:\/\/www.haidvogl.at\/index.php\/ha1508\/","title":{"rendered":"HA1508"},"content":{"rendered":"<p>[et_pb_section fb_built=&#8220;1&#8243; _builder_version=&#8220;4.27.3&#8243; _module_preset=&#8220;default&#8220; background_color=&#8220;#303030&#8243; custom_padding=&#8220;||17px|||&#8220; global_colors_info=&#8220;{}&#8220;][et_pb_row _builder_version=&#8220;4.27.3&#8243; _module_preset=&#8220;default&#8220; custom_padding=&#8220;||2px|||&#8220; global_colors_info=&#8220;{}&#8220;][et_pb_column type=&#8220;4_4&#8243; _builder_version=&#8220;4.22.1&#8243; _module_preset=&#8220;default&#8220; global_colors_info=&#8220;{}&#8220;][et_pb_text _builder_version=&#8220;4.27.3&#8243; _module_preset=&#8220;7c7124e3-4c91-4b2a-95a7-240d73fb42d0&#8243; header_4_text_color=&#8220;gcid-afa30cf2-6f5d-4b9c-aa39-7dbe1ac3b7a3&#8243; text_orientation=&#8220;center&#8220; global_colors_info=&#8220;{%22gcid-afa30cf2-6f5d-4b9c-aa39-7dbe1ac3b7a3%22:%91%22header_4_text_color%22%93}&#8220;]<\/p>\n<h4>Produkte<\/h4>\n<p>[\/et_pb_text][et_pb_text _builder_version=&#8220;4.27.3&#8243; _module_preset=&#8220;83fe4b49-b4da-4557-bb01-47b2492f14c4&#8243; text_font_size=&#8220;8px&#8220; header_text_color=&#8220;#FFFFFF&#8220; text_orientation=&#8220;center&#8220; custom_margin=&#8220;||0px|||&#8220; global_colors_info=&#8220;{}&#8220;]<\/p>\n<h1 style=\"text-align: center;\">HA1508<\/h1>\n<p>[\/et_pb_text][\/et_pb_column][\/et_pb_row][\/et_pb_section][et_pb_section fb_built=&#8220;1&#8243; _builder_version=&#8220;4.27.3&#8243; _module_preset=&#8220;default&#8220; background_color=&#8220;#303030&#8243; custom_margin=&#8220;||||false|false&#8220; custom_padding=&#8220;28px||||false|false&#8220; global_colors_info=&#8220;{}&#8220;][et_pb_row _builder_version=&#8220;4.27.3&#8243; _module_preset=&#8220;default&#8220; global_colors_info=&#8220;{}&#8220;][et_pb_column type=&#8220;4_4&#8243; _builder_version=&#8220;4.27.3&#8243; _module_preset=&#8220;default&#8220; global_colors_info=&#8220;{}&#8220;][et_pb_text _builder_version=&#8220;4.27.4&#8243; _module_preset=&#8220;default&#8220; text_text_color=&#8220;#FFFFFF&#8220; hover_enabled=&#8220;0&#8243; global_colors_info=&#8220;{}&#8220; custom_padding=&#8220;||2px|||&#8220; sticky_enabled=&#8220;0&#8243;]<\/p>\n<p style=\"text-align: center;\">Der Leistungsverst\u00e4rker HA1508 und ist die ideale Wahl f\u00fcr Lautsprecher mit hohem Wirkungsgrad.<br \/>F\u00fcr audiophile Enthusiasten, ein Verst\u00e4rker der Superlative zur Audiosignalwiedergabe in reinster Form.<br \/>Unser HA1508 liefert trotz seiner kompakten Bauweise satten Klang und feine Details im Sound zu einem unglaublichen Preis-Leistungs-Verh\u00e4ltnis.<\/p>\n<p>[\/et_pb_text][\/et_pb_column][\/et_pb_row][et_pb_row _builder_version=&#8220;4.27.3&#8243; _module_preset=&#8220;default&#8220; global_colors_info=&#8220;{}&#8220;][et_pb_column type=&#8220;4_4&#8243; _builder_version=&#8220;4.27.3&#8243; _module_preset=&#8220;default&#8220; global_colors_info=&#8220;{}&#8220;][et_pb_image src=&#8220;https:\/\/www.haidvogl.at\/wp-content\/uploads\/2024\/11\/HA1508.jpg&#8220; alt=&#8220;HA1508 Haidvogl Audio&#8220; title_text=&#8220;HA1508&#8243; align=&#8220;center&#8220; _builder_version=&#8220;4.27.3&#8243; _module_preset=&#8220;default&#8220; border_radii=&#8220;on|15px|15px|15px|15px&#8220; global_colors_info=&#8220;{}&#8220;][\/et_pb_image][\/et_pb_column][\/et_pb_row][et_pb_row _builder_version=&#8220;4.27.3&#8243; _module_preset=&#8220;default&#8220; global_colors_info=&#8220;{}&#8220;][et_pb_column type=&#8220;4_4&#8243; _builder_version=&#8220;4.27.3&#8243; _module_preset=&#8220;default&#8220; global_colors_info=&#8220;{}&#8220;][et_pb_text _builder_version=&#8220;4.27.4&#8243; _module_preset=&#8220;default&#8220; text_text_color=&#8220;#FFFFFF&#8220; global_colors_info=&#8220;{}&#8220;]<\/p>\n<p style=\"text-align: center;\"><strong>Allgemeines<br \/><\/strong>Modell: HA1508 &#8211; Power-AMP Serie.<br \/>Typ: Audio-Endstufe.<br \/>Design: Flugzeugaluminium schwarz eloxiert mit Holzdekor.<br \/>Abmessungen: 212mm \u00d7 72mm \u00d7 275mm (B\u00d7H\u00d7T) inkl. LS-Klemmen.<br \/>Gewicht: 3,68 kg<\/p>\n<p style=\"text-align: center;\"><strong>Besonderheiten<br \/><\/strong>Geh\u00e4use: Alu \/ Massivholz.<br \/>Konstruiert und hergestellt in unserem Haus.<br \/>Ma\u00dfgefertigte Ladekondensatoren, welche die Leistungsreserven weiter erh\u00f6hen.<br \/>Hochwertige Lautsprecheranschl\u00fcsse.<br \/>Das System liefert absolute Klangreinheit und bietet Ihnen unvergleichliche Flexibilit\u00e4t f\u00fcr ein ultimatives Audioerlebnis.<br \/>Jedem Verst\u00e4rker liegt ein Messprotokoll f\u00fcr Frequenzgang, Verzerrungen und Rauschen bei.<\/p>\n<p style=\"text-align: center;\"><strong>Kompromisslose Konstruktion<br \/><\/strong>Extrem kompakt mit technisch durchdachtem Design.<\/p>\n<p style=\"text-align: center;\"><strong>Perfekt symmetrisch:<br \/><\/strong>Mit einer pr\u00e4zisen Signalf\u00fchrung und perfekter Kanaltrennung der linken und rechten Seite<br \/>bietet der HA1508 eine beeindruckende Klangb\u00fchne.<\/p>\n<p style=\"text-align: center;\"><strong>M\u00fchelose Kraft<br \/><\/strong>Dank des gro\u00dfen Ringkerntransformators und spezieller Ladekondensatoren mit hoher Kapazit\u00e4t<br \/>liefert der HA1508 ausreichend Leistung f\u00fcr hochwertige Lautsprecher und meistert problemlos anspruchsvolle Audiopassagen.<\/p>\n<p style=\"text-align: center;\"><strong>Professionelle Anschl\u00fcsse<br \/><\/strong>Hochwertige Anschl\u00fcsse sorgen f\u00fcr eine perfekte Verbindung zu Ihren Lautsprechern.<br \/>Der HA1508 ist ein sehr kompakter Leistungsverst\u00e4rker und die ideale Wahl f\u00fcr audiophile Enthusiasten, die hohe Anspr\u00fcche an Klangqualit\u00e4t und Leistung stellen.<br \/>Tauchen Sie ein in die Welt des HA1508 und erleben Sie Ihre Lieblingsmusik in ihrer reinsten Form.<\/p>\n<p>[\/et_pb_text][\/et_pb_column][\/et_pb_row][et_pb_row _builder_version=&#8220;4.27.3&#8243; _module_preset=&#8220;default&#8220; width=&#8220;85%&#8220; global_colors_info=&#8220;{}&#8220;][et_pb_column type=&#8220;4_4&#8243; _builder_version=&#8220;4.27.3&#8243; _module_preset=&#8220;default&#8220; global_colors_info=&#8220;{}&#8220;][et_pb_image src=&#8220;https:\/\/www.haidvogl.at\/wp-content\/uploads\/2024\/11\/HA1508_hinten_1000x371.jpg&#8220; alt=&#8220;HA1508 Endstufe&#8220; title_text=&#8220;HA1508_hinten_1000x371&#8243; align=&#8220;center&#8220; _builder_version=&#8220;4.27.3&#8243; _module_preset=&#8220;default&#8220; border_radii=&#8220;on|15px|15px|15px|15px&#8220; global_colors_info=&#8220;{}&#8220;][\/et_pb_image][\/et_pb_column][\/et_pb_row][et_pb_row _builder_version=&#8220;4.27.3&#8243; _module_preset=&#8220;default&#8220; custom_margin=&#8220;|auto|7px|auto||&#8220; global_colors_info=&#8220;{}&#8220;][et_pb_column type=&#8220;4_4&#8243; _builder_version=&#8220;4.27.3&#8243; _module_preset=&#8220;default&#8220; global_colors_info=&#8220;{}&#8220;][et_pb_text _builder_version=&#8220;4.27.3&#8243; _module_preset=&#8220;default&#8220; text_text_color=&#8220;#FFFFFF&#8220; custom_padding=&#8220;|||12px||&#8220; global_colors_info=&#8220;{}&#8220;]<\/p>\n<p><strong>Technische Daten<br \/><\/strong>Eing\u00e4nge: Cinch \/ RCA 2,2 V, 10 kOhm<br \/>Ausg\u00e4nge: Polklemmen 1 Lautsprecherpaar<br \/>Netzspannung: 230 VAC<br \/>min. Watt: 18,5 W<br \/>max. Watt: 372,6 W<strong><br \/><\/strong>Dauerleistung &#8211; Sinus<br \/>8 Ohm: 2 \u00d7 75 W<br \/>4 Ohm: 2 \u00d7 100 W<br \/>Gesamtklirrfaktor: 0,0032 % bei 1 Watt Ausgang<br \/>Frequenzgang: 20\u201340.000 Hz (+0, \u22120,9 dB)<br \/>Ger\u00e4uschspannungsabstand: 102 dB (Eingang kurzgeschlossen)<\/p>\n<p>[\/et_pb_text][\/et_pb_column][\/et_pb_row][et_pb_row _builder_version=&#8220;4.27.3&#8243; _module_preset=&#8220;default&#8220; custom_margin=&#8220;|auto|60px|auto||&#8220; global_colors_info=&#8220;{}&#8220;][et_pb_column type=&#8220;4_4&#8243; _builder_version=&#8220;4.27.3&#8243; _module_preset=&#8220;default&#8220; global_colors_info=&#8220;{}&#8220;][et_pb_text _builder_version=&#8220;4.27.4&#8243; _module_preset=&#8220;default&#8220; text_text_color=&#8220;#FFFFFF&#8220; global_colors_info=&#8220;{}&#8220;]<\/p>\n<p style=\"text-align: center;\"><strong>Kaufpreis in Euro<span>\u00a0<\/span><\/strong>inkl.20%Mwst.:<span>\u00a0<\/span><strong>980,\u2013<\/strong><\/p>\n<p style=\"text-align: center;\">F\u00fcr weitere Informationen und Beratung stehen wir Ihnen jedezeit zur Verf\u00fcgung.<\/p>\n<p style=\"text-align: center;\">Vereinbaren Sie noch heute einen unverbindlichen Vorf\u00fchrtermin.<\/p>\n<p>[\/et_pb_text][\/et_pb_column][\/et_pb_row][\/et_pb_section]<\/p>\n","protected":false},"excerpt":{"rendered":"<p>ProdukteHA1508Der Leistungsverst\u00e4rker HA1508 und ist die ideale Wahl f\u00fcr Lautsprecher mit hohem Wirkungsgrad.F\u00fcr audiophile Enthusiasten, ein Verst\u00e4rker der Superlative zur Audiosignalwiedergabe in reinster Form.Unser HA1508 liefert trotz seiner kompakten Bauweise satten Klang und feine Details im Sound zu einem unglaublichen Preis-Leistungs-Verh\u00e4ltnis.AllgemeinesModell: HA1508 &#8211; Power-AMP Serie.Typ: Audio-Endstufe.Design: Flugzeugaluminium schwarz eloxiert mit Holzdekor.Abmessungen: 212mm \u00d7 72mm \u00d7 [&hellip;]<\/p>\n","protected":false},"author":1,"featured_media":0,"parent":0,"menu_order":0,"comment_status":"closed","ping_status":"closed","template":"","meta":{"_et_pb_use_builder":"on","_et_pb_old_content":"","_et_gb_content_width":"","footnotes":""},"class_list":["post-8649","page","type-page","status-publish","hentry"],"_links":{"self":[{"href":"https:\/\/www.haidvogl.at\/index.php\/wp-json\/wp\/v2\/pages\/8649","targetHints":{"allow":["GET"]}}],"collection":[{"href":"https:\/\/www.haidvogl.at\/index.php\/wp-json\/wp\/v2\/pages"}],"about":[{"href":"https:\/\/www.haidvogl.at\/index.php\/wp-json\/wp\/v2\/types\/page"}],"author":[{"embeddable":true,"href":"https:\/\/www.haidvogl.at\/index.php\/wp-json\/wp\/v2\/users\/1"}],"replies":[{"embeddable":true,"href":"https:\/\/www.haidvogl.at\/index.php\/wp-json\/wp\/v2\/comments?post=8649"}],"version-history":[{"count":24,"href":"https:\/\/www.haidvogl.at\/index.php\/wp-json\/wp\/v2\/pages\/8649\/revisions"}],"predecessor-version":[{"id":9766,"href":"https:\/\/www.haidvogl.at\/index.php\/wp-json\/wp\/v2\/pages\/8649\/revisions\/9766"}],"wp:attachment":[{"href":"https:\/\/www.haidvogl.at\/index.php\/wp-json\/wp\/v2\/media?parent=8649"}],"curies":[{"name":"wp","href":"https:\/\/api.w.org\/{rel}","templated":true}]}}