{"id":8621,"date":"2024-11-25T12:46:57","date_gmt":"2024-11-25T12:46:57","guid":{"rendered":"https:\/\/www.haidvogl.at\/?page_id=8621"},"modified":"2025-01-20T09:00:06","modified_gmt":"2025-01-20T09:00:06","slug":"rep-serv-modi","status":"publish","type":"page","link":"https:\/\/www.haidvogl.at\/index.php\/rep-serv-modi\/","title":{"rendered":"REP-SERV-MODI"},"content":{"rendered":"<p>[et_pb_section fb_built=&#8220;1&#8243; _builder_version=&#8220;4.27.3&#8243; _module_preset=&#8220;default&#8220; background_color=&#8220;#303030&#8243; global_colors_info=&#8220;{}&#8220;][et_pb_row _builder_version=&#8220;4.22.1&#8243; _module_preset=&#8220;default&#8220; global_colors_info=&#8220;{}&#8220;][et_pb_column type=&#8220;4_4&#8243; _builder_version=&#8220;4.22.1&#8243; _module_preset=&#8220;default&#8220; global_colors_info=&#8220;{}&#8220;][et_pb_text _builder_version=&#8220;4.24.2&#8243; _module_preset=&#8220;7c7124e3-4c91-4b2a-95a7-240d73fb42d0&#8243; header_4_text_color=&#8220;gcid-afa30cf2-6f5d-4b9c-aa39-7dbe1ac3b7a3&#8243; text_orientation=&#8220;center&#8220; global_colors_info=&#8220;{%22gcid-afa30cf2-6f5d-4b9c-aa39-7dbe1ac3b7a3%22:%91%22header_4_text_color%22%93}&#8220;]<\/p>\n<h4>Services<\/h4>\n<p>[\/et_pb_text][et_pb_text _builder_version=&#8220;4.27.3&#8243; _module_preset=&#8220;83fe4b49-b4da-4557-bb01-47b2492f14c4&#8243; header_text_color=&#8220;#FFFFFF&#8220; text_orientation=&#8220;center&#8220; global_colors_info=&#8220;{}&#8220;]<\/p>\n<h1 style=\"text-align: center;\">Reparatur<br \/>Service<br \/>Modifikation<\/h1>\n<p>[\/et_pb_text][\/et_pb_column][\/et_pb_row][et_pb_row _builder_version=&#8220;4.27.4&#8243; _module_preset=&#8220;default&#8220; global_colors_info=&#8220;{}&#8220;][et_pb_column type=&#8220;4_4&#8243; _builder_version=&#8220;4.27.4&#8243; _module_preset=&#8220;default&#8220; global_colors_info=&#8220;{}&#8220;][et_pb_text _builder_version=&#8220;4.27.4&#8243; _module_preset=&#8220;default&#8220; text_text_color=&#8220;#FFFFFF&#8220; hover_enabled=&#8220;0&#8243; global_colors_info=&#8220;{}&#8220; sticky_enabled=&#8220;0&#8243;]<\/p>\n<p style=\"text-align: center;\">In unserer HiFi Werkstatt verbinden wir Leidenschaft und Handwerkskunst, um jedes Ger\u00e4t in ein Klangjuwel zu verwandeln.<br \/>Unser erfahrenes Team setzt sich mit Hingabe daf\u00fcr ein, Ihre Audioger\u00e4te nicht nur zu reparieren, sondern ihnen auch eine neue Dimension des Klangs zu verleihen. Ob durch pr\u00e4zise Wartung oder individuelle Modifikationen, wir sorgen daf\u00fcr, dass Ihr Audioerlebnis stets auf dem h\u00f6chsten Niveau bleibt.<\/p>\n<p style=\"text-align: center;\">Besuchen Sie uns und entdecken Sie, wie wir Ihre Technik zu neuem Leben erwecken k\u00f6nnen.<\/p>\n<p style=\"text-align: center;\">Wir beraten Sie gerne unverbindlich.<\/p>\n<p style=\"text-align: center;\">Spezialisiert sind wir vorrangig auf Revox und Studer Ger\u00e4te.<br \/>Aber auch alle anderen h\u00f6herwertigen Ger\u00e4te sind bei uns willkommen.<\/p>\n<p>[\/et_pb_text][\/et_pb_column][\/et_pb_row][et_pb_row _builder_version=&#8220;4.27.4&#8243; _module_preset=&#8220;default&#8220; global_colors_info=&#8220;{}&#8220;][et_pb_column type=&#8220;4_4&#8243; _builder_version=&#8220;4.27.4&#8243; _module_preset=&#8220;default&#8220; global_colors_info=&#8220;{}&#8220;][et_pb_image src=&#8220;https:\/\/www.haidvogl.at\/wp-content\/uploads\/2025\/01\/DSC00008.jpg&#8220; alt=&#8220;Haidvogl-Audio&#8220; title_text=&#8220;Revox-Werkstatt&#8220; align=&#8220;center&#8220; _builder_version=&#8220;4.27.4&#8243; _module_preset=&#8220;default&#8220; border_radii=&#8220;on|15px|15px|15px|15px&#8220; global_colors_info=&#8220;{}&#8220;][\/et_pb_image][\/et_pb_column][\/et_pb_row][\/et_pb_section]<\/p>\n","protected":false},"excerpt":{"rendered":"<p>ServicesReparaturServiceModifikationIn unserer HiFi Werkstatt verbinden wir Leidenschaft und Handwerkskunst, um jedes Ger\u00e4t in ein Klangjuwel zu verwandeln.Unser erfahrenes Team setzt sich mit Hingabe daf\u00fcr ein, Ihre Audioger\u00e4te nicht nur zu reparieren, sondern ihnen auch eine neue Dimension des Klangs zu verleihen. Ob durch pr\u00e4zise Wartung oder individuelle Modifikationen, wir sorgen daf\u00fcr, dass Ihr Audioerlebnis stets [&hellip;]<\/p>\n","protected":false},"author":1,"featured_media":0,"parent":0,"menu_order":0,"comment_status":"closed","ping_status":"closed","template":"","meta":{"_et_pb_use_builder":"on","_et_pb_old_content":"","_et_gb_content_width":"","footnotes":""},"class_list":["post-8621","page","type-page","status-publish","hentry"],"_links":{"self":[{"href":"https:\/\/www.haidvogl.at\/index.php\/wp-json\/wp\/v2\/pages\/8621","targetHints":{"allow":["GET"]}}],"collection":[{"href":"https:\/\/www.haidvogl.at\/index.php\/wp-json\/wp\/v2\/pages"}],"about":[{"href":"https:\/\/www.haidvogl.at\/index.php\/wp-json\/wp\/v2\/types\/page"}],"author":[{"embeddable":true,"href":"https:\/\/www.haidvogl.at\/index.php\/wp-json\/wp\/v2\/users\/1"}],"replies":[{"embeddable":true,"href":"https:\/\/www.haidvogl.at\/index.php\/wp-json\/wp\/v2\/comments?post=8621"}],"version-history":[{"count":10,"href":"https:\/\/www.haidvogl.at\/index.php\/wp-json\/wp\/v2\/pages\/8621\/revisions"}],"predecessor-version":[{"id":9325,"href":"https:\/\/www.haidvogl.at\/index.php\/wp-json\/wp\/v2\/pages\/8621\/revisions\/9325"}],"wp:attachment":[{"href":"https:\/\/www.haidvogl.at\/index.php\/wp-json\/wp\/v2\/media?parent=8621"}],"curies":[{"name":"wp","href":"https:\/\/api.w.org\/{rel}","templated":true}]}}