{"id":8546,"date":"2024-11-25T09:11:47","date_gmt":"2024-11-25T09:11:47","guid":{"rendered":"https:\/\/www.haidvogl.at\/?page_id=8546"},"modified":"2024-11-25T16:25:00","modified_gmt":"2024-11-25T16:25:00","slug":"wir-ueber-uns","status":"publish","type":"page","link":"https:\/\/www.haidvogl.at\/index.php\/wir-ueber-uns\/","title":{"rendered":"WIR \u00fcber UNS"},"content":{"rendered":"<p>[et_pb_section fb_built=&#8220;1&#8243; _builder_version=&#8220;4.27.3&#8243; _module_preset=&#8220;default&#8220; background_color=&#8220;#303030&#8243; custom_padding=&#8220;||3px|||&#8220; global_colors_info=&#8220;{}&#8220; theme_builder_area=&#8220;post_content&#8220;][et_pb_row _builder_version=&#8220;4.22.1&#8243; _module_preset=&#8220;default&#8220; global_colors_info=&#8220;{}&#8220; theme_builder_area=&#8220;post_content&#8220;][et_pb_column type=&#8220;4_4&#8243; _builder_version=&#8220;4.22.1&#8243; _module_preset=&#8220;default&#8220; global_colors_info=&#8220;{}&#8220; theme_builder_area=&#8220;post_content&#8220;][et_pb_text _builder_version=&#8220;4.27.3&#8243; _module_preset=&#8220;83fe4b49-b4da-4557-bb01-47b2492f14c4&#8243; header_text_color=&#8220;#FFFFFF&#8220; text_orientation=&#8220;center&#8220; custom_margin=&#8220;||1px|||&#8220; hover_enabled=&#8220;0&#8243; global_colors_info=&#8220;{}&#8220; theme_builder_area=&#8220;post_content&#8220; sticky_enabled=&#8220;0&#8243;]<\/p>\n<h1>Wir \u00fcber uns<\/h1>\n<p>[\/et_pb_text][\/et_pb_column][\/et_pb_row][\/et_pb_section][et_pb_section fb_built=&#8220;1&#8243; _builder_version=&#8220;4.27.3&#8243; _module_preset=&#8220;default&#8220; background_color=&#8220;#303030&#8243; global_colors_info=&#8220;{}&#8220; custom_padding=&#8220;2px|||||&#8220;][et_pb_row _builder_version=&#8220;4.27.3&#8243; _module_preset=&#8220;default&#8220; global_colors_info=&#8220;{}&#8220;][et_pb_column type=&#8220;4_4&#8243; _builder_version=&#8220;4.27.3&#8243; _module_preset=&#8220;default&#8220; global_colors_info=&#8220;{}&#8220;][et_pb_text _builder_version=&#8220;4.27.3&#8243; _module_preset=&#8220;default&#8220; text_text_color=&#8220;#FFFFFF&#8220; hover_enabled=&#8220;0&#8243; global_colors_info=&#8220;{}&#8220; sticky_enabled=&#8220;0&#8243;]<\/p>\n<p><strong>Gegr\u00fcndet<\/strong>\u00a0wurde das Unternehmen\u00a0<strong>1983<\/strong> vom Radio und Fernsehmechaniker Leopold Haidvogl als Kabel-TV Alberndorf Ges.m.b.H.<br \/>Der T\u00e4tigkeitsbereich des Unternehmens war die Errichtung von Kabel-Fernsehnetzen im M\u00fchlviertel und die Reparatur von Radio, HiFi Anlagen und Fernsehger\u00e4ten. Aber schon zu dieser Zeit entwickelte und baute Leopold Haidvogl hochwertige HiFi-Endstufen.<\/p>\n<p><strong>1989<\/strong> wurde der T\u00e4tigkeitsbereich um die professionelle Film- und Fernsehproduktion erweitert.<br \/>Schon damals wurde neben der Videoqualit\u00e4t auch gro\u00dfes Augenmerk auf die Audioqualit\u00e4t gelegt.<br \/>Es wurde ein professionelles TV-Studio eingerichtet und f\u00fcr die Industrie und f\u00fcr Fernsehanstalten produziert.<\/p>\n<p>Ende\u00a0<strong>2000<\/strong> beschlossen Leopold Haidvogl und seine Frau Doris die Filmproduktion zu beenden.<\/p>\n<p>Seit <strong>2001<\/strong> werden technische Sonderl\u00f6sungen in vielen Bereichen entwickelt und produziert.<\/p>\n<p>Im Jahr <strong>2020<\/strong> erfolgt die Umgr\u00fcndung der Haidvogl Film KG, vormals Kabel-TV Alberndorf Ges.m.b.H., in die Haidvogl Engineering e.U.<\/p>\n<p>Und da alte Liebe nicht rostet, wurden <strong>2024<\/strong> alte Fachkenntnisse aus der Gr\u00fcndungszeit wieder aktiviert und so begann man sich wieder mit Audiotechnik im High-End Bereich und professioneller Studiotechnik zu besch\u00e4ftigen.<br \/>Heute werden im Haus wertvolle Rarit\u00e4ten im HI-FI Bereich repariert, restauriert und optimiert.<\/p>\n<p>[\/et_pb_text][\/et_pb_column][\/et_pb_row][\/et_pb_section]<\/p>\n","protected":false},"excerpt":{"rendered":"<p>Wir \u00fcber unsGegr\u00fcndet\u00a0wurde das Unternehmen\u00a01983 vom Radio und Fernsehmechaniker Leopold Haidvogl als Kabel-TV Alberndorf Ges.m.b.H.Der T\u00e4tigkeitsbereich des Unternehmens war die Errichtung von Kabel-Fernsehnetzen im M\u00fchlviertel und die Reparatur von Radio, HiFi Anlagen und Fernsehger\u00e4ten. Aber schon zu dieser Zeit entwickelte und baute Leopold Haidvogl hochwertige HiFi-Endstufen. 1989 wurde der T\u00e4tigkeitsbereich um die professionelle Film- und [&hellip;]<\/p>\n","protected":false},"author":1,"featured_media":0,"parent":0,"menu_order":0,"comment_status":"closed","ping_status":"closed","template":"","meta":{"_et_pb_use_builder":"on","_et_pb_old_content":"","_et_gb_content_width":"","footnotes":""},"class_list":["post-8546","page","type-page","status-publish","hentry"],"_links":{"self":[{"href":"https:\/\/www.haidvogl.at\/index.php\/wp-json\/wp\/v2\/pages\/8546","targetHints":{"allow":["GET"]}}],"collection":[{"href":"https:\/\/www.haidvogl.at\/index.php\/wp-json\/wp\/v2\/pages"}],"about":[{"href":"https:\/\/www.haidvogl.at\/index.php\/wp-json\/wp\/v2\/types\/page"}],"author":[{"embeddable":true,"href":"https:\/\/www.haidvogl.at\/index.php\/wp-json\/wp\/v2\/users\/1"}],"replies":[{"embeddable":true,"href":"https:\/\/www.haidvogl.at\/index.php\/wp-json\/wp\/v2\/comments?post=8546"}],"version-history":[{"count":6,"href":"https:\/\/www.haidvogl.at\/index.php\/wp-json\/wp\/v2\/pages\/8546\/revisions"}],"predecessor-version":[{"id":8715,"href":"https:\/\/www.haidvogl.at\/index.php\/wp-json\/wp\/v2\/pages\/8546\/revisions\/8715"}],"wp:attachment":[{"href":"https:\/\/www.haidvogl.at\/index.php\/wp-json\/wp\/v2\/media?parent=8546"}],"curies":[{"name":"wp","href":"https:\/\/api.w.org\/{rel}","templated":true}]}}