{"id":8520,"date":"2024-11-25T07:54:38","date_gmt":"2024-11-25T07:54:38","guid":{"rendered":"https:\/\/www.haidvogl.at\/?page_id=8520"},"modified":"2024-11-25T16:09:44","modified_gmt":"2024-11-25T16:09:44","slug":"agb","status":"publish","type":"page","link":"https:\/\/www.haidvogl.at\/index.php\/agb\/","title":{"rendered":"AGB"},"content":{"rendered":"<p>[et_pb_section fb_built=&#8220;1&#8243; _builder_version=&#8220;4.27.3&#8243; _module_preset=&#8220;default&#8220; background_color=&#8220;#303030&#8243; custom_padding=&#8220;||3px|||&#8220; global_colors_info=&#8220;{}&#8220; theme_builder_area=&#8220;post_content&#8220;][et_pb_row _builder_version=&#8220;4.22.1&#8243; _module_preset=&#8220;default&#8220; global_colors_info=&#8220;{}&#8220; theme_builder_area=&#8220;post_content&#8220;][et_pb_column type=&#8220;4_4&#8243; _builder_version=&#8220;4.22.1&#8243; _module_preset=&#8220;default&#8220; global_colors_info=&#8220;{}&#8220; theme_builder_area=&#8220;post_content&#8220;][et_pb_text _builder_version=&#8220;4.27.3&#8243; _module_preset=&#8220;83fe4b49-b4da-4557-bb01-47b2492f14c4&#8243; header_text_color=&#8220;#FFFFFF&#8220; text_orientation=&#8220;center&#8220; custom_margin=&#8220;||1px|||&#8220; hover_enabled=&#8220;0&#8243; global_colors_info=&#8220;{}&#8220; theme_builder_area=&#8220;post_content&#8220; sticky_enabled=&#8220;0&#8243;]<\/p>\n<h1>AGB<\/h1>\n<p>[\/et_pb_text][\/et_pb_column][\/et_pb_row][\/et_pb_section][et_pb_section fb_built=&#8220;1&#8243; _builder_version=&#8220;4.27.3&#8243; _module_preset=&#8220;default&#8220; background_color=&#8220;#303030&#8243; global_colors_info=&#8220;{}&#8220;][et_pb_row _builder_version=&#8220;4.27.3&#8243; _module_preset=&#8220;default&#8220; global_colors_info=&#8220;{}&#8220; custom_padding=&#8220;0px|||||&#8220;][et_pb_column type=&#8220;4_4&#8243; _builder_version=&#8220;4.27.3&#8243; _module_preset=&#8220;default&#8220; global_colors_info=&#8220;{}&#8220;][et_pb_text _builder_version=&#8220;4.27.3&#8243; _module_preset=&#8220;default&#8220; text_text_color=&#8220;#FFFFFF&#8220; hover_enabled=&#8220;0&#8243; global_colors_info=&#8220;{}&#8220; sticky_enabled=&#8220;0&#8243; min_height=&#8220;1542.8px&#8220;]<\/p>\n<p><strong>1. GELTUNGSBEREICH<br \/><\/strong>Es gelten f\u00fcr die Gesch\u00e4ftsbeziehung zwischen Haidvogl Engineering e.U., Birkenweg 9, 4211 Alberndorf i.d.Riedmark, im Folgenden kurz \u201eVerk\u00e4ufer\u201c genannt, und dem Besteller bzw. K\u00e4ufer ausschlie\u00dflich die nachfolgenden Allgemeinen Gesch\u00e4ftsbedingungen (AGB) in ihrer zum Zeitpunkt der Bestellung g\u00fcltigen Fassung.<br \/>Soweit nicht ausdr\u00fccklich Gegenteiliges schriftlich vereinbart wurde, gelten diese f\u00fcr alle Lieferungen von Waren und Dienstleistungen, die aufgrund von Bestellungen von Verbrauchern (im Sinne des KSchG) im Fernabsatz erfolgen bzw. sinngem\u00e4\u00df auch f\u00fcr Vertr\u00e4ge, die au\u00dferhalb der Gesch\u00e4ftsr\u00e4umlichkeiten des Verk\u00e4ufers abgeschlossen wurden.<br \/>Abweichende Bedingungen, \u00c4nderungen oder Erg\u00e4nzungen dieses Vertrages sind nur wirksam, wenn sie vom Verk\u00e4ufer schriftlich best\u00e4tigt worden sind.<br \/>Achtung! Diese Gesch\u00e4ftsbedingungen werden im Fernabsatz durch das Absenden Ihrer Bestellung Bestandteil des Vertrags.<\/p>\n<p>Verbraucher im Sinne dieser AGB ist jede nat\u00fcrliche Person, die ein Rechtsgesch\u00e4ft zu Zwecken abschlie\u00dft, die \u00fcberwiegend weder ihrer gewerblichen noch ihrer selbst\u00e4ndigen beruflichen T\u00e4tigkeit zugerechnet werden k\u00f6nnen.<\/p>\n<p>Unternehmer im Sinne dieser AGB ist eine nat\u00fcrliche oder juristische Person oder eine rechtsf\u00e4hige Personengesellschaft, die bei Abschluss eines Rechtsgesch\u00e4fts in Aus\u00fcbung ihrer gewerblichen oder selbst\u00e4ndigen beruflichen T\u00e4tigkeit handelt.<br \/><strong><\/strong><\/p>\n<p><strong>2. ONLINE-BESTELLUNG<br \/><\/strong>Unsere Angebote sind zur G\u00e4nze freibleibend \u2013 Lieferungen erfolgen, solange der Vorrat reicht. Im Fernabsatz kommt ein Vertrag nach Absenden einer Bestellung durch den K\u00e4ufer erst durch unsere Auftragsbest\u00e4tigung bzw. durch Lieferung zustande.\u00a0Die automatisch versandte Best\u00e4tigung der Bestellung dient lediglich Ihrer Information und Kontrolle und gilt nicht als Auftragsbest\u00e4tigung.<br \/>Festgestellte Abweichungen von Ihrer Bestellung sind unverz\u00fcglich nach Zugang der Auftragsbest\u00e4tigung bzw. andernfalls sp\u00e4testens nach Erhalt der Ware mittels Einwendung \u2013 schriftlich an Haidvogl Engineering e.U., Birkenweg 9, 4211 Alberndorf in der Riedmark, oder per Mail an technik@haidvogl.at, aufzuzeigen.<br \/>Der Verk\u00e4ufer ist berechtigt, Bestellungen nicht oder nur zum Teil anzunehmen. Sofern eine Ablehnung der Bestellung verk\u00e4uferseitig erfolgt, wird der Verk\u00e4ufer eine unverz\u00fcgliche Mitteilung an Sie t\u00e4tigen.<\/p>\n<p><strong>3. PREISE UND VERSANDKOSTEN<br \/><\/strong>Bei Online-Bestellungen gelten die im Internet angegebenen Preise. Durch Ihre Bestellung akzeptieren Sie die dort angef\u00fchrten Preise und Versandspesen.<\/p>\n<p>Die genannten Produktpreise sind in Euro und verstehen sich inklusive gesetzlicher Umsatzsteuer, ohne Lieferkosten und ohne Nebenleistungen.<br \/>Die Versandkosten werden im Zuge des Bestellvorgangs automatisch errechnet und dem Besteller bekanntgegeben und in Rechnung gestellt.<br \/>Bei Lieferungen au\u00dferhalb der L\u00e4nder der Europ\u00e4ischen Union (EU) k\u00f6nnen zus\u00e4tzliche Geb\u00fchren (bspw. f\u00fcr Ausfuhr, Einfuhr und Zoll) sowie die Einfuhrumsatzsteuer anfallen.<br \/>Schreib-, Druck- und Rechenfehler sowie au\u00dferordentliche Preis\u00e4nderungen sind vorbehalten.<br \/><strong><\/strong><\/p>\n<p><strong>4. ZAHLUNG<br \/><\/strong>Die Zahlung erfolgt unmittelbar im Online Shop mit der vom Besteller ausgew\u00e4hlten Zahlungsmethode.<br \/><strong><\/strong><\/p>\n<p><strong>5. R\u00dcCKTRITTSRECHT<br \/><\/strong>Der Besteller kann innerhalb von 14 Tagen ab Zugang der Ware schriftlich, per mail oder durch R\u00fccksendung der Ware vom Kaufvertrag zur\u00fccktreten.<br \/>Im Fall des R\u00fccktritts findet eine g\u00e4nzliche oder teilweise R\u00fcckerstattung des Kaufpreises nur Zug um Zug gegen Zur\u00fcckstellung der vom Besteller erhaltenen Waren statt.<br \/>Die Kosten und Risiken der R\u00fccksendung gehen zu Lasten des K\u00e4ufers.<br \/>Die Ware ist in ungen\u00fctztem und in neu wiederverkaufsf\u00e4higem Zustand in der Originalverpackung an den Verk\u00e4ufer zur\u00fcckzuschicken. Weisen Artikel Gebrauchsspuren auf oder ist die Verpackung besch\u00e4digt bzw. erfolgt die R\u00fccksendung unfrei, so wird vom Verk\u00e4ufer ein angemessenes Entgelt f\u00fcr die Wertminderung bzw. die entstandenen Kosten einbehalten.<br \/><strong><\/strong><\/p>\n<p><strong>6. LIEFERUNG UND LIEFERZEIT<br \/><\/strong>Wir liefern auf dem schnellsten Wege per Paketdienst, Post oder Spedition. Selbstabholung ist nur nach Vereinbarung m\u00f6glich.<\/p>\n<p><strong><\/strong><strong>7.TRANSPORTSCH\u00c4DEN, REKLAMATIONEN<br \/><\/strong>Die Ware ist nach der Ablieferung unverz\u00fcglich zu untersuchen. Dabei festgestellte M\u00e4ngel sind unverz\u00fcglich, sp\u00e4testens aber innerhalb von 3 Tagen nach Ablieferung unter Bekanntgabe von Art und Umfang des Mangels dem Verk\u00e4ufer bekannt zu geben.<br \/>Versteckte M\u00e4ngel sind unverz\u00fcglich nach ihrer Entdeckung zu r\u00fcgen.<br \/>Offensichtliche Besch\u00e4digungen\/M\u00e4ngel sind am Lieferschein zu vermerken.<br \/><strong><\/strong><\/p>\n<p><strong>8. SCHADENERSATZ UND PRODUKTHAFTUNG<br \/><\/strong>Schadenersatzanspr\u00fcche in F\u00e4llen leichter Fahrl\u00e4ssigkeit sind \u2013 mit Ausnahme im Fall von Personensch\u00e4den \u2013 ausgeschlossen. Allf\u00e4llige Regressforderungen, die aus dem Titel Produkthaftung im Sinne des Produkthaftungsgesetzes gegen uns gerichtet werden, sind ausgeschlossen, soweit der Regressberechtigte nicht nachweist, dass der Fehler in unserer Sph\u00e4re verursacht und zumindest grob fahrl\u00e4ssig verschuldet worden ist.<br \/><strong><\/strong><\/p>\n<p><strong>9. EIGENTUMSVORBEHALT<br \/><\/strong>Die gelieferte Ware bleibt bis zur vollst\u00e4ndigen Bezahlung Eigentum des Verk\u00e4ufers.<br \/><strong><\/strong><\/p>\n<p><strong>10. Erf\u00fcllungsort und Rechtswahl<br \/><\/strong>Erf\u00fcllungsort ist der Sitz unseres Unternehmens in 4211 Alberndorf in der Riedmark, Birkenweg 9.<br \/>Es gilt ausschlie\u00dflich \u00f6sterreichisches materielles Recht unter Ausschluss des UN-Kaufrechts sowie des internationalen Privatrechts inklusive seiner Verweisungsnormen.<br \/>Die Vertragssprache ist Deutsch.<\/p>\n<p>[\/et_pb_text][\/et_pb_column][\/et_pb_row][et_pb_row _builder_version=&#8220;4.27.3&#8243; _module_preset=&#8220;default&#8220; custom_padding=&#8220;0px||46px|||&#8220; global_colors_info=&#8220;{}&#8220;][et_pb_column type=&#8220;4_4&#8243; _builder_version=&#8220;4.27.3&#8243; _module_preset=&#8220;default&#8220; global_colors_info=&#8220;{}&#8220;][et_pb_text _builder_version=&#8220;4.27.3&#8243; _dynamic_attributes=&#8220;content&#8220; _module_preset=&#8220;default&#8220; text_text_color=&#8220;#FFFFFF&#8220; global_colors_info=&#8220;{}&#8220;]@ET-DC@eyJkeW5hbWljIjp0cnVlLCJjb250ZW50IjoiY3VycmVudF9kYXRlIiwic2V0dGluZ3MiOnsiYmVmb3JlIjoiU3RhbmQ6ICIsImFmdGVyIjoiIiwiZGF0ZV9mb3JtYXQiOiJjdXN0b20iLCJjdXN0b21fZGF0ZV9mb3JtYXQiOiIyMHkifX0=@[\/et_pb_text][\/et_pb_column][\/et_pb_row][\/et_pb_section]<\/p>\n","protected":false},"excerpt":{"rendered":"<p>AGB1. GELTUNGSBEREICHEs gelten f\u00fcr die Gesch\u00e4ftsbeziehung zwischen Haidvogl Engineering e.U., Birkenweg 9, 4211 Alberndorf i.d.Riedmark, im Folgenden kurz \u201eVerk\u00e4ufer\u201c genannt, und dem Besteller bzw. K\u00e4ufer ausschlie\u00dflich die nachfolgenden Allgemeinen Gesch\u00e4ftsbedingungen (AGB) in ihrer zum Zeitpunkt der Bestellung g\u00fcltigen Fassung.Soweit nicht ausdr\u00fccklich Gegenteiliges schriftlich vereinbart wurde, gelten diese f\u00fcr alle Lieferungen von Waren und Dienstleistungen, die [&hellip;]<\/p>\n","protected":false},"author":1,"featured_media":0,"parent":0,"menu_order":0,"comment_status":"closed","ping_status":"closed","template":"","meta":{"_et_pb_use_builder":"on","_et_pb_old_content":"","_et_gb_content_width":"","footnotes":""},"class_list":["post-8520","page","type-page","status-publish","hentry"],"_links":{"self":[{"href":"https:\/\/www.haidvogl.at\/index.php\/wp-json\/wp\/v2\/pages\/8520","targetHints":{"allow":["GET"]}}],"collection":[{"href":"https:\/\/www.haidvogl.at\/index.php\/wp-json\/wp\/v2\/pages"}],"about":[{"href":"https:\/\/www.haidvogl.at\/index.php\/wp-json\/wp\/v2\/types\/page"}],"author":[{"embeddable":true,"href":"https:\/\/www.haidvogl.at\/index.php\/wp-json\/wp\/v2\/users\/1"}],"replies":[{"embeddable":true,"href":"https:\/\/www.haidvogl.at\/index.php\/wp-json\/wp\/v2\/comments?post=8520"}],"version-history":[{"count":5,"href":"https:\/\/www.haidvogl.at\/index.php\/wp-json\/wp\/v2\/pages\/8520\/revisions"}],"predecessor-version":[{"id":8705,"href":"https:\/\/www.haidvogl.at\/index.php\/wp-json\/wp\/v2\/pages\/8520\/revisions\/8705"}],"wp:attachment":[{"href":"https:\/\/www.haidvogl.at\/index.php\/wp-json\/wp\/v2\/media?parent=8520"}],"curies":[{"name":"wp","href":"https:\/\/api.w.org\/{rel}","templated":true}]}}