{"id":8512,"date":"2024-11-25T07:43:53","date_gmt":"2024-11-25T07:43:53","guid":{"rendered":"https:\/\/www.haidvogl.at\/?page_id=8512"},"modified":"2024-11-27T10:48:38","modified_gmt":"2024-11-27T10:48:38","slug":"ankauf","status":"publish","type":"page","link":"https:\/\/www.haidvogl.at\/index.php\/ankauf\/","title":{"rendered":"ANKAUF"},"content":{"rendered":"<p>[et_pb_section fb_built=&#8220;1&#8243; _builder_version=&#8220;4.27.3&#8243; _module_preset=&#8220;default&#8220; background_color=&#8220;#303030&#8243; custom_padding=&#8220;||4px|||&#8220; global_colors_info=&#8220;{}&#8220;][et_pb_row _builder_version=&#8220;4.22.1&#8243; _module_preset=&#8220;default&#8220; global_colors_info=&#8220;{}&#8220;][et_pb_column type=&#8220;4_4&#8243; _builder_version=&#8220;4.22.1&#8243; _module_preset=&#8220;default&#8220; global_colors_info=&#8220;{}&#8220;][et_pb_text _builder_version=&#8220;4.27.3&#8243; _module_preset=&#8220;83fe4b49-b4da-4557-bb01-47b2492f14c4&#8243; header_text_color=&#8220;#FFFFFF&#8220; text_orientation=&#8220;center&#8220; global_colors_info=&#8220;{}&#8220;]<\/p>\n<h1>Ankauf<\/h1>\n<p>[\/et_pb_text][\/et_pb_column][\/et_pb_row][et_pb_row _builder_version=&#8220;4.27.3&#8243; _module_preset=&#8220;default&#8220;][et_pb_column _builder_version=&#8220;4.27.3&#8243; _module_preset=&#8220;default&#8220; type=&#8220;4_4&#8243;][et_pb_image src=&#8220;https:\/\/www.haidvogl.at\/wp-content\/uploads\/2024\/11\/A810-detail-1200&#215;675-1.jpg&#8220; _builder_version=&#8220;4.27.3&#8243; _module_preset=&#8220;default&#8220; alt=&#8220;Haidvogl-Audio&#8220; title_text=&#8220;A810-detail&#8220; align=&#8220;center&#8220; width=&#8220;80%&#8220; hover_enabled=&#8220;0&#8243; sticky_enabled=&#8220;0&#8243; border_radii=&#8220;on|15px|15px|15px|15px&#8220;][\/et_pb_image][\/et_pb_column][\/et_pb_row][\/et_pb_section][et_pb_section fb_built=&#8220;1&#8243; _builder_version=&#8220;4.27.3&#8243; _module_preset=&#8220;default&#8220; background_color=&#8220;#303030&#8243; custom_padding=&#8220;13px|||||&#8220; global_colors_info=&#8220;{}&#8220;][et_pb_row _builder_version=&#8220;4.27.3&#8243; _module_preset=&#8220;default&#8220; global_colors_info=&#8220;{}&#8220;][et_pb_column type=&#8220;4_4&#8243; _builder_version=&#8220;4.27.3&#8243; _module_preset=&#8220;default&#8220; global_colors_info=&#8220;{}&#8220;][et_pb_text _builder_version=&#8220;4.27.3&#8243; _module_preset=&#8220;default&#8220; text_text_color=&#8220;#FFFFFF&#8220; global_colors_info=&#8220;{}&#8220;]<\/p>\n<p><strong>REVOX &#8211; STUDER &#8211; ANKAUF<\/strong><br \/><strong>zu H\u00f6chstpreisen.<\/strong><\/p>\n<p>Wir sind st\u00e4ndig auf der Suche nach gut erhaltenen gebrauchten Revox und Studer Ger\u00e4ten sowie deren Zubeh\u00f6r.<br \/>Der optische Zustand des Ger\u00e4tes ist uns sehr wichtig, technische M\u00e4ngel stellen f\u00fcr uns kein Problem dar!<\/p>\n<p>&nbsp;<\/p>\n<p>Wie ist der Ablauf f\u00fcr einen Ankauf bei Haidvogl-Audio?<\/p>\n<ul>\n<li>Nehmen Sie mit uns Kontakt per <a href=\"mailto:technik@haidvogl.at?Subject=Bez\u00fcglich Ankauf\">e-mail<\/a> auf.<\/li>\n<li>Schicken Sie uns aussagekr\u00e4ftige Fotos vom Ger\u00e4t.<\/li>\n<li>Nennen Sie uns Ihre Preisvorstellung.<\/li>\n<\/ul>\n<p>Erst nach sorgf\u00e4ltiger Pr\u00fcfung des Ger\u00e4tes bei uns im Labor oder bei Ihnen vor Ort, k\u00f6nnen wir \u00fcber einen endg\u00fcltigen Kaufpreis verhandeln.<br \/>Je genauer und realistischer Sie uns ihr Ger\u00e4t im Vorfeld beschreiben, desto passender ist auch unsere Beurteilung!<\/p>\n<p>[\/et_pb_text][\/et_pb_column][\/et_pb_row][\/et_pb_section]<\/p>\n","protected":false},"excerpt":{"rendered":"<p>AnkaufREVOX &#8211; STUDER &#8211; ANKAUFzu H\u00f6chstpreisen. Wir sind st\u00e4ndig auf der Suche nach gut erhaltenen gebrauchten Revox und Studer Ger\u00e4ten sowie deren Zubeh\u00f6r.Der optische Zustand des Ger\u00e4tes ist uns sehr wichtig, technische M\u00e4ngel stellen f\u00fcr uns kein Problem dar! &nbsp; Wie ist der Ablauf f\u00fcr einen Ankauf bei Haidvogl-Audio? Nehmen Sie mit uns Kontakt per [&hellip;]<\/p>\n","protected":false},"author":1,"featured_media":0,"parent":0,"menu_order":0,"comment_status":"closed","ping_status":"closed","template":"","meta":{"_et_pb_use_builder":"on","_et_pb_old_content":"","_et_gb_content_width":"","footnotes":""},"class_list":["post-8512","page","type-page","status-publish","hentry"],"_links":{"self":[{"href":"https:\/\/www.haidvogl.at\/index.php\/wp-json\/wp\/v2\/pages\/8512","targetHints":{"allow":["GET"]}}],"collection":[{"href":"https:\/\/www.haidvogl.at\/index.php\/wp-json\/wp\/v2\/pages"}],"about":[{"href":"https:\/\/www.haidvogl.at\/index.php\/wp-json\/wp\/v2\/types\/page"}],"author":[{"embeddable":true,"href":"https:\/\/www.haidvogl.at\/index.php\/wp-json\/wp\/v2\/users\/1"}],"replies":[{"embeddable":true,"href":"https:\/\/www.haidvogl.at\/index.php\/wp-json\/wp\/v2\/comments?post=8512"}],"version-history":[{"count":6,"href":"https:\/\/www.haidvogl.at\/index.php\/wp-json\/wp\/v2\/pages\/8512\/revisions"}],"predecessor-version":[{"id":9009,"href":"https:\/\/www.haidvogl.at\/index.php\/wp-json\/wp\/v2\/pages\/8512\/revisions\/9009"}],"wp:attachment":[{"href":"https:\/\/www.haidvogl.at\/index.php\/wp-json\/wp\/v2\/media?parent=8512"}],"curies":[{"name":"wp","href":"https:\/\/api.w.org\/{rel}","templated":true}]}}