{"id":8505,"date":"2024-11-25T07:39:34","date_gmt":"2024-11-25T07:39:34","guid":{"rendered":"https:\/\/www.haidvogl.at\/?page_id=8505"},"modified":"2025-11-13T19:34:31","modified_gmt":"2025-11-13T19:34:31","slug":"zubehoer","status":"publish","type":"page","link":"https:\/\/www.haidvogl.at\/index.php\/zubehoer\/","title":{"rendered":"ZUBEH\u00d6R"},"content":{"rendered":"<p>[et_pb_section fb_built=&#8220;1&#8243; _builder_version=&#8220;4.27.3&#8243; _module_preset=&#8220;default&#8220; background_color=&#8220;#303030&#8243; custom_padding=&#8220;||6px|||&#8220; global_colors_info=&#8220;{}&#8220;][et_pb_row _builder_version=&#8220;4.22.1&#8243; _module_preset=&#8220;default&#8220; global_colors_info=&#8220;{}&#8220;][et_pb_column type=&#8220;4_4&#8243; _builder_version=&#8220;4.22.1&#8243; _module_preset=&#8220;default&#8220; global_colors_info=&#8220;{}&#8220;][et_pb_text _builder_version=&#8220;4.27.3&#8243; _module_preset=&#8220;83fe4b49-b4da-4557-bb01-47b2492f14c4&#8243; header_text_color=&#8220;#FFFFFF&#8220; text_orientation=&#8220;center&#8220; global_colors_info=&#8220;{}&#8220;]<\/p>\n<h1>Zubeh\u00f6r<\/h1>\n<p>[\/et_pb_text][\/et_pb_column][\/et_pb_row][et_pb_row _builder_version=&#8220;4.27.4&#8243; _module_preset=&#8220;default&#8220; global_colors_info=&#8220;{}&#8220;][et_pb_column type=&#8220;4_4&#8243; _builder_version=&#8220;4.27.4&#8243; _module_preset=&#8220;default&#8220; global_colors_info=&#8220;{}&#8220;][et_pb_image src=&#8220;https:\/\/www.haidvogl.at\/wp-content\/uploads\/2025\/01\/fb430d6d-15b6-4dcd-acb2-381e8b0c8bdf_out-1200&#215;688.jpg&#8220; alt=&#8220;Haidvogl-Audio&#8220; title_text=&#8220;Audio-Zubeh\u00f6r&#8220; align=&#8220;center&#8220; _builder_version=&#8220;4.27.4&#8243; _module_preset=&#8220;default&#8220; width=&#8220;100%&#8220; max_width=&#8220;93%&#8220; border_radii=&#8220;on|15px|15px|15px|15px&#8220; global_colors_info=&#8220;{}&#8220;][\/et_pb_image][\/et_pb_column][\/et_pb_row][et_pb_row _builder_version=&#8220;4.27.3&#8243; _module_preset=&#8220;default&#8220; global_colors_info=&#8220;{}&#8220;][et_pb_column type=&#8220;4_4&#8243; _builder_version=&#8220;4.27.3&#8243; _module_preset=&#8220;default&#8220; global_colors_info=&#8220;{}&#8220;][et_pb_text _builder_version=&#8220;4.27.4&#8243; _module_preset=&#8220;default&#8220; text_text_color=&#8220;#FFFFFF&#8220; global_colors_info=&#8220;{}&#8220;]<\/p>\n<p style=\"text-align: center;\">Entdecken Sie bei uns eine erlesene Auswahl an HiFi Audio Zubeh\u00f6r, das Ihre Musikleidenschaft auf ein neues Level hebt.<br \/>Jedes Produkt in unserem Sortiment wurde sorgf\u00e4ltig von uns produziert oder ausgew\u00e4hlt, um Ihnen nicht nur Funktionalit\u00e4t, sondern auch \u00c4sthetik zu bieten.<br \/>Ob Kabel, Netzfilter oder Netzaufbeitungsanlage, wir bieten Ihnen die perfekten Begleiter f\u00fcr Ihre HiFi-Anlage, die nicht nur die Klangqualit\u00e4t optimieren, sondern auch das Gesamtbild Ihrer Einrichtung aufwerten.<br \/>Tauchen Sie ein in die Welt des erstklassigen Sounds und genie\u00dfen Sie jeden Ton in seiner reinsten Form.<\/p>\n<p style=\"text-align: center;\">\n<p style=\"text-align: center;\"><strong>F\u00fcr detailierte Informationen zu unserem Zubeh\u00f6rsortiment sprechen Sie uns bitte an !<\/strong><\/p>\n<p>[\/et_pb_text][\/et_pb_column][\/et_pb_row][\/et_pb_section]<\/p>\n","protected":false},"excerpt":{"rendered":"<p>Zubeh\u00f6rEntdecken Sie bei uns eine erlesene Auswahl an HiFi Audio Zubeh\u00f6r, das Ihre Musikleidenschaft auf ein neues Level hebt.Jedes Produkt in unserem Sortiment wurde sorgf\u00e4ltig von uns produziert oder ausgew\u00e4hlt, um Ihnen nicht nur Funktionalit\u00e4t, sondern auch \u00c4sthetik zu bieten.Ob Kabel, Netzfilter oder Netzaufbeitungsanlage, wir bieten Ihnen die perfekten Begleiter f\u00fcr Ihre HiFi-Anlage, die nicht [&hellip;]<\/p>\n","protected":false},"author":1,"featured_media":0,"parent":0,"menu_order":0,"comment_status":"closed","ping_status":"closed","template":"","meta":{"_et_pb_use_builder":"on","_et_pb_old_content":"","_et_gb_content_width":"","footnotes":""},"class_list":["post-8505","page","type-page","status-publish","hentry"],"_links":{"self":[{"href":"https:\/\/www.haidvogl.at\/index.php\/wp-json\/wp\/v2\/pages\/8505","targetHints":{"allow":["GET"]}}],"collection":[{"href":"https:\/\/www.haidvogl.at\/index.php\/wp-json\/wp\/v2\/pages"}],"about":[{"href":"https:\/\/www.haidvogl.at\/index.php\/wp-json\/wp\/v2\/types\/page"}],"author":[{"embeddable":true,"href":"https:\/\/www.haidvogl.at\/index.php\/wp-json\/wp\/v2\/users\/1"}],"replies":[{"embeddable":true,"href":"https:\/\/www.haidvogl.at\/index.php\/wp-json\/wp\/v2\/comments?post=8505"}],"version-history":[{"count":41,"href":"https:\/\/www.haidvogl.at\/index.php\/wp-json\/wp\/v2\/pages\/8505\/revisions"}],"predecessor-version":[{"id":9807,"href":"https:\/\/www.haidvogl.at\/index.php\/wp-json\/wp\/v2\/pages\/8505\/revisions\/9807"}],"wp:attachment":[{"href":"https:\/\/www.haidvogl.at\/index.php\/wp-json\/wp\/v2\/media?parent=8505"}],"curies":[{"name":"wp","href":"https:\/\/api.w.org\/{rel}","templated":true}]}}