{"id":8492,"date":"2024-11-25T07:29:26","date_gmt":"2024-11-25T07:29:26","guid":{"rendered":"https:\/\/www.haidvogl.at\/?page_id=8492"},"modified":"2025-11-13T18:27:56","modified_gmt":"2025-11-13T18:27:56","slug":"produkte","status":"publish","type":"page","link":"https:\/\/www.haidvogl.at\/index.php\/produkte\/","title":{"rendered":"PRODUKTE"},"content":{"rendered":"<p>[et_pb_section fb_built=&#8220;1&#8243; _builder_version=&#8220;4.27.3&#8243; _module_preset=&#8220;default&#8220; background_color=&#8220;#303030&#8243; custom_padding=&#8220;||7px|||&#8220; global_colors_info=&#8220;{}&#8220;][et_pb_row _builder_version=&#8220;4.22.1&#8243; _module_preset=&#8220;default&#8220; global_colors_info=&#8220;{}&#8220;][et_pb_column type=&#8220;4_4&#8243; _builder_version=&#8220;4.22.1&#8243; _module_preset=&#8220;default&#8220; global_colors_info=&#8220;{}&#8220;][et_pb_text _builder_version=&#8220;4.27.3&#8243; _module_preset=&#8220;83fe4b49-b4da-4557-bb01-47b2492f14c4&#8243; header_text_color=&#8220;#FFFFFF&#8220; text_orientation=&#8220;center&#8220; global_colors_info=&#8220;{}&#8220;]<\/p>\n<h1>Produkte<\/h1>\n<p>[\/et_pb_text][\/et_pb_column][\/et_pb_row][\/et_pb_section][et_pb_section fb_built=&#8220;1&#8243; _builder_version=&#8220;4.27.3&#8243; _module_preset=&#8220;default&#8220; background_color=&#8220;#303030&#8243; custom_padding=&#8220;4px||60px|||&#8220; global_colors_info=&#8220;{}&#8220;][et_pb_row _builder_version=&#8220;4.27.4&#8243; _module_preset=&#8220;default&#8220; global_colors_info=&#8220;{}&#8220;][et_pb_column type=&#8220;4_4&#8243; _builder_version=&#8220;4.27.4&#8243; _module_preset=&#8220;default&#8220; global_colors_info=&#8220;{}&#8220;][et_pb_image src=&#8220;https:\/\/www.haidvogl.at\/wp-content\/uploads\/2025\/11\/SubBassModul.jpg&#8220; alt=&#8220;Haidvogl-Audio&#8220; title_text=&#8220;Haidvogl-Audio&#8220; align=&#8220;center&#8220; _builder_version=&#8220;4.27.4&#8243; _module_preset=&#8220;default&#8220; animation_style=&#8220;slide&#8220; border_radii=&#8220;on|15px|15px|15px|15px&#8220; global_colors_info=&#8220;{}&#8220;][\/et_pb_image][\/et_pb_column][\/et_pb_row][et_pb_row _builder_version=&#8220;4.27.3&#8243; _module_preset=&#8220;default&#8220; custom_margin=&#8220;|auto|1px|auto||&#8220; custom_padding=&#8220;||4px|||&#8220; global_colors_info=&#8220;{}&#8220;][et_pb_column type=&#8220;4_4&#8243; _builder_version=&#8220;4.27.3&#8243; _module_preset=&#8220;default&#8220; global_colors_info=&#8220;{}&#8220;][et_pb_text _builder_version=&#8220;4.27.4&#8243; _module_preset=&#8220;default&#8220; text_text_color=&#8220;#FFFFFF&#8220; custom_margin=&#8220;||5px|||&#8220; custom_padding=&#8220;||0px|||&#8220; global_colors_info=&#8220;{}&#8220;]<\/p>\n<p style=\"text-align: center;\">Unsere Produkte sind handgefertigt und werden entwickelt &amp; hergestellt in \u00d6sterreich.<\/p>\n<p style=\"text-align: center;\">Es werden ausschlie\u00dflich handselektierte &amp; gepr\u00fcfte Bauteile verwendet.<\/p>\n<p style=\"text-align: center;\">Jedes Ger\u00e4t durchl\u00e4uft vor Auslieferung ein aufw\u00e4ndiges Testprozedere<br \/>im Anschluss folgt immer ein Dauertest.<\/p>\n<p style=\"text-align: center;\">Bei Neuentwicklungen werden H\u00f6rtests von Tontechnikern und hochrangigen Musikern durchgef\u00fchrt.<\/p>\n<p style=\"text-align: center;\">Jedes Produkt wird nach Auftragseingang gebaut, daher ist mit einer Lieferzeit von ca. 3-4 Wochen zu rechnen.<\/p>\n<p style=\"text-align: center;\">Jedes Ger\u00e4t ist ein Meisterwerk, das mit gr\u00f6\u00dfter Sorgfalt und Leidenschaft in \u00d6sterreich gefertigt wird und die Vision von audiophiler Exzellenz verk\u00f6rpert.<\/p>\n<p style=\"text-align: center;\">Klangt\u00fcftler und Musikliebhaber haben ma\u00dfgeblich an der Entstehung jeder Neuentwicklung mitgewirkt, um sicherzustellen, dass jedes Detail harmonisch aufeinander abgestimmt ist.<\/p>\n<p>[\/et_pb_text][\/et_pb_column][\/et_pb_row][et_pb_row _builder_version=&#8220;4.27.4&#8243; _module_preset=&#8220;default&#8220; custom_padding=&#8220;5px|||||&#8220; global_colors_info=&#8220;{}&#8220;][et_pb_column type=&#8220;4_4&#8243; _builder_version=&#8220;4.27.4&#8243; _module_preset=&#8220;default&#8220; global_colors_info=&#8220;{}&#8220;][et_pb_divider divider_weight=&#8220;4px&#8220; _builder_version=&#8220;4.27.4&#8243; _module_preset=&#8220;default&#8220; global_colors_info=&#8220;{}&#8220;][\/et_pb_divider][\/et_pb_column][\/et_pb_row][et_pb_row _builder_version=&#8220;4.27.3&#8243; _module_preset=&#8220;default&#8220; custom_padding=&#8220;11px|||||&#8220; global_colors_info=&#8220;{}&#8220;][et_pb_column type=&#8220;4_4&#8243; _builder_version=&#8220;4.27.3&#8243; _module_preset=&#8220;default&#8220; global_colors_info=&#8220;{}&#8220;][et_pb_text _builder_version=&#8220;4.27.3&#8243; _module_preset=&#8220;default&#8220; text_text_color=&#8220;#FFFFFF&#8220; custom_margin=&#8220;-19px|||||&#8220; custom_padding=&#8220;8px|||||&#8220; global_colors_info=&#8220;{}&#8220;]<\/p>\n<p style=\"text-align: center;\">Sich auf dem Audio High-End Markt unverkennbar zu platzieren ist heutzutage nicht einfach.<br \/>Im Ringen um die Bekanntheit wird mit klangf\u00f6rdernden und technischen Argumenten umhergeworfen die alle Mitbewerber wie von gestern wirken lassen.<br \/>Was dann wirklich dahinter steckt ist oft zweitrangig.<br \/>Und \u00fcberhaupt, was spricht eigentlich gegen Techniker von gestern die jahrzehntelange Erfahrung mitbringen ?<\/p>\n<p>[\/et_pb_text][\/et_pb_column][\/et_pb_row][\/et_pb_section]<\/p>\n","protected":false},"excerpt":{"rendered":"<p>ProdukteUnsere Produkte sind handgefertigt und werden entwickelt &amp; hergestellt in \u00d6sterreich. Es werden ausschlie\u00dflich handselektierte &amp; gepr\u00fcfte Bauteile verwendet. Jedes Ger\u00e4t durchl\u00e4uft vor Auslieferung ein aufw\u00e4ndiges Testprozedereim Anschluss folgt immer ein Dauertest. Bei Neuentwicklungen werden H\u00f6rtests von Tontechnikern und hochrangigen Musikern durchgef\u00fchrt. Jedes Produkt wird nach Auftragseingang gebaut, daher ist mit einer Lieferzeit von ca. [&hellip;]<\/p>\n","protected":false},"author":1,"featured_media":0,"parent":0,"menu_order":0,"comment_status":"closed","ping_status":"closed","template":"","meta":{"_et_pb_use_builder":"on","_et_pb_old_content":"","_et_gb_content_width":"","footnotes":""},"class_list":["post-8492","page","type-page","status-publish","hentry"],"_links":{"self":[{"href":"https:\/\/www.haidvogl.at\/index.php\/wp-json\/wp\/v2\/pages\/8492","targetHints":{"allow":["GET"]}}],"collection":[{"href":"https:\/\/www.haidvogl.at\/index.php\/wp-json\/wp\/v2\/pages"}],"about":[{"href":"https:\/\/www.haidvogl.at\/index.php\/wp-json\/wp\/v2\/types\/page"}],"author":[{"embeddable":true,"href":"https:\/\/www.haidvogl.at\/index.php\/wp-json\/wp\/v2\/users\/1"}],"replies":[{"embeddable":true,"href":"https:\/\/www.haidvogl.at\/index.php\/wp-json\/wp\/v2\/comments?post=8492"}],"version-history":[{"count":38,"href":"https:\/\/www.haidvogl.at\/index.php\/wp-json\/wp\/v2\/pages\/8492\/revisions"}],"predecessor-version":[{"id":9763,"href":"https:\/\/www.haidvogl.at\/index.php\/wp-json\/wp\/v2\/pages\/8492\/revisions\/9763"}],"wp:attachment":[{"href":"https:\/\/www.haidvogl.at\/index.php\/wp-json\/wp\/v2\/media?parent=8492"}],"curies":[{"name":"wp","href":"https:\/\/api.w.org\/{rel}","templated":true}]}}